{"id":3560,"date":"2021-05-10T17:39:31","date_gmt":"2021-05-10T17:39:31","guid":{"rendered":"https:\/\/blogsaverroes.juntadeandalucia.es\/colegioginesmorata\/?page_id=3560"},"modified":"2023-05-15T13:11:32","modified_gmt":"2023-05-15T13:11:32","slug":"proyecto-linguistico-de-centro-p-l-c","status":"publish","type":"page","link":"https:\/\/blogsaverroes.juntadeandalucia.es\/colegioginesmorata\/?page_id=3560","title":{"rendered":"Proyecto ling\u00fc\u00edstico de centro\/ P.L.C."},"content":{"rendered":"<h2>Proyecto Ling\u00fc\u00edstico de Centro<\/h2>\n<p>C\u00f3mo trabajamos la Competencia Ling\u00fc\u00edstica en el Centro<\/p>\n<p><a href=\"https:\/\/sites.google.com\/g.educaand.es\/pcl-ginesmorata\/home\"><img loading=\"lazy\" decoding=\"async\" class=\"aligncenter wp-image-3563 size-medium\" src=\"https:\/\/blogsaverroes.juntadeandalucia.es\/colegioginesmorata\/files\/2021\/05\/pngegg-1-300x184.png\" alt=\"\" width=\"300\" height=\"184\" srcset=\"https:\/\/blogsaverroes.juntadeandalucia.es\/colegioginesmorata\/files\/2021\/05\/pngegg-1-300x184.png 300w, https:\/\/blogsaverroes.juntadeandalucia.es\/colegioginesmorata\/files\/2021\/05\/pngegg-1-1024x628.png 1024w, https:\/\/blogsaverroes.juntadeandalucia.es\/colegioginesmorata\/files\/2021\/05\/pngegg-1-768x471.png 768w, https:\/\/blogsaverroes.juntadeandalucia.es\/colegioginesmorata\/files\/2021\/05\/pngegg-1.png 1217w\" sizes=\"(max-width: 300px) 100vw, 300px\" \/><\/a><\/p>\n<h6>&nbsp; &nbsp; &nbsp; &nbsp; &nbsp; &nbsp; &nbsp; &nbsp; &nbsp; &nbsp; &nbsp; &nbsp; &nbsp; &nbsp; &nbsp; &nbsp; &nbsp; &nbsp; &nbsp; &nbsp; &nbsp; &nbsp; &nbsp; &nbsp; &nbsp; &nbsp; &nbsp; &nbsp; &nbsp; &nbsp; &nbsp; &nbsp; &nbsp; &nbsp; &nbsp; &nbsp; &nbsp; &nbsp; &nbsp; &nbsp; &nbsp; &nbsp; &nbsp; &nbsp; &nbsp; &nbsp; &nbsp; &nbsp; &nbsp;&nbsp;<a href=\"https:\/\/sites.google.com\/g.educaand.es\/pcl-ginesmorata\/home\"> &nbsp; &nbsp;(haz click para acceder al proyecto en la web)<\/a><\/h6>\n<h2 style=\"text-align: center\">V\u00eddeo de presentaci\u00f3n<\/h2>\n<p style=\"text-align: center\">As\u00ed trabajamos la Competencia ling\u00fc\u00edstica desde los 3 a\u00f1os hasta los 12<\/p>\n<p><iframe loading=\"lazy\" src=\"https:\/\/www.youtube.com\/embed\/N7CnMXlVvaE\" width=\"560\" height=\"315\" frameborder=\"0\"><\/iframe><\/p>\n","protected":false},"excerpt":{"rendered":"<p>Proyecto Ling\u00fc\u00edstico de Centro C\u00f3mo trabajamos la Competencia Ling\u00fc\u00edstica en el Centro &nbsp; &nbsp; &nbsp; &nbsp; &nbsp; &nbsp; &nbsp; &nbsp; &nbsp; &nbsp; &nbsp; &nbsp; &nbsp;&hellip;<\/p>\n","protected":false},"author":600,"featured_media":0,"parent":0,"menu_order":0,"comment_status":"closed","ping_status":"closed","template":"","meta":{"ngg_post_thumbnail":0,"footnotes":"","_mc_calendar":[]},"aioseo_notices":[],"_links":{"self":[{"href":"https:\/\/blogsaverroes.juntadeandalucia.es\/colegioginesmorata\/index.php?rest_route=\/wp\/v2\/pages\/3560"}],"collection":[{"href":"https:\/\/blogsaverroes.juntadeandalucia.es\/colegioginesmorata\/index.php?rest_route=\/wp\/v2\/pages"}],"about":[{"href":"https:\/\/blogsaverroes.juntadeandalucia.es\/colegioginesmorata\/index.php?rest_route=\/wp\/v2\/types\/page"}],"author":[{"embeddable":true,"href":"https:\/\/blogsaverroes.juntadeandalucia.es\/colegioginesmorata\/index.php?rest_route=\/wp\/v2\/users\/600"}],"replies":[{"embeddable":true,"href":"https:\/\/blogsaverroes.juntadeandalucia.es\/colegioginesmorata\/index.php?rest_route=%2Fwp%2Fv2%2Fcomments&post=3560"}],"version-history":[{"count":6,"href":"https:\/\/blogsaverroes.juntadeandalucia.es\/colegioginesmorata\/index.php?rest_route=\/wp\/v2\/pages\/3560\/revisions"}],"predecessor-version":[{"id":5828,"href":"https:\/\/blogsaverroes.juntadeandalucia.es\/colegioginesmorata\/index.php?rest_route=\/wp\/v2\/pages\/3560\/revisions\/5828"}],"wp:attachment":[{"href":"https:\/\/blogsaverroes.juntadeandalucia.es\/colegioginesmorata\/index.php?rest_route=%2Fwp%2Fv2%2Fmedia&parent=3560"}],"curies":[{"name":"wp","href":"https:\/\/api.w.org\/{rel}","templated":true}]}}