{"id":436,"date":"2015-03-20T07:08:17","date_gmt":"2015-03-20T07:08:17","guid":{"rendered":"http:\/\/blogsaverroes.juntadeandalucia.es\/pre\/ceip\/?page_id=436"},"modified":"2025-10-21T20:22:57","modified_gmt":"2025-10-21T20:22:57","slug":"ed-primaria-3o-ciclo","status":"publish","type":"page","link":"https:\/\/blogsaverroes.juntadeandalucia.es\/colegioginesmorata\/?page_id=436","title":{"rendered":"Ed. Primaria. 3\u00ba ciclo"},"content":{"rendered":"<h2>El tercer&nbsp; ciclo de educaci\u00f3n primaria incluye los niveles&nbsp; de 5\u00ba y 6\u00ba .<\/h2>\n<p>En este ciclo&nbsp; hay dos unidades de cada&nbsp; nivel&nbsp; con una ratio de 26 alumnos\/as en cada uno de los grupos de 6\u00ba y de 25 en los grupos de 5\u00ba Los\/as maestros\/as tutores\/as imparten diferentes materias en ambos grupos del mismo nivel para favorecer la coordinaci\u00f3n entre el profesorado y la adaptaci\u00f3n del alumnado.&nbsp;&nbsp;En este ciclo se incorporan las materias de Educaci\u00f3n en valores c\u00edvicos y sociales&nbsp; en 6\u00ba.&nbsp; Adem\u00e1s al ser centro pluriling\u00fce este curso 25\/26 se comienza a impartir el \u00e1rea de m\u00fasica en franc\u00e9s en 5\u00ba<\/p>\n<h3><strong>Materias que se imparten:<\/strong><\/h3>\n<p><strong>Seg\u00fan se establece en la &nbsp;Orden de 30 de mayo de 2023<\/strong><\/p>\n<p><strong>QUINTO<\/strong><\/p>\n<ul>\n<li>Lengua castellana-&nbsp; 5 horas semanales&nbsp;<\/li>\n<li>Matem\u00e1ticas- 5 horas semanales&nbsp;<\/li>\n<li>Lengua extranjera ingl\u00e9s \u2013 2 horas y media&nbsp; semanales<\/li>\n<li>Conocimiento del medio(biling\u00fce ingl\u00e9s) \u2013 2 horas y 30 minutos semanales&nbsp;<\/li>\n<li>Educaci\u00f3n F\u00edsica&nbsp; \u2013 3 horas&nbsp; semanales<\/li>\n<li>Lengua extranjera 2-Franc\u00e9s-&nbsp; 1 hora semanal<\/li>\n<li>Educaci\u00f3n Art\u00edstica- Pl\u00e1stica (biling\u00fce ingl\u00e9s) \u2013 1 hora semanal<\/li>\n<li>Educaci\u00f3n Art\u00edstica- M\u00fasica (biling\u00fce franc\u00e9s) -1 hora semanal<\/li>\n<li>Religi\u00f3n cat\u00f3lica o Atenci\u00f3n Educativa \u2013 1 hora y 30 minutos semanales<\/li>\n<\/ul>\n<p><strong>SEXTO<\/strong><\/p>\n<ul>\n<li>Lengua castellana- 4 horas semanales<\/li>\n<li>Matem\u00e1ticas- 4&nbsp; horas y media&nbsp; semanales<\/li>\n<li>Lengua extranjera ingl\u00e9s &#8211; 3 horas&nbsp; semanales<\/li>\n<li>Lengua extranjera 2-Franc\u00e9s-&nbsp; 1 hora semanal<\/li>\n<li>Conocimiento del medio (biling\u00fce ingl\u00e9s) &#8211; 2 horas y media semanales<\/li>\n<li>Educaci\u00f3n F\u00edsica&nbsp; &#8211; 3 horas semanales<\/li>\n<li>Educaci\u00f3n Art\u00edstica- Pl\u00e1stica (biling\u00fce ingl\u00e9s ) &#8211; 45 minutos semanales<\/li>\n<li>Educaci\u00f3n Art\u00edstica- M\u00fasica -45 minutos semanales<\/li>\n<li>Religi\u00f3n cat\u00f3lica o Atenci\u00f3n Educativa &#8211; 1 hora y media semanal<\/li>\n<li>Educaci\u00f3n en valores c\u00edvicos y \u00e9ticos- 1 hora y media semanal<\/li>\n<\/ul>\n<h3>Criterios de calificaci\u00f3n,&nbsp; evaluaci\u00f3n y promoci\u00f3n \u2013&nbsp;<a href=\"https:\/\/blogsaverroes.juntadeandalucia.es\/colegioginesmorata\/?page_id=6931\">consultar en el enlace<\/a><\/h3>\n<p>&nbsp;<\/p>\n","protected":false},"excerpt":{"rendered":"<p>El tercer&nbsp; ciclo de educaci\u00f3n primaria incluye los niveles&nbsp; de 5\u00ba y 6\u00ba . En este ciclo&nbsp; hay dos unidades de cada&nbsp; nivel&nbsp; con una&hellip;<\/p>\n","protected":false},"author":1,"featured_media":0,"parent":0,"menu_order":0,"comment_status":"closed","ping_status":"open","template":"","meta":{"ngg_post_thumbnail":0,"footnotes":"","_mc_calendar":[]},"aioseo_notices":[],"_links":{"self":[{"href":"https:\/\/blogsaverroes.juntadeandalucia.es\/colegioginesmorata\/index.php?rest_route=\/wp\/v2\/pages\/436"}],"collection":[{"href":"https:\/\/blogsaverroes.juntadeandalucia.es\/colegioginesmorata\/index.php?rest_route=\/wp\/v2\/pages"}],"about":[{"href":"https:\/\/blogsaverroes.juntadeandalucia.es\/colegioginesmorata\/index.php?rest_route=\/wp\/v2\/types\/page"}],"author":[{"embeddable":true,"href":"https:\/\/blogsaverroes.juntadeandalucia.es\/colegioginesmorata\/index.php?rest_route=\/wp\/v2\/users\/1"}],"replies":[{"embeddable":true,"href":"https:\/\/blogsaverroes.juntadeandalucia.es\/colegioginesmorata\/index.php?rest_route=%2Fwp%2Fv2%2Fcomments&post=436"}],"version-history":[{"count":14,"href":"https:\/\/blogsaverroes.juntadeandalucia.es\/colegioginesmorata\/index.php?rest_route=\/wp\/v2\/pages\/436\/revisions"}],"predecessor-version":[{"id":11153,"href":"https:\/\/blogsaverroes.juntadeandalucia.es\/colegioginesmorata\/index.php?rest_route=\/wp\/v2\/pages\/436\/revisions\/11153"}],"wp:attachment":[{"href":"https:\/\/blogsaverroes.juntadeandalucia.es\/colegioginesmorata\/index.php?rest_route=%2Fwp%2Fv2%2Fmedia&parent=436"}],"curies":[{"name":"wp","href":"https:\/\/api.w.org\/{rel}","templated":true}]}}