{"id":77,"date":"2015-03-16T06:54:56","date_gmt":"2015-03-16T06:54:56","guid":{"rendered":"http:\/\/blogsaverroes.juntadeandalucia.es\/pre\/ceip\/?page_id=77"},"modified":"2026-03-10T12:24:07","modified_gmt":"2026-03-10T12:24:07","slug":"secretaria","status":"publish","type":"page","link":"https:\/\/blogsaverroes.juntadeandalucia.es\/colegioginesmorata\/?page_id=77","title":{"rendered":"Secretar\u00eda\/Secretariat"},"content":{"rendered":"<h1>HORARIO DE SECRETARIA\/Timetable<\/h1>\n<h1><a title=\"ADMISI\u00d3N \/ Schooling\" href=\"https:\/\/blogsaverroes.juntadeandalucia.es\/colegioginesmorata\/?page_id=141\"><img loading=\"lazy\" decoding=\"async\" class=\"alignright wp-image-11791\" src=\"https:\/\/blogsaverroes.juntadeandalucia.es\/colegioginesmorata\/files\/2026\/03\/ADMI.png\" alt=\"\" width=\"272\" height=\"68\" srcset=\"https:\/\/blogsaverroes.juntadeandalucia.es\/colegioginesmorata\/files\/2026\/03\/ADMI.png 517w, https:\/\/blogsaverroes.juntadeandalucia.es\/colegioginesmorata\/files\/2026\/03\/ADMI-400x100.png 400w\" sizes=\"(max-width: 272px) 100vw, 272px\" \/><\/a><\/h1>\n<h2>Lunes, mi\u00e9rcoles y viernes de 9,15 a 13,45 horas \/<\/h2>\n<h2>Monday, wednesday and Friday 9,15 a. m.-13,45 p.m.<\/h2>\n<p><strong>&nbsp;Tlf.<\/strong> 950 15 33 25 , 671 536 059&nbsp; &nbsp; &nbsp; &nbsp; &nbsp;&nbsp;<strong>Correo electr\u00f3nico\/ Email:<\/strong>&nbsp;04006446.edu@juntadeandalucia.es, 04006446@g.educaand.es<\/p>\n<p>Pueden presentar sus documentos en el&nbsp;<\/p>\n<ul>\n<li>\n<h3><a href=\"https:\/\/www.juntadeandalucia.es\/educacion\/secretariavirtual\/accesoTramite\/462\/\">Registro electr\u00f3nico de centros educativos&nbsp; (online )<\/a><\/h3>\n<\/li>\n<\/ul>\n<section class=\"seccion-mes\">\n<div class=\"wrapper-listado\">\n<div class=\"inner-item evento evento-normal\">\n<div class=\"content-evento contenido_titulo\">\n<div class=\"wrapper_fecha\">\n<h2 class=\"fecha\"><span style=\"color: #0000ff\">Descarga de impresos:<\/span><\/h2>\n<p><a href=\"https:\/\/blogsaverroes.juntadeandalucia.es\/colegioginesmorata\/files\/2024\/05\/SOLICITUD-COMEDOR.pdf\" target=\"_blank\" rel=\"noopener\">Solicitud de inscripci\u00f3n en aula matinal, comedor escolar y actividades extraescolares<\/a><span style=\"font-size: 16px\">&nbsp; &#8211;&nbsp;<\/span><\/p>\n<\/div>\n<\/div>\n<\/div>\n<\/div>\n<\/section>\n<p><a href=\"https:\/\/blogsaverroes.juntadeandalucia.es\/colegioginesmorata\/files\/2019\/12\/BAJA-SERVICOS-COMPL.pdf\" target=\"_blank\" rel=\"noopener noreferrer\">Solicitud de baja en aula matinal, comedor escolar y actividades extraescolares&nbsp; &nbsp; &#8211;<\/a><\/p>\n<p><a href=\"https:\/\/blogsaverroes.juntadeandalucia.es\/colegioginesmorata\/files\/2024\/09\/Anexo_V_Solicitud_de_bonificacion_AM_CE_y_AAEE.pdf\">Solicitud de bonificaci\u00f3n para aula matinal, comedor escolar y actividades extraescolares &#8211;&nbsp;<\/a><\/p>\n<p><a href=\"https:\/\/blogsaverroes.juntadeandalucia.es\/colegioginesmorata\/files\/2021\/06\/EXPONE-SOLICITA-1.pdf\">EXPONE-SOLICITA (1) -Para la solicitud de otra informaci\u00f3n\/documentaci\u00f3n<\/a><\/p>\n<h2>Presentaci\u00f3n de solicitudes de admisi\u00f3n en E. Infantil, E. Primaria y E. Especial- Escolarizacion<\/h2>\n<h3><strong><span style=\"text-decoration: underline\">Per\u00edodo de escolarizaci\u00f3n: 1 a 31 de Marzo-&nbsp;<\/span><\/strong><\/h3>\n<p>En otro per\u00edodo descargue y cumplimente el siguiente impreso y pres\u00e9ntelo en la secretar\u00eda del centro.<\/p>\n<p><a href=\"https:\/\/blogsaverroes.juntadeandalucia.es\/iesloscolegiales\/files\/2025\/03\/Anexo-IX-Admision-Proc.-Extraordinario.pdf\">ANEXO-IX-procedimiento-extraordinario-de-admisi\u00f3n&nbsp;&nbsp;<\/a><\/p>\n<p>No olvide adjuntar empadronamiento, libro de familia o cualquier otro documento que pueda ser tenido en cuenta para facilitar la admisi\u00f3n<\/p>\n<h2><span style=\"color: #0000ff\">Per\u00edodo de matriculaci\u00f3n: 1 a 8 de Junio.&nbsp;<\/span><\/h2>\n<section class=\"seccion-mes\">\n<div class=\"wrapper-listado\">\n<div class=\"inner-item evento evento-normal\">\n<div class=\"content-evento contenido_titulo\">\n<p style=\"text-align: justify\">Pueden recoger los impresos en conserjer\u00eda o descargarlos a continuaci\u00f3n en este enlace <a title=\"MATRICULACI\u00d3N\" href=\"https:\/\/blogsaverroes.juntadeandalucia.es\/colegioginesmorata\/?mc-events=matriculacion\">MATRICULACI\u00d3N<\/a>, la documentaci\u00f3n a presentar para los actuales alumnos\/as del centro es impreso de matr\u00edcula, documento sobre protecci\u00f3n de datos, solicitud para cursar ense\u00f1anza de religi\u00f3n y cuestionario de Fondo Social Europeo. En caso de presentar solicitud de aula matinal, comedor escolar y actividades extraescolares, documentaci\u00f3n relativa a actividad laboral de los progenitores que figura en el impreso correspondiente. Tambi\u00e9n pueden presentar su inscripci\u00f3n en el AMPA si lo desean. S\u00f3lo para&nbsp; alumnado de nuevo ingreso,&nbsp; copia de la tarjeta sanitaria y 3 fotograf\u00edas tama\u00f1o carnet con su nombre.&nbsp;<\/p>\n<p style=\"text-align: justify\">&nbsp;<\/p>\n<\/div>\n<\/div>\n<\/div>\n<\/section>\n","protected":false},"excerpt":{"rendered":"<p>HORARIO DE SECRETARIA\/Timetable Lunes, mi\u00e9rcoles y viernes de 9,15 a 13,45 horas \/ Monday, wednesday and Friday 9,15 a. m.-13,45 p.m. &nbsp;Tlf. 950 15 33&hellip;<\/p>\n","protected":false},"author":1,"featured_media":0,"parent":0,"menu_order":0,"comment_status":"closed","ping_status":"open","template":"","meta":{"ngg_post_thumbnail":0,"footnotes":"","_mc_calendar":[]},"aioseo_notices":[],"_links":{"self":[{"href":"https:\/\/blogsaverroes.juntadeandalucia.es\/colegioginesmorata\/index.php?rest_route=\/wp\/v2\/pages\/77"}],"collection":[{"href":"https:\/\/blogsaverroes.juntadeandalucia.es\/colegioginesmorata\/index.php?rest_route=\/wp\/v2\/pages"}],"about":[{"href":"https:\/\/blogsaverroes.juntadeandalucia.es\/colegioginesmorata\/index.php?rest_route=\/wp\/v2\/types\/page"}],"author":[{"embeddable":true,"href":"https:\/\/blogsaverroes.juntadeandalucia.es\/colegioginesmorata\/index.php?rest_route=\/wp\/v2\/users\/1"}],"replies":[{"embeddable":true,"href":"https:\/\/blogsaverroes.juntadeandalucia.es\/colegioginesmorata\/index.php?rest_route=%2Fwp%2Fv2%2Fcomments&post=77"}],"version-history":[{"count":46,"href":"https:\/\/blogsaverroes.juntadeandalucia.es\/colegioginesmorata\/index.php?rest_route=\/wp\/v2\/pages\/77\/revisions"}],"predecessor-version":[{"id":11792,"href":"https:\/\/blogsaverroes.juntadeandalucia.es\/colegioginesmorata\/index.php?rest_route=\/wp\/v2\/pages\/77\/revisions\/11792"}],"wp:attachment":[{"href":"https:\/\/blogsaverroes.juntadeandalucia.es\/colegioginesmorata\/index.php?rest_route=%2Fwp%2Fv2%2Fmedia&parent=77"}],"curies":[{"name":"wp","href":"https:\/\/api.w.org\/{rel}","templated":true}]}}