{"id":871,"date":"2015-03-16T07:25:46","date_gmt":"2015-03-16T07:25:46","guid":{"rendered":"http:\/\/blogsaverroes.juntadeandalucia.es\/pre\/ceip\/?page_id=106"},"modified":"2025-12-14T17:39:30","modified_gmt":"2025-12-14T17:39:30","slug":"actividades-extraescolares","status":"publish","type":"page","link":"https:\/\/blogsaverroes.juntadeandalucia.es\/colegioginesmorata\/?page_id=871","title":{"rendered":"Actividades extraescolares"},"content":{"rendered":"<p style=\"text-align: left\"><a href=\"http:\/\/blogsaverroes.juntadeandalucia.es\/temapinboard\/files\/2015\/03\/talleres.jpg\"><img loading=\"lazy\" decoding=\"async\" class=\"aligncenter wp-image-228 \" src=\"http:\/\/blogsaverroes.juntadeandalucia.es\/temapinboard\/files\/2015\/03\/talleres.jpg\" alt=\"\" width=\"456\" height=\"306\"><\/a><\/p>\n<h4>Informaci\u00f3n sobre las actividades extraescolares<\/h4>\n<p style=\"text-align: left\">Las actividades extraescolares tienen lugar en horario de tarde, comenzando a las 16,00 horas.<\/p>\n<p style=\"text-align: left\">El centro ofrece diferentes tipo de actividades unas recogidas en el plan de familia y otras gestionadas directamente por entidades que solicitan el uso de las instalaciones del centro.<\/p>\n<p>Tambi\u00e9n se ofrece de 14,00 a 15,00 horas el servicio de ludoteca de mediod\u00eda para que el alumnado que no usa el servicio de comedor pueda permanecer en el centro hasta una hora m\u00e1s facilitando la conciliaci\u00f3n a las familias.&nbsp;<\/p>\n<p style=\"text-align: left\">Durante el curso 2024-25, las actividades ofertadas son las siguientes:<\/p>\n<table style=\"height: 164px;width: 97.2252%;border-collapse: collapse;border-style: solid;border-color: #000000\">\n<tbody>\n<tr style=\"height: 24px\">\n<td style=\"width: 7.29133%;height: 24px;border-style: solid;border-color: #000000\">Hora<\/td>\n<td style=\"width: 14.2212%;height: 24px;border-style: solid;border-color: #000000\">LUNES<\/td>\n<td style=\"width: 14.06%;height: 24px;border-style: solid;border-color: #000000\">MARTES<\/td>\n<td style=\"width: 14.0158%;height: 24px;border-style: solid;border-color: #000000\">MI\u00c9RCOLES<\/td>\n<td style=\"width: 15.7646%;height: 24px;border-style: solid;border-color: #000000\">JUEVES&nbsp;<\/td>\n<td style=\"width: 14.1742%;border-style: solid;border-color: #000000\">VIERNES<\/td>\n<\/tr>\n<tr style=\"height: 24px\">\n<td style=\"width: 7.29133%;border-style: solid;border-color: #000000;height: 24px\">14 horas<\/td>\n<td style=\"width: 14.2212%;border-style: solid;border-color: #000000;height: 24px\">Ludoteca de mediod\u00eda<\/td>\n<td style=\"width: 14.06%;border-style: solid;border-color: #000000;height: 24px\">Ludoteca de mediod\u00eda<\/td>\n<td style=\"width: 14.0158%;border-style: solid;border-color: #000000;height: 24px\">Ludoteca de mediod\u00eda<\/td>\n<td style=\"width: 15.7646%;border-style: solid;border-color: #000000;height: 24px\">Ludoteca de mediod\u00eda<\/td>\n<td style=\"width: 14.1742%;border-style: solid;border-color: #000000\">Ludoteca de mediod\u00eda<\/td>\n<\/tr>\n<tr style=\"height: 24px\">\n<td style=\"width: 7.29133%;height: 24px;border-style: solid;border-color: #000000\">16 horas<\/td>\n<td style=\"width: 14.2212%;height: 24px;border-style: solid;border-color: #000000\"><span style=\"color: #ff0000\">Iniciaci\u00f3n al deporte (de 3 a 6 a\u00f1os)<\/span><\/td>\n<td style=\"width: 14.06%;height: 24px;border-style: solid;border-color: #000000\"><span style=\"color: #ff0000\">Gimnasia r\u00edtmica<\/span><\/td>\n<td style=\"width: 14.0158%;height: 24px;border-style: solid;border-color: #000000\"><span style=\"color: #ff0000\">Iniciaci\u00f3n al deporte (de 3 a 6 a\u00f1os)<\/span><\/td>\n<td style=\"width: 15.7646%;height: 24px;border-style: solid;border-color: #000000\"><span style=\"color: #ff0000\">Gimnasia r\u00edtmica<\/span><\/td>\n<td style=\"width: 14.1742%;border-style: solid;border-color: #000000\"><span style=\"color: #ff0000\">&nbsp;<\/span><\/td>\n<\/tr>\n<tr style=\"height: 24px\">\n<td style=\"width: 7.29133%;height: 24px;border-style: solid;border-color: #000000\">16 horas<\/td>\n<td style=\"width: 14.2212%;height: 24px;border-style: solid;border-color: #000000\"><span style=\"color: #ff0000\">Baile<\/span><\/td>\n<td style=\"width: 14.06%;height: 24px;border-style: solid;border-color: #000000\"><span style=\"color: #ff0000\">Ingl\u00e9s&nbsp; infantil<\/span><\/td>\n<td style=\"width: 14.0158%;height: 24px;border-style: solid;border-color: #000000\"><span style=\"color: #ff0000\">Baile<\/span><\/td>\n<td style=\"width: 15.7646%;height: 24px;border-style: solid;border-color: #000000\"><span style=\"color: #ff0000\">Ingl\u00e9s infantil<\/span><\/td>\n<td style=\"width: 14.1742%;border-style: solid;border-color: #000000\"><span style=\"color: #ff0000\">&nbsp;<\/span><\/td>\n<\/tr>\n<tr style=\"height: 24px\">\n<td style=\"width: 7.29133%;height: 20px;border-style: solid;border-color: #000000\">16 horas<\/td>\n<td style=\"width: 14.2212%;height: 20px;border-style: solid;border-color: #000000\"><span style=\"color: #ff0000\">Artes pl\u00e1sticas y esc\u00e9nicas<\/span><\/td>\n<td style=\"width: 14.06%;height: 20px;border-style: solid;border-color: #000000\">&nbsp;<\/td>\n<td style=\"width: 14.0158%;height: 20px;border-style: solid;border-color: #000000\"><span style=\"color: #ff0000\">Artes pl\u00e1sticas y esc\u00e9nicas<\/span><\/td>\n<td style=\"width: 15.7646%;height: 20px;border-style: solid;border-color: #000000\">&nbsp;<\/td>\n<td style=\"width: 14.1742%;border-style: solid;border-color: #000000\"><span style=\"color: #ff0000\">&nbsp;<\/span><\/td>\n<\/tr>\n<tr style=\"height: 24px\">\n<td style=\"width: 7.29133%;height: 24px;border-style: solid;border-color: #000000\">16 horas<\/td>\n<td style=\"width: 14.2212%;height: 24px;border-style: solid;border-color: #000000\">Voleybol<\/td>\n<td style=\"width: 14.06%;height: 24px;border-style: solid;border-color: #000000\">Baloncesto\/Badminton<\/td>\n<td style=\"width: 14.0158%;height: 24px;border-style: solid;border-color: #000000\">Voleybol<\/td>\n<td style=\"width: 15.7646%;height: 24px;border-style: solid;border-color: #000000\">Baloncesto\/Badminton<\/td>\n<td style=\"width: 14.1742%;border-style: solid;border-color: #000000\">&nbsp;<\/td>\n<\/tr>\n<tr>\n<td style=\"width: 7.29133%;border-style: solid;border-color: #000000\">17&nbsp; horas<\/td>\n<td style=\"width: 14.2212%;border-style: solid;border-color: #000000\">Judo<\/td>\n<td style=\"width: 14.06%;border-style: solid;border-color: #000000\">&nbsp;<\/td>\n<td style=\"width: 14.0158%;border-style: solid;border-color: #000000\">Judo<\/td>\n<td style=\"width: 15.7646%;border-style: solid;border-color: #000000\">&nbsp;<\/td>\n<td style=\"width: 14.1742%;border-style: solid;border-color: #000000\">&nbsp;<\/td>\n<\/tr>\n<tr style=\"height: 24px\">\n<td style=\"width: 7.29133%;height: 24px;border-style: solid;border-color: #000000\">17.15 horas<\/td>\n<td style=\"width: 14.2212%;height: 24px;border-style: solid;border-color: #000000\">F\u00fatbol<\/td>\n<td style=\"width: 14.06%;height: 24px;border-style: solid;border-color: #000000\">Balonmano<\/td>\n<td style=\"width: 14.0158%;height: 24px;border-style: solid;border-color: #000000\">F\u00fatbol<\/td>\n<td style=\"width: 15.7646%;height: 24px;border-style: solid;border-color: #000000\">Balonmano<\/td>\n<td style=\"width: 14.1742%;border-style: solid;border-color: #000000\">&nbsp;<\/td>\n<\/tr>\n<\/tbody>\n<\/table>\n<p>Las actividades marcadas en rojo pertenecen al Plan de familia de la Consejer\u00eda de Educaci\u00f3n y tienen un precio de&nbsp; 17.51 \u20ac&nbsp; cada una, pueden solicitar subvenci\u00f3n para una de ellas. Estas actividades son gestionadas por la empresa <a href=\"https:\/\/jasoal.com\/wordpress\/\">JASOAL<\/a>.&nbsp;<\/p>\n<p>Puede&nbsp; &nbsp;inscribirse con <a href=\"http:\/\/www.juntadeandalucia.es\/averroes\/centros-tic\/23001263\/helvia\/sitio\/upload\/Anexo_II_Inscripcion_en_los_Servicios_de_AM_CE_y_AAEX_1.pdf\" target=\"_blank\" rel=\"noopener noreferrer\">este f<\/a><a href=\"http:\/\/www.juntadeandalucia.es\/averroes\/centros-tic\/23001263\/helvia\/sitio\/upload\/Anexo_II_Inscripcion_en_los_Servicios_de_AM_CE_y_AAEX_1.pdf\" target=\"_blank\" rel=\"noopener noreferrer\">ormulario<\/a>, rell\u00e9nelo y pres\u00e9ntelo a trav\u00e9s de la plataforma iPASEN, env\u00edelo por email a 04006446.edu@juntadeandalucia.es o entr\u00e9galo en la secretar\u00eda del Colegio<\/p>\n<p>Para darse de baja rellene el <a href=\"https:\/\/blogsaverroes.juntadeandalucia.es\/colegioginesmorata\/files\/2019\/12\/BAJA-SERVICOS-COMPL.pdf\" target=\"_blank\" rel=\"noopener noreferrer\">siguiente formulario<\/a> y pres\u00e9ntelo tal y como se ha indicado anteriormente.<\/p>\n<p><a href=\"https:\/\/blogsaverroes.juntadeandalucia.es\/colegioginesmorata\/files\/2024\/09\/Anexo_V_Solicitud_de_bonificacion_AM_CE_y_AAEE.pdf\"> Solicitud_de_bonificacion <\/a> &nbsp;Solicitud de bonificaci\u00f3n&nbsp; cumplimente el documento pres\u00e9ntelo tal y como se ha indicado anteriormente.<\/p>\n<table style=\"border-collapse: collapse;width: 61.5462%;height: 57px\">\n<tbody>\n<tr>\n<td style=\"width: 100%;background-color: #bff2f0;border-color: #000000\"><strong>AVISO<\/strong>: En caso de bonificaci\u00f3n s\u00f3lo se aplicar\u00e1 a una actividad extraescolar.<\/td>\n<\/tr>\n<\/tbody>\n<\/table>\n<p>La participaci\u00f3n en las actividades extraescolares deber\u00e1 solicitarse por meses completos. No est\u00e1 permitido el cambio de actividad una vez iniciado el mes. La baja en dichas actividades se solicitar\u00e1 a la direcci\u00f3n del centro con la antelaci\u00f3n de, al menos, una semana al inicio del mes en que se pretenda hacer efectiva la misma.<\/p>\n<p>Para el resto de actividades pueden consultar precios, inscribirse o requerir informaci\u00f3n directamente a los monitores\/as que las imparten. Estas actividades est\u00e1n dirigidas por diferentes clubes deportivos que presentaron su solicitud para el uso de las instalaciones del centro.&nbsp;<\/p>\n<ul>\n<li>Ludoteca de mediod\u00eda -CB ALMERIA <a href=\"mailto:cbalmeria@gmail.com\" target=\"_blank\" rel=\"noopener noreferrer\">cbalmeria@gmail.com<\/a><\/li>\n<li>Baloncesto -CB ALMERIA,&nbsp;<a href=\"mailto:cbalmeria@gmail.com\" target=\"_blank\" rel=\"noopener noreferrer\">cbalmeria@gmail.com<\/a><\/li>\n<li>Balonmano -CD URCI ALMERIA&nbsp;<a href=\"mailto:cdurcialmeria@hotmail.com\">cdurcialmeria@hotmail.com<\/a>,&nbsp;<\/li>\n<li>Voleybol \u2013 MINTONETTE&nbsp;<a href=\"https:\/\/blogsaverroes.juntadeandalucia.es\/colegioginesmorata\/scomp\/mintonettealmeria@gmail.com\"><u>mintonettealmer\u00eda@gmail.com<\/u><\/a>&nbsp;<\/li>\n<li>Badminton -MERCAPINTURAS<\/li>\n<li>Judo- Club de judo Kronos<\/li>\n<li>Futbol- Escuela de futbol EDA<\/li>\n<\/ul>\n<p>&nbsp;<\/p>\n<p>&nbsp;<\/p>\n<p>&nbsp;<\/p>\n<p>&nbsp;<\/p>\n<p style=\"text-align: left\">a<\/p>\n","protected":false},"excerpt":{"rendered":"<p>Informaci\u00f3n sobre las actividades extraescolares Las actividades extraescolares tienen lugar en horario de tarde, comenzando a las 16,00 horas. El centro ofrece diferentes tipo de&hellip;<\/p>\n","protected":false},"author":1,"featured_media":0,"parent":0,"menu_order":0,"comment_status":"closed","ping_status":"open","template":"","meta":{"ngg_post_thumbnail":0,"footnotes":"","_mc_calendar":[]},"aioseo_notices":[],"_links":{"self":[{"href":"https:\/\/blogsaverroes.juntadeandalucia.es\/colegioginesmorata\/index.php?rest_route=\/wp\/v2\/pages\/871"}],"collection":[{"href":"https:\/\/blogsaverroes.juntadeandalucia.es\/colegioginesmorata\/index.php?rest_route=\/wp\/v2\/pages"}],"about":[{"href":"https:\/\/blogsaverroes.juntadeandalucia.es\/colegioginesmorata\/index.php?rest_route=\/wp\/v2\/types\/page"}],"author":[{"embeddable":true,"href":"https:\/\/blogsaverroes.juntadeandalucia.es\/colegioginesmorata\/index.php?rest_route=\/wp\/v2\/users\/1"}],"replies":[{"embeddable":true,"href":"https:\/\/blogsaverroes.juntadeandalucia.es\/colegioginesmorata\/index.php?rest_route=%2Fwp%2Fv2%2Fcomments&post=871"}],"version-history":[{"count":20,"href":"https:\/\/blogsaverroes.juntadeandalucia.es\/colegioginesmorata\/index.php?rest_route=\/wp\/v2\/pages\/871\/revisions"}],"predecessor-version":[{"id":11511,"href":"https:\/\/blogsaverroes.juntadeandalucia.es\/colegioginesmorata\/index.php?rest_route=\/wp\/v2\/pages\/871\/revisions\/11511"}],"wp:attachment":[{"href":"https:\/\/blogsaverroes.juntadeandalucia.es\/colegioginesmorata\/index.php?rest_route=%2Fwp%2Fv2%2Fmedia&parent=871"}],"curies":[{"name":"wp","href":"https:\/\/api.w.org\/{rel}","templated":true}]}}