{"id":8913,"date":"2024-11-06T17:20:41","date_gmt":"2024-11-06T17:20:41","guid":{"rendered":"https:\/\/blogsaverroes.juntadeandalucia.es\/colegioginesmorata\/?page_id=8913"},"modified":"2025-11-20T22:03:36","modified_gmt":"2025-11-20T22:03:36","slug":"programaciones-propuestas-pedagogicas","status":"publish","type":"page","link":"https:\/\/blogsaverroes.juntadeandalucia.es\/colegioginesmorata\/?page_id=8913","title":{"rendered":"Programaciones-Propuestas pedag\u00f3gicas"},"content":{"rendered":"<p>&nbsp;<\/p>\n<table style=\"border-collapse: collapse;width: 100%\">\n<tbody>\n<tr>\n<td style=\"width: 48.1132%\"><strong>PROGRAMACIONES POR \u00c1REAS&nbsp; &nbsp; &nbsp; &nbsp; &nbsp; <\/strong><strong style=\"font-family: inherit;font-size: inherit\">&nbsp;EDUCACI\u00d3N PRIMARIA<\/strong><\/p>\n<ul>\n<li>&nbsp;<\/li>\n<li>&nbsp;<a href=\"https:\/\/blogsaverroes.juntadeandalucia.es\/colegioginesmorata\/files\/2025\/11\/MATEMATICAS_firmada.pdf\">MATEM\u00c1TICAS<\/a><\/li>\n<li>&nbsp;<a href=\"https:\/\/blogsaverroes.juntadeandalucia.es\/colegioginesmorata\/files\/2025\/11\/LENGUA_firmadas.pdf\">LENGUA<\/a><\/li>\n<li><a href=\"https:\/\/blogsaverroes.juntadeandalucia.es\/colegioginesmorata\/files\/2025\/11\/INGLES_firmada.pdf\">INGL\u00c9S<\/a><\/li>\n<li><a href=\"https:\/\/blogsaverroes.juntadeandalucia.es\/colegioginesmorata\/files\/2025\/11\/FRANCES_firmada.pdf\">FRANC\u00c9S<\/a><\/li>\n<li>&nbsp;<a href=\"https:\/\/blogsaverroes.juntadeandalucia.es\/colegioginesmorata\/files\/2025\/11\/EDUCACION-FISICA_firmada.pdf\">EDUCACI\u00d3N F\u00cdSICA<\/a><\/li>\n<li>&nbsp;<a href=\"https:\/\/blogsaverroes.juntadeandalucia.es\/colegioginesmorata\/files\/2025\/11\/EA_firmada.pdf\">EA<\/a><\/li>\n<li><a href=\"https:\/\/blogsaverroes.juntadeandalucia.es\/colegioginesmorata\/files\/2025\/11\/CMNS_firmadas.pdf\">CMNS<\/a><\/li>\n<li><a href=\"https:\/\/blogsaverroes.juntadeandalucia.es\/colegioginesmorata\/files\/2025\/11\/AREA-LINGUISTICA-DE-CARACTER-TRANSVERSAL.docx.pdf\">\u00c1REA LING\u00dc\u00cdSTICA DE CAR\u00c1CTER TRANSVERSAL.<\/a><\/li>\n<li><a href=\"https:\/\/blogsaverroes.juntadeandalucia.es\/colegioginesmorata\/files\/2025\/11\/VALORES_firmada.pdf\">VALORES<\/a><\/li>\n<li><a href=\"https:\/\/blogsaverroes.juntadeandalucia.es\/colegioginesmorata\/files\/2025\/11\/RELIGION-PRIMARIA_firmada.pdf\">RELIGI\u00d3N<\/a><\/li>\n<\/ul>\n<\/td>\n<td style=\"width: 51.8868%\"><strong>PROPUESTAS PEDAG\u00d3GICAS&nbsp; &nbsp; &nbsp; &nbsp; &nbsp; &nbsp; &nbsp; &nbsp; &nbsp; <\/strong><strong style=\"font-family: inherit;font-size: inherit\">EDUCACI\u00d3N INFANTIL&nbsp;<\/strong><\/p>\n<ul>\n<li><a href=\"https:\/\/blogsaverroes.juntadeandalucia.es\/colegioginesmorata\/files\/2025\/11\/COMUNICACION-Y-REPRESENTACION_firmada.pdf\">COMUNICACI\u00d3N Y REPRESENTACI\u00d3N<\/a> &nbsp;<\/li>\n<li><a href=\"https:\/\/blogsaverroes.juntadeandalucia.es\/colegioginesmorata\/files\/2025\/11\/CRECIMIENTO-EN-ARMONIA_firmada.pdf\">CRECIMIENTO EN ARMON\u00cdA<\/a><\/li>\n<li><a href=\"https:\/\/blogsaverroes.juntadeandalucia.es\/colegioginesmorata\/files\/2025\/11\/DESCUBRIMIENTO-Y-EXPLORACION-DEL-ENTORNO_firmada.pdf\">DESCUBRIMIENTO Y EXPLORACI\u00d3N DEL ENTORNO<\/a><\/li>\n<li><a href=\"https:\/\/blogsaverroes.juntadeandalucia.es\/colegioginesmorata\/files\/2025\/11\/RELIGION-INFANTIL_firmada.pdf\">RELIGI\u00d3N<\/a><\/li>\n<\/ul>\n<p><strong>PROGRAMACIONES EDUCACION ESPECIAL<br \/>\n<\/strong><\/p>\n<ul>\n<li><a href=\"https:\/\/blogsaverroes.juntadeandalucia.es\/colegioginesmorata\/files\/2025\/11\/PROGRAMACION-A-ESPECIFICA-25-26.pdf\">PROGRAMACION A ESPECIFICA<\/a><\/li>\n<li><a href=\"https:\/\/blogsaverroes.juntadeandalucia.es\/colegioginesmorata\/files\/2025\/11\/PROGRAMACION-AULA-TEA-25-26.pdf\">PROGRAMACION AULA TEA<\/a>&nbsp;<\/li>\n<li><a href=\"https:\/\/blogsaverroes.juntadeandalucia.es\/colegioginesmorata\/files\/2025\/11\/PROGRAMACION-AL-25-26-.pdf\">PROGRAMACION AL <\/a><\/li>\n<li>&nbsp;<a href=\"https:\/\/blogsaverroes.juntadeandalucia.es\/colegioginesmorata\/files\/2025\/11\/PROGRAMACION-AULA-APOYO-A-LA-INTEGRACION-25-56.pdf\">PROGRAMACION AULA APOYO A LA INTEGRACION&nbsp;<\/a>&nbsp;<\/li>\n<\/ul>\n<\/td>\n<\/tr>\n<\/tbody>\n<\/table>\n<p>&nbsp;<\/p>\n<p>&nbsp;<\/p>\n<p>&nbsp;<\/p>\n","protected":false},"excerpt":{"rendered":"<p>&nbsp; PROGRAMACIONES POR \u00c1REAS&nbsp; &nbsp; &nbsp; &nbsp; &nbsp; &nbsp;EDUCACI\u00d3N PRIMARIA &nbsp; &nbsp;MATEM\u00c1TICAS &nbsp;LENGUA INGL\u00c9S FRANC\u00c9S &nbsp;EDUCACI\u00d3N F\u00cdSICA &nbsp;EA CMNS \u00c1REA LING\u00dc\u00cdSTICA DE CAR\u00c1CTER TRANSVERSAL. VALORES&hellip;<\/p>\n","protected":false},"author":600,"featured_media":0,"parent":0,"menu_order":0,"comment_status":"closed","ping_status":"closed","template":"","meta":{"ngg_post_thumbnail":0,"footnotes":"","_mc_calendar":[]},"aioseo_notices":[],"_links":{"self":[{"href":"https:\/\/blogsaverroes.juntadeandalucia.es\/colegioginesmorata\/index.php?rest_route=\/wp\/v2\/pages\/8913"}],"collection":[{"href":"https:\/\/blogsaverroes.juntadeandalucia.es\/colegioginesmorata\/index.php?rest_route=\/wp\/v2\/pages"}],"about":[{"href":"https:\/\/blogsaverroes.juntadeandalucia.es\/colegioginesmorata\/index.php?rest_route=\/wp\/v2\/types\/page"}],"author":[{"embeddable":true,"href":"https:\/\/blogsaverroes.juntadeandalucia.es\/colegioginesmorata\/index.php?rest_route=\/wp\/v2\/users\/600"}],"replies":[{"embeddable":true,"href":"https:\/\/blogsaverroes.juntadeandalucia.es\/colegioginesmorata\/index.php?rest_route=%2Fwp%2Fv2%2Fcomments&post=8913"}],"version-history":[{"count":6,"href":"https:\/\/blogsaverroes.juntadeandalucia.es\/colegioginesmorata\/index.php?rest_route=\/wp\/v2\/pages\/8913\/revisions"}],"predecessor-version":[{"id":11387,"href":"https:\/\/blogsaverroes.juntadeandalucia.es\/colegioginesmorata\/index.php?rest_route=\/wp\/v2\/pages\/8913\/revisions\/11387"}],"wp:attachment":[{"href":"https:\/\/blogsaverroes.juntadeandalucia.es\/colegioginesmorata\/index.php?rest_route=%2Fwp%2Fv2%2Fmedia&parent=8913"}],"curies":[{"name":"wp","href":"https:\/\/api.w.org\/{rel}","templated":true}]}}