{"id":9728,"date":"2025-02-02T19:59:53","date_gmt":"2025-02-02T19:59:53","guid":{"rendered":"https:\/\/blogsaverroes.juntadeandalucia.es\/colegioginesmorata\/?page_id=9728"},"modified":"2025-02-03T20:32:11","modified_gmt":"2025-02-03T20:32:11","slug":"proyecto-erasmus-green","status":"publish","type":"page","link":"https:\/\/blogsaverroes.juntadeandalucia.es\/colegioginesmorata\/?page_id=9728","title":{"rendered":"PROYECTO ERASMUS- GREEN"},"content":{"rendered":"<p><img loading=\"lazy\" decoding=\"async\" class=\"alignleft\" src=\"https:\/\/blogsaverroes.juntadeandalucia.es\/colegioginesmorata\/files\/2022\/10\/LOGO-212x300.jpg\" width=\"316\" height=\"447\"><\/p>\n<p>&nbsp;<\/p>\n<p>Proyecto coordinador por el CEIP GINES MORATA que cont\u00f3 con socios de Portugal, Grecia y Turqu\u00eda. Los objetivos se centraron en el &nbsp;Desarrollo Sostenible. En nuestro proyecto, a trav\u00e9s de la educaci\u00f3n formal o informal,&nbsp; se pretend\u00eda que nuestros profesores, estudiantes y todos los dem\u00e1s miembros involucrados:<\/p>\n<ul>\n<li>&nbsp;tomen conciencia sobre los problemas ambientales y globales y los objetivos del desarrollo sostenible&nbsp;<\/li>\n<li>Internacionalicen los aspectos de un medio ambiente sostenible y promuevan&nbsp; cambios de actitudes, h\u00e1bitos y estilo de vida acordes con ello<\/li>\n<li>Aumenten su conciencia sobre la importancia de la energ\u00eda renovable y el reciclaje para vivir en un medioambiente sostenible.&nbsp;<\/li>\n<li>Comprendan los efectos fatales del uso de combustibles f\u00f3siles sobre el medio ambiente &#8211;<\/li>\n<li>Reconozcan las ventajas y desventajas entre las fuentes de energ\u00eda renovables y no renovables &#8211;<\/li>\n<li>Descubran la relaci\u00f3n entre el cambio clim\u00e1tico global y el uso de combustibles f\u00f3siles &#8211;<\/li>\n<\/ul>\n<p>Se crearon gu\u00edas did\u00e1cticas para profesores y cuadernos de actividades para alumnos\/as, un diccionario con vocabulario medio-ambiental y otros materiales, todo ello se puede consultar en los siguientes enlaces<\/p>\n<p>&nbsp;<\/p>\n<p>&nbsp;<\/p>\n<p><a href=\"https:\/\/erasmus-plus.ec.europa.eu\/projects\/search\/details\/2021-1-ES01-KA210-SCH-000029872\" target=\"_blank\" rel=\"noopener\">Plataforma de resultados ERASMUS<\/a><\/p>\n<p><a href=\"https:\/\/www.facebook.com\/profile.php?id=100078537500264\" target=\"_blank\" rel=\"noopener\">Facebook<\/a><\/p>\n<p><a href=\"https:\/\/school-education.ec.europa.eu\/en\/etwinning\/projects\/give-respect-environment-enjoy-nature-green-0\/twinspace?destination=\/en\/my-twinspaces\">Twin space<\/a><\/p>\n<p><a href=\"https:\/\/blogsaverroes.juntadeandalucia.es\/colegioginesmorata\/?tag=green\" target=\"_blank\" rel=\"noopener\">Entradas en el blog del centro<\/a><\/p>\n<p><img loading=\"lazy\" decoding=\"async\" class=\"size-large wp-image-9519 aligncenter\" src=\"https:\/\/blogsaverroes.juntadeandalucia.es\/colegioginesmorata\/files\/2023\/03\/Captura-de-pantalla-2025-01-09-223817-1024x75.png\" alt=\"\" width=\"843\" height=\"62\"><\/p>\n","protected":false},"excerpt":{"rendered":"<p>&nbsp; Proyecto coordinador por el CEIP GINES MORATA que cont\u00f3 con socios de Portugal, Grecia y Turqu\u00eda. Los objetivos se centraron en el &nbsp;Desarrollo Sostenible.&hellip;<\/p>\n","protected":false},"author":600,"featured_media":0,"parent":4665,"menu_order":0,"comment_status":"closed","ping_status":"closed","template":"","meta":{"ngg_post_thumbnail":0,"footnotes":"","_mc_calendar":[]},"aioseo_notices":[],"_links":{"self":[{"href":"https:\/\/blogsaverroes.juntadeandalucia.es\/colegioginesmorata\/index.php?rest_route=\/wp\/v2\/pages\/9728"}],"collection":[{"href":"https:\/\/blogsaverroes.juntadeandalucia.es\/colegioginesmorata\/index.php?rest_route=\/wp\/v2\/pages"}],"about":[{"href":"https:\/\/blogsaverroes.juntadeandalucia.es\/colegioginesmorata\/index.php?rest_route=\/wp\/v2\/types\/page"}],"author":[{"embeddable":true,"href":"https:\/\/blogsaverroes.juntadeandalucia.es\/colegioginesmorata\/index.php?rest_route=\/wp\/v2\/users\/600"}],"replies":[{"embeddable":true,"href":"https:\/\/blogsaverroes.juntadeandalucia.es\/colegioginesmorata\/index.php?rest_route=%2Fwp%2Fv2%2Fcomments&post=9728"}],"version-history":[{"count":9,"href":"https:\/\/blogsaverroes.juntadeandalucia.es\/colegioginesmorata\/index.php?rest_route=\/wp\/v2\/pages\/9728\/revisions"}],"predecessor-version":[{"id":9767,"href":"https:\/\/blogsaverroes.juntadeandalucia.es\/colegioginesmorata\/index.php?rest_route=\/wp\/v2\/pages\/9728\/revisions\/9767"}],"up":[{"embeddable":true,"href":"https:\/\/blogsaverroes.juntadeandalucia.es\/colegioginesmorata\/index.php?rest_route=\/wp\/v2\/pages\/4665"}],"wp:attachment":[{"href":"https:\/\/blogsaverroes.juntadeandalucia.es\/colegioginesmorata\/index.php?rest_route=%2Fwp%2Fv2%2Fmedia&parent=9728"}],"curies":[{"name":"wp","href":"https:\/\/api.w.org\/{rel}","templated":true}]}}