{"id":2701,"date":"2015-11-17T17:15:54","date_gmt":"2015-11-17T17:15:54","guid":{"rendered":"http:\/\/blogsaverroes.juntadeandalucia.es\/colegiohermanospinzon\/?page_id=2701"},"modified":"2020-01-24T10:13:35","modified_gmt":"2020-01-24T10:13:35","slug":"reglamento-de-organizacion-y-funcionamiento","status":"publish","type":"page","link":"https:\/\/blogsaverroes.juntadeandalucia.es\/colegiohermanospinzon\/reglamento-de-organizacion-y-funcionamiento\/","title":{"rendered":"Reglamento de Organizaci\u00f3n y Funcionamiento"},"content":{"rendered":"<p><img fetchpriority=\"high\" decoding=\"async\" class=\" size-medium wp-image-2702 alignleft\" src=\"http:\/\/blogsaverroes.juntadeandalucia.es\/colegiohermanospinzon\/files\/2015\/11\/colegio02-300x219.jpg\" alt=\"colegio02\" width=\"300\" height=\"219\" srcset=\"https:\/\/blogsaverroes.juntadeandalucia.es\/colegiohermanospinzon\/files\/2015\/11\/colegio02-300x219.jpg 300w, https:\/\/blogsaverroes.juntadeandalucia.es\/colegiohermanospinzon\/files\/2015\/11\/colegio02.jpg 417w\" sizes=\"(max-width: 300px) 100vw, 300px\" \/>El&nbsp; presente&nbsp; documento&nbsp; recoge&nbsp; el&nbsp; Reglamento&nbsp; de&nbsp; Organizaci\u00f3n&nbsp; y Funcionamiento de nuestro Centro. En la elaboraci\u00f3n del mismo hemos tenido en cuenta las referencias normativas que desarrollan este apartado en la normativa educativa as\u00ed como las aportaciones de los distintos sectores de la comunidad educativa. Cada vez que hacemos referencia&nbsp;&nbsp; a la normativa reguladora de cada uno de los apartados&nbsp;&nbsp; hemos decidido introducir, para una mayor aclaraci\u00f3n, el contenido&nbsp; de&nbsp; las &nbsp;mismas,&nbsp; en&nbsp; negrita&nbsp; y&nbsp; cursiva.&nbsp; Conseguimos as\u00ed identificar claramente lo incluido en cada texto normativo y las aportaciones al respecto de nuestra Comunidad Educativa.<\/p>\n<h2><a href=\"https:\/\/blogsaverroes.juntadeandalucia.es\/colegiohermanospinzon\/files\/2020\/01\/ROF-CEIP-HERMANOS-PINZ\u00d3N.pdf\">ROF CEIP HERMANOS PINZ\u00d3N APROBADA 28 OCTUBRE DE 2013<\/a><\/h2>\n<p>&nbsp;<\/p>\n","protected":false},"excerpt":{"rendered":"<p>El&nbsp; presente&nbsp; documento&nbsp; recoge&nbsp; el&nbsp; Reglamento&nbsp; de&nbsp; Organizaci\u00f3n&nbsp; y Funcionamiento de nuestro Centro. En la elaboraci\u00f3n del mismo hemos tenido en cuenta las referencias normativas&hellip;<\/p>\n","protected":false},"author":2166,"featured_media":0,"parent":0,"menu_order":0,"comment_status":"closed","ping_status":"closed","template":"","meta":{"ngg_post_thumbnail":0,"footnotes":"","_mc_calendar":[]},"aioseo_notices":[],"_links":{"self":[{"href":"https:\/\/blogsaverroes.juntadeandalucia.es\/colegiohermanospinzon\/wp-json\/wp\/v2\/pages\/2701"}],"collection":[{"href":"https:\/\/blogsaverroes.juntadeandalucia.es\/colegiohermanospinzon\/wp-json\/wp\/v2\/pages"}],"about":[{"href":"https:\/\/blogsaverroes.juntadeandalucia.es\/colegiohermanospinzon\/wp-json\/wp\/v2\/types\/page"}],"author":[{"embeddable":true,"href":"https:\/\/blogsaverroes.juntadeandalucia.es\/colegiohermanospinzon\/wp-json\/wp\/v2\/users\/2166"}],"replies":[{"embeddable":true,"href":"https:\/\/blogsaverroes.juntadeandalucia.es\/colegiohermanospinzon\/wp-json\/wp\/v2\/comments?post=2701"}],"version-history":[{"count":10,"href":"https:\/\/blogsaverroes.juntadeandalucia.es\/colegiohermanospinzon\/wp-json\/wp\/v2\/pages\/2701\/revisions"}],"predecessor-version":[{"id":9938,"href":"https:\/\/blogsaverroes.juntadeandalucia.es\/colegiohermanospinzon\/wp-json\/wp\/v2\/pages\/2701\/revisions\/9938"}],"wp:attachment":[{"href":"https:\/\/blogsaverroes.juntadeandalucia.es\/colegiohermanospinzon\/wp-json\/wp\/v2\/media?parent=2701"}],"curies":[{"name":"wp","href":"https:\/\/api.w.org\/{rel}","templated":true}]}}