{"id":2711,"date":"2015-11-17T17:33:35","date_gmt":"2015-11-17T17:33:35","guid":{"rendered":"http:\/\/blogsaverroes.juntadeandalucia.es\/colegiohermanospinzon\/?page_id=2711"},"modified":"2025-11-17T08:19:26","modified_gmt":"2025-11-17T08:19:26","slug":"proyecto-de-gestion","status":"publish","type":"page","link":"https:\/\/blogsaverroes.juntadeandalucia.es\/colegiohermanospinzon\/proyecto-de-gestion\/","title":{"rendered":"Proyecto de Gesti\u00f3n"},"content":{"rendered":"<p><img fetchpriority=\"high\" decoding=\"async\" class=\" size-medium wp-image-2712 alignleft\" src=\"http:\/\/blogsaverroes.juntadeandalucia.es\/colegiohermanospinzon\/files\/2015\/11\/gestion-300x300.jpg\" alt=\"gestion\" width=\"300\" height=\"300\" srcset=\"https:\/\/blogsaverroes.juntadeandalucia.es\/colegiohermanospinzon\/files\/2015\/11\/gestion-300x300.jpg 300w, https:\/\/blogsaverroes.juntadeandalucia.es\/colegiohermanospinzon\/files\/2015\/11\/gestion-150x150.jpg 150w, https:\/\/blogsaverroes.juntadeandalucia.es\/colegiohermanospinzon\/files\/2015\/11\/gestion-100x100.jpg 100w, https:\/\/blogsaverroes.juntadeandalucia.es\/colegiohermanospinzon\/files\/2015\/11\/gestion-432x432.jpg 432w, https:\/\/blogsaverroes.juntadeandalucia.es\/colegiohermanospinzon\/files\/2015\/11\/gestion-268x268.jpg 268w, https:\/\/blogsaverroes.juntadeandalucia.es\/colegiohermanospinzon\/files\/2015\/11\/gestion.jpg 489w\" sizes=\"(max-width: 300px) 100vw, 300px\" \/>El proyecto de gesti\u00f3n del CEIP HERMANOS PINZ\u00d3N se define como el documento marco que desarrolla las l\u00edneas para la ordenaci\u00f3n y utilizaci\u00f3n<br \/>\nde los recursos del centro, tanto materiales como humanos, tal como se establece en art\u00edculo 123 de la Ley Org\u00e1nica 2\/2006, de 3 de mayo, de<br \/>\neducaci\u00f3n (LOE) y del art\u00edculo 129 de la Ley 17\/2007 del 10 de diciembre de educaci\u00f3n en Andaluc\u00eda (LEA). As\u00ed mismo este Proyecto se incluye como uno de los componentes del Plan de Centro, tal y como queda recogido en el art\u00edculo 126.1 de la L.E.A.<\/p>\n<p>&nbsp; El proyecto de gesti\u00f3n estar\u00e1 determinado por las caracter\u00edsticas de nuestro centro y por todos los planes y programas que se desarrollan dentro del mismo. Adem\u00e1s de los recursos propios, se tendr\u00e1n en cuenta, aquellos otros con los que se pueda contar procedentes de otras entidades, asociaciones, colaboraciones.<br \/>\nLa Ley 17\/2007, de 10 de diciembre, de Educaci\u00f3n de Andaluc\u00eda (LEA) establece en su art\u00edculo 129 que los centros docentes p\u00fablicos gozan de<br \/>\nautonom\u00eda de gesti\u00f3n econ\u00f3mica en los t\u00e9rminos establecidos en la legislaci\u00f3n vigente y en la propia LEA.<\/p>\n<h2><a href=\"https:\/\/blogsaverroes.juntadeandalucia.es\/colegiohermanospinzon\/files\/2025\/11\/PLAN-DE-GESTION-ACTUALIZADO-25-26-1.pdf\" target=\"_blank\" rel=\"noopener\">PLAN DE GESTI\u00d3N ACTUALIZADO 25-26 <\/a><\/h2>\n","protected":false},"excerpt":{"rendered":"<p>El proyecto de gesti\u00f3n del CEIP HERMANOS PINZ\u00d3N se define como el documento marco que desarrolla las l\u00edneas para la ordenaci\u00f3n y utilizaci\u00f3n de los&hellip;<\/p>\n","protected":false},"author":2166,"featured_media":0,"parent":0,"menu_order":0,"comment_status":"closed","ping_status":"closed","template":"","meta":{"ngg_post_thumbnail":0,"footnotes":"","_mc_calendar":[]},"aioseo_notices":[],"_links":{"self":[{"href":"https:\/\/blogsaverroes.juntadeandalucia.es\/colegiohermanospinzon\/wp-json\/wp\/v2\/pages\/2711"}],"collection":[{"href":"https:\/\/blogsaverroes.juntadeandalucia.es\/colegiohermanospinzon\/wp-json\/wp\/v2\/pages"}],"about":[{"href":"https:\/\/blogsaverroes.juntadeandalucia.es\/colegiohermanospinzon\/wp-json\/wp\/v2\/types\/page"}],"author":[{"embeddable":true,"href":"https:\/\/blogsaverroes.juntadeandalucia.es\/colegiohermanospinzon\/wp-json\/wp\/v2\/users\/2166"}],"replies":[{"embeddable":true,"href":"https:\/\/blogsaverroes.juntadeandalucia.es\/colegiohermanospinzon\/wp-json\/wp\/v2\/comments?post=2711"}],"version-history":[{"count":6,"href":"https:\/\/blogsaverroes.juntadeandalucia.es\/colegiohermanospinzon\/wp-json\/wp\/v2\/pages\/2711\/revisions"}],"predecessor-version":[{"id":11783,"href":"https:\/\/blogsaverroes.juntadeandalucia.es\/colegiohermanospinzon\/wp-json\/wp\/v2\/pages\/2711\/revisions\/11783"}],"wp:attachment":[{"href":"https:\/\/blogsaverroes.juntadeandalucia.es\/colegiohermanospinzon\/wp-json\/wp\/v2\/media?parent=2711"}],"curies":[{"name":"wp","href":"https:\/\/api.w.org\/{rel}","templated":true}]}}