{"id":2763,"date":"2015-11-17T18:29:14","date_gmt":"2015-11-17T18:29:14","guid":{"rendered":"http:\/\/blogsaverroes.juntadeandalucia.es\/colegiohermanospinzon\/?page_id=2763"},"modified":"2020-01-28T19:02:24","modified_gmt":"2020-01-28T19:02:24","slug":"escuela-espacio-de-paz","status":"publish","type":"page","link":"https:\/\/blogsaverroes.juntadeandalucia.es\/colegiohermanospinzon\/escuela-espacio-de-paz\/","title":{"rendered":"Escuela Espacio de Paz"},"content":{"rendered":"<ol>\n<li>\n<h2 style=\"text-align: left\"><span style=\"color: #0000ff;background-color: #99cc00\"><strong>JUSTIFICACI\u00d3N<\/strong>:<\/span><\/h2>\n<\/li>\n<\/ol>\n<p style=\"text-align: left\">&nbsp;La construcci\u00f3n de la Cultura de Paz consiste en favorecer los valores, las actitudes y las conductas que manifiestan y suscitan interacciones e intercambios sociales basados en los principios que fundamentan el derecho<img decoding=\"async\" style=\"border: 5px solid black;float: right;margin: 10px\" src=\"http:\/\/www.juntadeandalucia.es\/averroes\/centros-tic\/21002598\/helvia\/sitio\/upload\/img\/escuela_espacio_paz.jpg\" alt=\"\" width=\"300\" border=\"0\"\/> humano a la paz, s\u00edntesis de los derechos humanos y base esencial de la democracia; rechazando as\u00ed la violencia y procurando prevenir los conflictos mediante el di\u00e1logo y la negociaci\u00f3n, de manera que se garantizan el pleno ejercicio de todos los derechos y se proporcionan los medios para participar plenamente en el proceso de desarrollo de la sociedad.<\/p>\n<p style=\"text-align: left\">&nbsp; La educaci\u00f3n es el principal instrumento para dicha construcci\u00f3n que encuentra en el aprendizaje de la ciudadan\u00eda democr\u00e1tica, la educaci\u00f3n para la paz y los derechos humanos, la mejora de la convivencia escolar y la resoluci\u00f3n de los conflictos, los \u00e1mbitos necesarios para alcanzar esa cultura que se define sobre la base de tres conceptos interactivos: la paz positiva, el desarrollo humano sostenible y la democracia participativa.<\/p>\n<p style=\"text-align: left\">Existe mucha bibliograf\u00eda sobre este tema pero debemos sintetizar y podr\u00edamos quedarnos con cuatro saberes b\u00e1sicos descritos en el Informe Delors de educaci\u00f3n para el siglo XXI. Seg\u00fan este documento la educaci\u00f3n se edifica sobre los siguientes pilares:<\/p>\n<p style=\"text-align: left\"><strong>Aprender a conocer.<\/strong><\/p>\n<p style=\"text-align: left\"><strong>&nbsp;Aprender a hacer.<\/strong><\/p>\n<p style=\"text-align: left\"><strong>&nbsp;Aprender a ser.<\/strong><\/p>\n<p style=\"text-align: left\"><strong>&nbsp;Aprender a convivir.<\/strong><\/p>\n<p style=\"text-align: left\">La educaci\u00f3n para la paz intensifica este cuarto pilar. De hecho, educar para la paz es crear con el alumnado el camino de la convivencia.<\/p>\n<h2 style=\"text-align: left\"><span style=\"color: #0000ff;background-color: #99cc00\"><strong>2. OBJETIVOS:<\/strong><\/span><\/h2>\n<p style=\"text-align: left\">\u2013 Aumentar el Coeficiente Emocional (CE) del alumnado.<\/p>\n<p style=\"text-align: left\">\u2013 Abordar los problemas de conducta y comportamiento desde una perspectiva que prime m\u00e1s la prevenci\u00f3n que la sanci\u00f3n.<\/p>\n<p style=\"text-align: left\">\u2013 Primar <img decoding=\"async\" class=\" alignleft\" src=\"http:\/\/www.juntadeandalucia.es\/averroes\/centros-tic\/21002598\/helvia\/sitio\/upload\/img\/paz.jpg\" alt=\"\" width=\"300\" border=\"0\"\/>y premiar el esfuerzo y los peque\u00f1os logros.<\/p>\n<p style=\"text-align: left\">\u2013 Lograr la implicaci\u00f3n de toda la comunidad educativa.<\/p>\n<p style=\"text-align: left\">\u2013 Implicar asimismo a las familias.<\/p>\n<p style=\"text-align: left\">\u2013 Dar respuesta educativa al alumnado con conductas disruptivas, integr\u00e1ndolos en la din\u00e1mica docente.<\/p>\n<p style=\"text-align: left\">\u2013 Reducir los problemas de comportamiento.<\/p>\n<p style=\"text-align: left\">\u2013 Desarrollar habilidades sociales en el alumnado.<\/p>\n<p style=\"text-align: left\">\u2013 Aumentar la autoconciencia y las habilidades interpersonales, como m\u00e9todo de prevenci\u00f3n y resoluci\u00f3n de conflictos.<\/p>\n<p style=\"text-align: left\">\u2013 Mentalizar a toda la comunidad educativa y a las familias de la enorme importancia de la Educaci\u00f3n Emocional y no s\u00f3lo de la acad\u00e9mica.<\/p>\n<p style=\"text-align: left\">\u2013 Inculcar el pensamiento positivo.<\/p>\n<p style=\"text-align: left\">\u2013 Minimizar la cultura de la queja.<\/p>\n<h2 style=\"text-align: left\"><span style=\"color: #0000ff;background-color: #99cc00\"><strong>3. PLAN DE ACTUACI\u00d3N:<\/strong><\/span><\/h2>\n<p style=\"text-align: left\">El plan de actuaci\u00f3n se puede estructurar por trimestres as\u00ed comenzar\u00edamos<\/p>\n<h3 style=\"text-align: left\"><span style=\"color: #0000ff\"><strong><em><span style=\"text-decoration: underline\">1\u00ba TRIMESTRE:<\/span><\/em><\/strong><\/span><\/h3>\n<p style=\"text-align: left\">Podemos comenzar a lo largo de todo el primer trimestre con un trabajo grupal en las tutor\u00edas en las que intentaremos favorecer el conocimiento de uno mismo y la empat\u00eda con el grupo. As\u00ed presentaremos las sesiones:<\/p>\n<p style=\"text-align: left\">1. Presentaci\u00f3n del grupo. Cada integrante se presenta.<\/p>\n<p style=\"text-align: left\">2. Conocimiento. El objetivo es que los integrantes obtengan un conocimiento m\u00e1s profundo de s\u00ed mismos y de sus compa\u00f1eros de grupo.<\/p>\n<p style=\"text-align: left\">3. Afecto. Se trabaja en dos direcciones: hacia uno mismo y hacia los\/las dem\u00e1s.<\/p>\n<p style=\"text-align: left\">4. Confianza. Se trata de que los integrantes del grupo desarrollen la confianza entre ellos y con s\u00ed mismos.<\/p>\n<p style=\"text-align: left\">5. Comunicaci\u00f3n. Se busca establecer la comunicaci\u00f3n verbal y no verbal y que aprendan a escucharse entre ellos.<\/p>\n<p style=\"text-align: left\">6. Cooperaci\u00f3n. El objetivo es poder ir desarrollando en el grupo una relaci\u00f3n de cooperaci\u00f3n y no de competencia.<\/p>\n<p style=\"text-align: left\">7. Resoluci\u00f3n no violenta de conflictos. En que debemos activar todos los pasos anteriores para conseguir que este aprendizaje grupal lleve a la resoluci\u00f3n no violenta de los conflictos que se les presentan en la vida diaria.<\/p>\n<h3 style=\"text-align: left\"><span style=\"color: #0000ff\"><strong>&nbsp;<\/strong><strong>Noviembre:<\/strong><\/span><\/h3>\n<p style=\"text-align: left\"><strong><img decoding=\"async\" style=\"border: 2px solid black;float: left;margin: 10px\" src=\"http:\/\/www.juntadeandalucia.es\/averroes\/centros-tic\/21002598\/helvia\/sitio\/upload\/img\/paz_1.jpg\" alt=\"\" width=\"250\" border=\"0\"\/>D\u00eda de los Derechos del ni\u00f1o:<\/strong> Celebraremos los Derechos del Ni\u00f1o, conceptos b\u00e1sicos, protecci\u00f3n, amor, educaci\u00f3n. Trabajaremos a trav\u00e9s de cuentos, murales, dibujos, etc.<\/p>\n<p style=\"text-align: left\"><strong>D\u00eda Contra la violencia de G\u00e9nero<\/strong>: Trabajaremos a trav\u00e9s de cuentos, reflexiones, dibujos, etc.<\/p>\n<p style=\"text-align: left\"><strong>D\u00eda de la Constituci\u00f3n<\/strong>: mostraremos su importancia, qu\u00e9 es, c\u00f3mo sirve para articular la convivencia. Trabajaremos a trav\u00e9s de cuentos, murales, dibujos, y art\u00edculos.<\/p>\n<h3 style=\"text-align: left\">&nbsp;<span style=\"color: #0000ff\"><strong><em><span style=\"text-decoration: underline\">2\u00ba TRIMESTRE:<\/span><\/em><\/strong><\/span><\/h3>\n<p style=\"text-align: left\"><strong>Actividades que estableceremos para el d\u00eda de la Paz el d\u00eda 30 de Enero<\/strong><\/p>\n<p style=\"text-align: left\">Razonar sobre el concepto de paz, respeto y conflictos.<\/p>\n<p style=\"text-align: left\">Os proponemos una <strong>lectura de cuentos<\/strong> y citas c\u00e9lebres por parte de los alumnos o del profesorado. Podemos trabajar un cuento o dos con todo el grupo, o bien diferentes cuentos en grupos peque\u00f1os. Se trata de leer el cuento y sacar la moraleja sobre la paz y la resoluci\u00f3n de conflictos. As\u00ed promovemos el trabajo cooperativo y potenciamos las habilidades comunicativas.<\/p>\n<p style=\"text-align: left\"><strong>Dramatizaciones<\/strong>. Los alumnos se dividir\u00e1n en varios grupos para trabajar una simulaci\u00f3n de situaciones conflictivas. A cada grupo se le dar\u00e1 una tarjeta con una situaci\u00f3n conflictiva que pueda ser cotidiana (una pelea, un conflicto durante el recreo, etc.). Se repartir\u00e1n los papeles de los diferentes personajes y los alumnos preparar\u00e1n una peque\u00f1a dramatizaci\u00f3n para representar ante toda la clase. Despu\u00e9s, entre todos, se comentar\u00e1 y se sacar\u00e1n algunas conclusiones.<\/p>\n<p style=\"text-align: left\">&nbsp;<strong>Murales<\/strong>. Realizaremos murales en los que se trabajen im\u00e1genes, iconos y otros elementos que hagan referencia a la paz y sus beneficios.<\/p>\n<h2 style=\"text-align: left\"><span style=\"color: #0000ff;background-color: #99cc00\">&nbsp;&nbsp;4.&nbsp;&nbsp;&nbsp;&nbsp;&nbsp; EVALUACI\u00d3N.<\/span><\/h2>\n<p style=\"text-align: left\">La evaluaci\u00f3n del proyecto ser\u00e1 continua, ya que la tem\u00e1tica que tratamos se halla inmersa en los temas transversales.<\/p>\n<p style=\"text-align: left\">Se valorar\u00e1 la informaci\u00f3n que aportemos para trabajar las distintas actividades.<\/p>\n<p style=\"text-align: left\">Se valorar\u00e1n los sectores implicados, los recursos humanos y los materiales necesarios.<\/p>\n<p style=\"text-align: left\">Se valorar\u00e1 la puesta en pr\u00e1ctica de las actividades.<\/p>\n<p style=\"text-align: left\">Se valorar\u00e1 la experiencia en s\u00ed misma.<\/p>\n<h1><a href=\"https:\/\/blogsaverroes.juntadeandalucia.es\/colegiohermanospinzon\/files\/2020\/01\/escuela-espacio-de-paz-2020.pdf\" target=\"_blank\" rel=\"noopener noreferrer\">PROYECTO ESCUELA ESPACIO DE PAZ CURSO 2019-20<\/a><\/h1>\n","protected":false},"excerpt":{"rendered":"<p>JUSTIFICACI\u00d3N: &nbsp;La construcci\u00f3n de la Cultura de Paz consiste en favorecer los valores, las actitudes y las conductas que manifiestan y suscitan interacciones e intercambios&hellip;<\/p>\n","protected":false},"author":2166,"featured_media":0,"parent":0,"menu_order":0,"comment_status":"closed","ping_status":"closed","template":"","meta":{"ngg_post_thumbnail":0,"footnotes":"","_mc_calendar":[]},"aioseo_notices":[],"_links":{"self":[{"href":"https:\/\/blogsaverroes.juntadeandalucia.es\/colegiohermanospinzon\/wp-json\/wp\/v2\/pages\/2763"}],"collection":[{"href":"https:\/\/blogsaverroes.juntadeandalucia.es\/colegiohermanospinzon\/wp-json\/wp\/v2\/pages"}],"about":[{"href":"https:\/\/blogsaverroes.juntadeandalucia.es\/colegiohermanospinzon\/wp-json\/wp\/v2\/types\/page"}],"author":[{"embeddable":true,"href":"https:\/\/blogsaverroes.juntadeandalucia.es\/colegiohermanospinzon\/wp-json\/wp\/v2\/users\/2166"}],"replies":[{"embeddable":true,"href":"https:\/\/blogsaverroes.juntadeandalucia.es\/colegiohermanospinzon\/wp-json\/wp\/v2\/comments?post=2763"}],"version-history":[{"count":5,"href":"https:\/\/blogsaverroes.juntadeandalucia.es\/colegiohermanospinzon\/wp-json\/wp\/v2\/pages\/2763\/revisions"}],"predecessor-version":[{"id":9916,"href":"https:\/\/blogsaverroes.juntadeandalucia.es\/colegiohermanospinzon\/wp-json\/wp\/v2\/pages\/2763\/revisions\/9916"}],"wp:attachment":[{"href":"https:\/\/blogsaverroes.juntadeandalucia.es\/colegiohermanospinzon\/wp-json\/wp\/v2\/media?parent=2763"}],"curies":[{"name":"wp","href":"https:\/\/api.w.org\/{rel}","templated":true}]}}