{"id":2812,"date":"2015-11-30T10:30:15","date_gmt":"2015-11-30T10:30:15","guid":{"rendered":"http:\/\/blogsaverroes.juntadeandalucia.es\/colegiohermanospinzon\/?page_id=2812"},"modified":"2024-10-11T11:36:51","modified_gmt":"2024-10-11T11:36:51","slug":"consejo-escolar","status":"publish","type":"page","link":"https:\/\/blogsaverroes.juntadeandalucia.es\/colegiohermanospinzon\/consejo-escolar\/","title":{"rendered":"Consejo Escolar"},"content":{"rendered":"<h2 style=\"text-align: center\"><strong>MIEMBROS&nbsp;<\/strong><\/h2>\n<p><a href=\"https:\/\/www.juntadeandalucia.es\/educacion\/portals\/web\/ced\/consejos-escolares\" target=\"_blank\" rel=\"noopener\">INFORMACI\u00d3N ELECCIONES AL CONSEJO ESCOLAR 2024-2025<\/a><\/p>\n<p>El&nbsp;<strong>Consejo Escolar&nbsp;<\/strong>de nuestro Centro est\u00e1 formado por 15 personas.<\/p>\n<table style=\"border-color: #631010;background-color: #edede4;width: 76.0321%;height: 703px\" border=\"2\" cellspacing=\"1\" cellpadding=\"2\">\n<caption>&nbsp;<\/caption>\n<tbody>\n<tr style=\"border-color: #e02d2d;background-color: #d9ed80\">\n<td style=\"text-align: center;width: 43.4049%;height: 24px\"><strong>SECTOR<\/strong><\/td>\n<td style=\"text-align: center;width: 83.03%;height: 24px\"><strong>MIEMBROS<\/strong><\/td>\n<\/tr>\n<tr style=\"height: 144px\">\n<td style=\"vertical-align: middle;text-align: center;background-color: #8ce031;width: 43.4049%;height: 144px\">EQUIPO DIRECTIVO<\/td>\n<td style=\"text-align: right;width: 83.03%;height: 144px\">Jes\u00fas M. Fern\u00e1ndez \u00c1lvarez<\/p>\n<p>Raquel Moreau Dur\u00e1n<\/p>\n<p>Francisco Fern\u00e1ndez M\u00e1rquez<\/td>\n<\/tr>\n<tr style=\"height: 386px\">\n<td style=\"vertical-align: middle;text-align: center;background-color: #d69f6f;width: 43.4049%;height: 271px\">PROFESORADO<\/td>\n<td style=\"text-align: right;width: 83.03%;height: 271px\">Breva Caballero, Antonia Cinta<\/p>\n<p>Alonso Rubio, Mar\u00eda Jos\u00e9<\/p>\n<p>Gonz\u00e1lez Serrano, Mar\u00edn<\/p>\n<p>Llaves S\u00e1nchez, Carmen<\/p>\n<p>S\u00e1nchez Bruquetas, Mar\u00eda Teresa<\/p>\n<p>Torralbo Mej\u00edas, Mar\u00eda del Roc\u00edo<\/p>\n<p>Suero Fierro, Antonia<\/td>\n<\/tr>\n<tr style=\"height: 434px\">\n<td style=\"vertical-align: middle;text-align: center;background-color: #38e8d1;width: 43.4049%;height: 282px\">PADRES-MADRES ALUMNADO<\/td>\n<td style=\"text-align: right;width: 83.03%;height: 282px\">Camacho Mill\u00e1n, Milagros<\/p>\n<p>Moreno Ruiz, Sof\u00eda<\/p>\n<p>V\u00e1zquez Rivero, Mar\u00eda Cinta<\/td>\n<\/tr>\n<tr style=\"height: 24px\">\n<td style=\"vertical-align: middle;text-align: center;background-color: #70bd5b;width: 43.4049%;height: 24px\">REPRESENTANTE &nbsp;CORPORACI\u00d3N LOCAL<\/td>\n<td style=\"text-align: right;width: 83.03%;height: 24px\">Milagros Romero<\/td>\n<\/tr>\n<tr style=\"height: 24px\">\n<td style=\"vertical-align: middle;text-align: center;background-color: #70bd5b;width: 43.4049%;height: 24px\">ADMINISTRACION Y SERVICIOS<\/td>\n<td style=\"text-align: right;width: 83.03%;height: 24px\">Juan Eugenio Romero Moreno&nbsp;<\/td>\n<\/tr>\n<\/tbody>\n<\/table>\n","protected":false},"excerpt":{"rendered":"<p>MIEMBROS&nbsp; INFORMACI\u00d3N ELECCIONES AL CONSEJO ESCOLAR 2024-2025 El&nbsp;Consejo Escolar&nbsp;de nuestro Centro est\u00e1 formado por 15 personas. &nbsp; SECTOR MIEMBROS EQUIPO DIRECTIVO Jes\u00fas M. Fern\u00e1ndez \u00c1lvarez&hellip;<\/p>\n","protected":false},"author":2166,"featured_media":0,"parent":0,"menu_order":0,"comment_status":"closed","ping_status":"closed","template":"","meta":{"ngg_post_thumbnail":0,"footnotes":"","_mc_calendar":[]},"aioseo_notices":[],"_links":{"self":[{"href":"https:\/\/blogsaverroes.juntadeandalucia.es\/colegiohermanospinzon\/wp-json\/wp\/v2\/pages\/2812"}],"collection":[{"href":"https:\/\/blogsaverroes.juntadeandalucia.es\/colegiohermanospinzon\/wp-json\/wp\/v2\/pages"}],"about":[{"href":"https:\/\/blogsaverroes.juntadeandalucia.es\/colegiohermanospinzon\/wp-json\/wp\/v2\/types\/page"}],"author":[{"embeddable":true,"href":"https:\/\/blogsaverroes.juntadeandalucia.es\/colegiohermanospinzon\/wp-json\/wp\/v2\/users\/2166"}],"replies":[{"embeddable":true,"href":"https:\/\/blogsaverroes.juntadeandalucia.es\/colegiohermanospinzon\/wp-json\/wp\/v2\/comments?post=2812"}],"version-history":[{"count":29,"href":"https:\/\/blogsaverroes.juntadeandalucia.es\/colegiohermanospinzon\/wp-json\/wp\/v2\/pages\/2812\/revisions"}],"predecessor-version":[{"id":11694,"href":"https:\/\/blogsaverroes.juntadeandalucia.es\/colegiohermanospinzon\/wp-json\/wp\/v2\/pages\/2812\/revisions\/11694"}],"wp:attachment":[{"href":"https:\/\/blogsaverroes.juntadeandalucia.es\/colegiohermanospinzon\/wp-json\/wp\/v2\/media?parent=2812"}],"curies":[{"name":"wp","href":"https:\/\/api.w.org\/{rel}","templated":true}]}}