{"id":3021,"date":"2015-12-07T18:36:03","date_gmt":"2015-12-07T18:36:03","guid":{"rendered":"http:\/\/blogsaverroes.juntadeandalucia.es\/colegiohermanospinzon\/?page_id=3021"},"modified":"2020-12-09T17:51:19","modified_gmt":"2020-12-09T17:51:19","slug":"e-o-e","status":"publish","type":"page","link":"https:\/\/blogsaverroes.juntadeandalucia.es\/colegiohermanospinzon\/e-o-e\/","title":{"rendered":"E.O.E."},"content":{"rendered":"<h2 id=\"tituloItem\" class=\"blockTituloItem\"><strong><span class=\"tituloItem\" style=\"color: #0000ff\">EQUIPO DE ORIENTACI\u00d3N PEDAG\u00d3GICA<\/span><\/strong><\/h2>\n<div id=\"contenido_sitio\">\n<div style=\"text-align: justify\"><strong>Los Equipos de Orientaci\u00f3n Educativa y son un servicio de apoyo del sistema educativo a los centros de ense\u00f1anza no universitaria, que poseen un car\u00e1cter multidisciplinar y cuya funci\u00f3n principal es la de asesorar y orientar a los centros en la organizaci\u00f3n de la respuesta educativa.<\/strong><\/div>\n<p style=\"text-align: justify\"><strong><span style=\"color: #0000ff\"><em>Funciones principales de los E.O.E.Ps.<\/em><\/span><br \/>\n<\/strong><\/p>\n<div style=\"text-align: justify\"><strong>Ser\u00e1n los responsable, junto con los \u00f3rganos de los centros, de la intervenci\u00f3n psicopedag\u00f3gica y la orientaci\u00f3n educativa en los centros de su zona. Sus funciones ser\u00e1n:<\/strong><\/div>\n<div style=\"text-align: justify\">\n<p style=\"padding-left: 30px\"><strong>&#8211; Colaborar en los diferentes procesos de concreci\u00f3n curricular.<br \/>\n&#8211; Valorar las Necesidades Educativas Especiales del alumnado, asesorando en la respuesta educativa m\u00e1s adecuada, participando en el seguimiento del proceso de estso alumnos y alumnas.<br \/>\n&#8211; Asesorar a los centros y colaborar en la orientaci\u00f3n individual y grupal del alumnado, participando, entre otros, en los dise\u00f1os de los planes de Acci\u00f3n Tutorial, Orientaci\u00f3n Profesional, Programas de Garant\u00eda Social y Acciones Compensadoras de la educaci\u00f3n.<br \/>\n&#8211; Colaborar con el tutor y la tutora en el asesoramiento a las familias sobre el proceso educativo de sus hijos e hijas, colaborando en el desarrollo de relaciones cooperativas entre los miembros de la Comunidad Educativa.<br \/>\n&#8211; Colaborar con las familias, Asociaciones de padres y Madres del Alumnado, Asociaciones de Alumnos y Alumnas y otras organizaciones sociales, en aquellos aspectos que redunden en el proceso educativo del alumnado.<br \/>\n&#8211; Colaborar con los centros educativos y otras instituciones en los procesos de formaci\u00f3n de los profesionales de la educaci\u00f3n de su sector.<br \/>\n&#8211; Promover y desarrollar trabajos de investigaci\u00f3n. Elaborar y difundir temas y materiales relacionados con los procesos educativos.<br \/>\n&#8211; Coordinarse con otras instituciones y servicios que incidan en su \u00e1mbitos de actuaci\u00f3n.<br \/>\n&#8211; Favorecer la colaboraci\u00f3n que posibilite la coordinaci\u00f3n de actuaciones entre los diferentes centros educativos del sector.<br \/>\n&#8211; Colaborar en la elaboraci\u00f3n del Mapa de Necesidades Educativas con el fin de racionalizar los recursos disponibles.<br \/>\n&#8211; Colaborar con las instituciones que tengan competencias, en la resoluci\u00f3n del absentismo escolar.<\/strong><\/p>\n<\/div>\n<div>\n<p>&nbsp;<\/p>\n<\/div>\n<\/div>\n","protected":false},"excerpt":{"rendered":"<p>EQUIPO DE ORIENTACI\u00d3N PEDAG\u00d3GICA Los Equipos de Orientaci\u00f3n Educativa y son un servicio de apoyo del sistema educativo a los centros de ense\u00f1anza no universitaria,&hellip;<\/p>\n","protected":false},"author":2166,"featured_media":0,"parent":0,"menu_order":0,"comment_status":"closed","ping_status":"closed","template":"","meta":{"ngg_post_thumbnail":0,"footnotes":"","_mc_calendar":[]},"aioseo_notices":[],"_links":{"self":[{"href":"https:\/\/blogsaverroes.juntadeandalucia.es\/colegiohermanospinzon\/wp-json\/wp\/v2\/pages\/3021"}],"collection":[{"href":"https:\/\/blogsaverroes.juntadeandalucia.es\/colegiohermanospinzon\/wp-json\/wp\/v2\/pages"}],"about":[{"href":"https:\/\/blogsaverroes.juntadeandalucia.es\/colegiohermanospinzon\/wp-json\/wp\/v2\/types\/page"}],"author":[{"embeddable":true,"href":"https:\/\/blogsaverroes.juntadeandalucia.es\/colegiohermanospinzon\/wp-json\/wp\/v2\/users\/2166"}],"replies":[{"embeddable":true,"href":"https:\/\/blogsaverroes.juntadeandalucia.es\/colegiohermanospinzon\/wp-json\/wp\/v2\/comments?post=3021"}],"version-history":[{"count":5,"href":"https:\/\/blogsaverroes.juntadeandalucia.es\/colegiohermanospinzon\/wp-json\/wp\/v2\/pages\/3021\/revisions"}],"predecessor-version":[{"id":10134,"href":"https:\/\/blogsaverroes.juntadeandalucia.es\/colegiohermanospinzon\/wp-json\/wp\/v2\/pages\/3021\/revisions\/10134"}],"wp:attachment":[{"href":"https:\/\/blogsaverroes.juntadeandalucia.es\/colegiohermanospinzon\/wp-json\/wp\/v2\/media?parent=3021"}],"curies":[{"name":"wp","href":"https:\/\/api.w.org\/{rel}","templated":true}]}}