{"id":4182,"date":"2016-02-03T19:03:34","date_gmt":"2016-02-03T19:03:34","guid":{"rendered":"http:\/\/blogsaverroes.juntadeandalucia.es\/colegiohermanospinzon\/?page_id=4182"},"modified":"2016-02-03T19:06:13","modified_gmt":"2016-02-03T19:06:13","slug":"descargas","status":"publish","type":"page","link":"https:\/\/blogsaverroes.juntadeandalucia.es\/colegiohermanospinzon\/descargas\/","title":{"rendered":"Descargas"},"content":{"rendered":"<blockquote><p><a href=\"http:\/\/blogsaverroes.juntadeandalucia.es\/colegiohermanospinzon\/files\/2016\/02\/escudoweb.jpg\"><img decoding=\"async\" class=\"alignleft size-thumbnail wp-image-4184\" src=\"http:\/\/blogsaverroes.juntadeandalucia.es\/colegiohermanospinzon\/files\/2016\/02\/escudoweb-150x150.jpg\" alt=\"escudoweb\" width=\"150\" height=\"150\" srcset=\"https:\/\/blogsaverroes.juntadeandalucia.es\/colegiohermanospinzon\/files\/2016\/02\/escudoweb-150x150.jpg 150w, https:\/\/blogsaverroes.juntadeandalucia.es\/colegiohermanospinzon\/files\/2016\/02\/escudoweb-100x100.jpg 100w, https:\/\/blogsaverroes.juntadeandalucia.es\/colegiohermanospinzon\/files\/2016\/02\/escudoweb-268x268.jpg 268w\" sizes=\"(max-width: 150px) 100vw, 150px\" \/><\/a><strong>Desde este apartado tendremos acceso r\u00e1pido a diversa documentaci\u00f3n en relaci\u00f3n con el personal del centro.<\/strong><\/p><\/blockquote>\n<table style=\"height: 341px\" width=\"599\">\n<tbody>\n<tr>\n<td style=\"vertical-align: middle;text-align: left\"><strong>SOLICITUD PERMISO\u00a0<\/strong><\/td>\n<td><a href=\"http:\/\/blogsaverroes.juntadeandalucia.es\/colegiohermanospinzon\/files\/2016\/02\/ANEXOI_permisos.pdf\"><img decoding=\"async\" class=\"alignleft wp-image-4183 size-full\" src=\"http:\/\/blogsaverroes.juntadeandalucia.es\/colegiohermanospinzon\/files\/2016\/02\/descarga.jpg\" alt=\"descarga\" width=\"304\" height=\"64\" srcset=\"https:\/\/blogsaverroes.juntadeandalucia.es\/colegiohermanospinzon\/files\/2016\/02\/descarga.jpg 304w, https:\/\/blogsaverroes.juntadeandalucia.es\/colegiohermanospinzon\/files\/2016\/02\/descarga-300x63.jpg 300w\" sizes=\"(max-width: 304px) 100vw, 304px\" \/><\/a><\/td>\n<\/tr>\n<tr>\n<td style=\"vertical-align: middle;text-align: left\"><strong>CAMBIO ENTIDAD M\u00c9DICA<\/strong><\/td>\n<td><a href=\"http:\/\/blogsaverroes.juntadeandalucia.es\/colegiohermanospinzon\/files\/2015\/11\/Cambioentmedica.pdf\" target=\"_blank\"><img decoding=\"async\" class=\"alignleft wp-image-4183 size-full\" src=\"http:\/\/blogsaverroes.juntadeandalucia.es\/colegiohermanospinzon\/files\/2016\/02\/descarga.jpg\" alt=\"descarga\" width=\"304\" height=\"64\" srcset=\"https:\/\/blogsaverroes.juntadeandalucia.es\/colegiohermanospinzon\/files\/2016\/02\/descarga.jpg 304w, https:\/\/blogsaverroes.juntadeandalucia.es\/colegiohermanospinzon\/files\/2016\/02\/descarga-300x63.jpg 300w\" sizes=\"(max-width: 304px) 100vw, 304px\" \/><\/a><\/td>\n<\/tr>\n<tr>\n<td style=\"vertical-align: middle;text-align: left\"><strong>JUSTIFICACI\u00d3N FALTAS ALUMNADO<\/strong><\/td>\n<td><a href=\"http:\/\/blogsaverroes.juntadeandalucia.es\/colegiohermanospinzon\/files\/2016\/02\/JUSTIFICACIONFALTAS.pdf\" target=\"_blank\"><img decoding=\"async\" class=\"alignleft wp-image-4183 size-full\" src=\"http:\/\/blogsaverroes.juntadeandalucia.es\/colegiohermanospinzon\/files\/2016\/02\/descarga.jpg\" alt=\"descarga\" width=\"304\" height=\"64\" srcset=\"https:\/\/blogsaverroes.juntadeandalucia.es\/colegiohermanospinzon\/files\/2016\/02\/descarga.jpg 304w, https:\/\/blogsaverroes.juntadeandalucia.es\/colegiohermanospinzon\/files\/2016\/02\/descarga-300x63.jpg 300w\" sizes=\"(max-width: 304px) 100vw, 304px\" \/><\/a><\/td>\n<\/tr>\n<tr>\n<td style=\"vertical-align: middle;text-align: left\"><strong>LISTADO DE TEL\u00c9FONOS DE DELEGACI\u00d3N<\/strong><\/td>\n<td><a href=\"http:\/\/blogsaverroes.juntadeandalucia.es\/colegiohermanospinzon\/files\/2016\/02\/Telefonos_email_y_n_corporativo.pdf\" target=\"_blank\"><img decoding=\"async\" class=\"alignleft wp-image-4183 size-full\" src=\"http:\/\/blogsaverroes.juntadeandalucia.es\/colegiohermanospinzon\/files\/2016\/02\/descarga.jpg\" alt=\"descarga\" width=\"304\" height=\"64\" srcset=\"https:\/\/blogsaverroes.juntadeandalucia.es\/colegiohermanospinzon\/files\/2016\/02\/descarga.jpg 304w, https:\/\/blogsaverroes.juntadeandalucia.es\/colegiohermanospinzon\/files\/2016\/02\/descarga-300x63.jpg 300w\" sizes=\"(max-width: 304px) 100vw, 304px\" \/><\/a><\/td>\n<\/tr>\n<tr>\n<td style=\"vertical-align: middle;text-align: left\"><strong>SOLICITUD SEXENIOS<\/strong><\/td>\n<td><a href=\"http:\/\/blogsaverroes.juntadeandalucia.es\/colegiohermanospinzon\/files\/2016\/02\/impreso_sexenios.pdf\" target=\"_blank\"><img decoding=\"async\" class=\"alignleft wp-image-4183 size-full\" src=\"http:\/\/blogsaverroes.juntadeandalucia.es\/colegiohermanospinzon\/files\/2016\/02\/descarga.jpg\" alt=\"descarga\" width=\"304\" height=\"64\" srcset=\"https:\/\/blogsaverroes.juntadeandalucia.es\/colegiohermanospinzon\/files\/2016\/02\/descarga.jpg 304w, https:\/\/blogsaverroes.juntadeandalucia.es\/colegiohermanospinzon\/files\/2016\/02\/descarga-300x63.jpg 300w\" sizes=\"(max-width: 304px) 100vw, 304px\" \/><\/a><\/td>\n<\/tr>\n<tr>\n<td><\/td>\n<td><\/td>\n<\/tr>\n<tr>\n<td><\/td>\n<td><\/td>\n<\/tr>\n<\/tbody>\n<\/table>\n","protected":false},"excerpt":{"rendered":"<p>Desde este apartado tendremos acceso r\u00e1pido a diversa documentaci\u00f3n en relaci\u00f3n con el personal del centro. SOLICITUD PERMISO\u00a0 CAMBIO ENTIDAD M\u00c9DICA JUSTIFICACI\u00d3N FALTAS ALUMNADO LISTADO&hellip;<\/p>\n","protected":false},"author":2166,"featured_media":0,"parent":0,"menu_order":0,"comment_status":"closed","ping_status":"closed","template":"","meta":{"ngg_post_thumbnail":0,"footnotes":"","_mc_calendar":[]},"aioseo_notices":[],"_links":{"self":[{"href":"https:\/\/blogsaverroes.juntadeandalucia.es\/colegiohermanospinzon\/wp-json\/wp\/v2\/pages\/4182"}],"collection":[{"href":"https:\/\/blogsaverroes.juntadeandalucia.es\/colegiohermanospinzon\/wp-json\/wp\/v2\/pages"}],"about":[{"href":"https:\/\/blogsaverroes.juntadeandalucia.es\/colegiohermanospinzon\/wp-json\/wp\/v2\/types\/page"}],"author":[{"embeddable":true,"href":"https:\/\/blogsaverroes.juntadeandalucia.es\/colegiohermanospinzon\/wp-json\/wp\/v2\/users\/2166"}],"replies":[{"embeddable":true,"href":"https:\/\/blogsaverroes.juntadeandalucia.es\/colegiohermanospinzon\/wp-json\/wp\/v2\/comments?post=4182"}],"version-history":[{"count":3,"href":"https:\/\/blogsaverroes.juntadeandalucia.es\/colegiohermanospinzon\/wp-json\/wp\/v2\/pages\/4182\/revisions"}],"predecessor-version":[{"id":4193,"href":"https:\/\/blogsaverroes.juntadeandalucia.es\/colegiohermanospinzon\/wp-json\/wp\/v2\/pages\/4182\/revisions\/4193"}],"wp:attachment":[{"href":"https:\/\/blogsaverroes.juntadeandalucia.es\/colegiohermanospinzon\/wp-json\/wp\/v2\/media?parent=4182"}],"curies":[{"name":"wp","href":"https:\/\/api.w.org\/{rel}","templated":true}]}}