{"id":436,"date":"2015-03-20T07:08:17","date_gmt":"2015-03-20T07:08:17","guid":{"rendered":"http:\/\/blogsaverroes.juntadeandalucia.es\/pre\/ceip\/?page_id=436"},"modified":"2015-12-07T18:24:23","modified_gmt":"2015-12-07T18:24:23","slug":"ed-primaria-3o-ciclo","status":"publish","type":"page","link":"https:\/\/blogsaverroes.juntadeandalucia.es\/colegiohermanospinzon\/ed-primaria-3o-ciclo\/","title":{"rendered":"Ed. Primaria. 3\u00ba ciclo"},"content":{"rendered":"<p><img decoding=\"async\" class=\"alignnone size-medium wp-image-1617\" src=\"http:\/\/blogsaverroes.juntadeandalucia.es\/colegiohermanospinzon\/files\/2015\/03\/educacion3-300x161.png\" alt=\"educacion3\" width=\"300\" height=\"161\" srcset=\"https:\/\/blogsaverroes.juntadeandalucia.es\/colegiohermanospinzon\/files\/2015\/03\/educacion3-300x161.png 300w, https:\/\/blogsaverroes.juntadeandalucia.es\/colegiohermanospinzon\/files\/2015\/03\/educacion3-332x178.png 332w, https:\/\/blogsaverroes.juntadeandalucia.es\/colegiohermanospinzon\/files\/2015\/03\/educacion3.png 640w\" sizes=\"(max-width: 300px) 100vw, 300px\" \/><\/p>\n<h2 id=\"tituloItem\" class=\"blockTituloItem\"><span style=\"color: #cf3e3e\"><strong>CIBERNORMAS EN INTERNET<\/strong><\/span><\/h2>\n<ul>\n<li><span class=\"texto\">No des nunca informaci\u00f3n personal sobre t\u00ed, tu colegio o tu casa. No env\u00edes fotograf\u00edas sin el permiso de tus padres.<\/span><\/li>\n<li><span class=\"texto\">No respondas nunca a mensajes o tablones de anuncios en los que se incluya mensajes agresivos, obscenos, amenazantes o que te hagan sentir mal.<\/span><\/li>\n<li><span class=\"texto\">Ten mucho cuidado cuando alguien te ofrezca algo por nada en internet, y te de una direcci\u00f3n a la que acercarte a por un regalo. Si asistes debe ser con tus padres.<\/span><\/li>\n<li><span class=\"texto\">Cuando recibas o encuentres una informaci\u00f3n que te haga sentir inc\u00f3modo\/a d\u00edselo inmediatamente a tus padres.<\/span><\/li>\n<li><span class=\"texto\">No quedes con nadie desconocido sin el permiso de tus padres y sin su presencia.<\/span><\/li>\n<li><span class=\"texto\">Recuerda que la gente que navega por internet no siempre es lo que parece, porque no puedes verles ni o\u00edrles.<\/span><\/li>\n<li><span class=\"texto\">Conoce a tus amigos de internet de la misma forma que conocer a tus otros amigos. no les permitas cosas que no les permitir\u00edas a los que tienes ahora.<\/span><\/li>\n<li><span class=\"texto\">Internet es guay pero tambi\u00e9n tien cosas malas, avisa a tus padres o proffesores cuando te encuentres con alguna informaci\u00f3n que te haga sentir inc\u00f3modo o molesto.<\/span><\/li>\n<li><span class=\"texto\">Borra aquellos correos que vengan de gente que no conoces y que contengan achivos adjuntos, pueden contener virus y estropear el ordenador.<\/span><\/li>\n<li><span class=\"texto\">Mant\u00e9n tu contrase\u00f1a en secreto, no la compartas con nadie, ni con tus mejores amigos, s\u00f3lo con tus padres y tutores.<\/span><\/li>\n<\/ul>\n<div><\/div>\n<blockquote>\n<div><strong><span style=\"color: #cf3e3e\">\u00a1 INTERNET ES UN INSTRUMENTO ESTUPENDO&#8230;..S\u00d3LO HAY QUE UTILIZARLO CON COCO !<\/span><\/strong><\/div>\n<\/blockquote>\n<h3><\/h3>\n","protected":false},"excerpt":{"rendered":"<p>CIBERNORMAS EN INTERNET No des nunca informaci\u00f3n personal sobre t\u00ed, tu colegio o tu casa. No env\u00edes fotograf\u00edas sin el permiso de tus padres. No&hellip;<\/p>\n","protected":false},"author":1,"featured_media":0,"parent":0,"menu_order":0,"comment_status":"closed","ping_status":"open","template":"","meta":{"ngg_post_thumbnail":0,"footnotes":"","_mc_calendar":[]},"aioseo_notices":[],"_links":{"self":[{"href":"https:\/\/blogsaverroes.juntadeandalucia.es\/colegiohermanospinzon\/wp-json\/wp\/v2\/pages\/436"}],"collection":[{"href":"https:\/\/blogsaverroes.juntadeandalucia.es\/colegiohermanospinzon\/wp-json\/wp\/v2\/pages"}],"about":[{"href":"https:\/\/blogsaverroes.juntadeandalucia.es\/colegiohermanospinzon\/wp-json\/wp\/v2\/types\/page"}],"author":[{"embeddable":true,"href":"https:\/\/blogsaverroes.juntadeandalucia.es\/colegiohermanospinzon\/wp-json\/wp\/v2\/users\/1"}],"replies":[{"embeddable":true,"href":"https:\/\/blogsaverroes.juntadeandalucia.es\/colegiohermanospinzon\/wp-json\/wp\/v2\/comments?post=436"}],"version-history":[{"count":3,"href":"https:\/\/blogsaverroes.juntadeandalucia.es\/colegiohermanospinzon\/wp-json\/wp\/v2\/pages\/436\/revisions"}],"predecessor-version":[{"id":3020,"href":"https:\/\/blogsaverroes.juntadeandalucia.es\/colegiohermanospinzon\/wp-json\/wp\/v2\/pages\/436\/revisions\/3020"}],"wp:attachment":[{"href":"https:\/\/blogsaverroes.juntadeandalucia.es\/colegiohermanospinzon\/wp-json\/wp\/v2\/media?parent=436"}],"curies":[{"name":"wp","href":"https:\/\/api.w.org\/{rel}","templated":true}]}}