{"id":870,"date":"2015-03-16T07:24:27","date_gmt":"2015-03-16T07:24:27","guid":{"rendered":"http:\/\/blogsaverroes.juntadeandalucia.es\/pre\/ceip\/?page_id=103"},"modified":"2024-09-16T16:05:33","modified_gmt":"2024-09-16T16:05:33","slug":"aula-matinal","status":"publish","type":"page","link":"https:\/\/blogsaverroes.juntadeandalucia.es\/colegiohermanospinzon\/aula-matinal\/","title":{"rendered":"Aula Matinal"},"content":{"rendered":"<p><span style=\"font-size: medium\"><a href=\"https:\/\/blogsaverroes.juntadeandalucia.es\/colegiohermanospinzon\/files\/2022\/08\/MATINAL.png\"><img decoding=\"async\" class=\"alignleft size-full wp-image-11248\" src=\"https:\/\/blogsaverroes.juntadeandalucia.es\/colegiohermanospinzon\/files\/2022\/08\/MATINAL.png\" alt=\"\" width=\"174\" height=\"195\"\/><\/a>&nbsp;El servicio de&nbsp;<strong>AULA MATINAL&nbsp;<\/strong>del CEIP Hermanos Pinz\u00f3n est\u00e1 adjudicado a la empresa <i>Coperaula.<\/i>&nbsp;Abarca el horario comprendido entre las <strong>7:30 y las 9:00 de la ma\u00f1ana<\/strong>, hora en que se inician las actividades lectivas ordinarias. La incorporaci\u00f3n de los alumnos\/as usuarios puede hacerse, seg\u00fan las necesidades familiares, desde primera hora hasta las 8:50, momento en que se cierra el acceso para esperar la entrada del resto del alumnado.<\/span><\/p>\n<div><span style=\"font-size: medium\">El calendario de funcionamiento del servicio comprende todo el periodo lectivo (desde septiembre hasta junio) y &nbsp;tiene un p<strong>recio de 17.85 euro<\/strong>s, si el alumno\/a hace uso del servicio m\u00e1s de 13 d\u00edas al mes, y de <strong>1.33 euros <\/strong>al d\u00eda si se hace uso del mismo 13 d\u00edas o menos . Este precio p\u00fablico est\u00e1 sujeto a posibles bonificaciones que oscilan desde el 10% al 100%, en funci\u00f3n del nivel de renta familiar.<\/span><\/div>\n<p style=\"text-align: justify\"><span style=\"font-size: medium\">Durante este curso, los usuarios autorizados son 150. La atenci\u00f3n educativa la realizan dos monitoras integradas en la din\u00e1mica del colegio que se ocupan de atender las necesidades de los alumnos\/as y de ofrecerles un aprovechamiento educativo a ese tiempo de ocio.<\/span><\/p>\n","protected":false},"excerpt":{"rendered":"<p>&nbsp;El servicio de&nbsp;AULA MATINAL&nbsp;del CEIP Hermanos Pinz\u00f3n est\u00e1 adjudicado a la empresa Coperaula.&nbsp;Abarca el horario comprendido entre las 7:30 y las 9:00 de la ma\u00f1ana,&hellip;<\/p>\n","protected":false},"author":1,"featured_media":0,"parent":0,"menu_order":0,"comment_status":"closed","ping_status":"closed","template":"","meta":{"ngg_post_thumbnail":0,"footnotes":"","_mc_calendar":[]},"aioseo_notices":[],"_links":{"self":[{"href":"https:\/\/blogsaverroes.juntadeandalucia.es\/colegiohermanospinzon\/wp-json\/wp\/v2\/pages\/870"}],"collection":[{"href":"https:\/\/blogsaverroes.juntadeandalucia.es\/colegiohermanospinzon\/wp-json\/wp\/v2\/pages"}],"about":[{"href":"https:\/\/blogsaverroes.juntadeandalucia.es\/colegiohermanospinzon\/wp-json\/wp\/v2\/types\/page"}],"author":[{"embeddable":true,"href":"https:\/\/blogsaverroes.juntadeandalucia.es\/colegiohermanospinzon\/wp-json\/wp\/v2\/users\/1"}],"replies":[{"embeddable":true,"href":"https:\/\/blogsaverroes.juntadeandalucia.es\/colegiohermanospinzon\/wp-json\/wp\/v2\/comments?post=870"}],"version-history":[{"count":8,"href":"https:\/\/blogsaverroes.juntadeandalucia.es\/colegiohermanospinzon\/wp-json\/wp\/v2\/pages\/870\/revisions"}],"predecessor-version":[{"id":11667,"href":"https:\/\/blogsaverroes.juntadeandalucia.es\/colegiohermanospinzon\/wp-json\/wp\/v2\/pages\/870\/revisions\/11667"}],"wp:attachment":[{"href":"https:\/\/blogsaverroes.juntadeandalucia.es\/colegiohermanospinzon\/wp-json\/wp\/v2\/media?parent=870"}],"curies":[{"name":"wp","href":"https:\/\/api.w.org\/{rel}","templated":true}]}}