{"id":99,"date":"2015-03-16T07:22:54","date_gmt":"2015-03-16T07:22:54","guid":{"rendered":"http:\/\/blogsaverroes.juntadeandalucia.es\/pre\/ceip\/?page_id=99"},"modified":"2024-09-16T16:12:51","modified_gmt":"2024-09-16T16:12:51","slug":"comedor-escolar","status":"publish","type":"page","link":"https:\/\/blogsaverroes.juntadeandalucia.es\/colegiohermanospinzon\/comedor-escolar\/","title":{"rendered":"Comedor escolar"},"content":{"rendered":"<h4><img fetchpriority=\"high\" decoding=\"async\" class=\" alignleft wp-image-238\" src=\"http:\/\/blogsaverroes.juntadeandalucia.es\/colegiohermanospinzon\/files\/2015\/03\/comida.jpg\" alt=\"\" width=\"312\" height=\"183\"\/><\/h4>\n<div>\n<h2><strong>PLAN DE APOYO A LAS FAMILIAS:<\/strong><\/h2>\n<h3><strong>Comedor Escolar:&nbsp;<\/strong><\/h3>\n<div>Nos planteamos este servicio como un espacio educativo importante, donde nuestr@s alumn@s practiquen h\u00e1bitos alimenticios y normas de comportamiento en la mesa.<\/div>\n<div>&nbsp;<\/div>\n<h3><strong>Objetivos:<\/strong><\/h3>\n<div><strong><em>a) Desarrollar h\u00e1bitos alimentarios saludables.<\/em><\/strong><\/div>\n<\/div>\n<p><strong><em>b) Promover la adaptaci\u00f3n de cada ni\u00f1@ a una diversidad de men\u00fas y disciplina en el acto de comer que incluya la cortes\u00eda, la tolerancia, la solidaridad y la educaci\u00f3n para la convivencia.<\/em><\/strong><br \/>\n<strong><em>c) Promover diferentes habilidades: uso espec\u00edfico y efectivo de los cubiertos, conocimiento de los alimentos, de su composici\u00f3n, propiedades nutritivas, de los procesos de elaboraci\u00f3n, descubrimiento del placer de comer, reconocimiento de diferentes formas de preparar la cocina mediterr\u00e1nea y andaluza.<\/em><\/strong><br \/>\n<strong><em>d) Ofrecer una planificaci\u00f3n alimentaria que aporte las sustancias nutritivas que el ni\u00f1@ necesita para su normal desarrollo y completando la alimentaci\u00f3n recibida en casa.<\/em><\/strong><br \/>\n<strong><em>e) Contribuir a la integraci\u00f3n de la familia en la medida que facilita a los padres y madres el ejercicio de sus funciones laborales.<\/em><\/strong><br \/>\n<strong><em>f) Educar a la familia indirectamente con los patrones de conducta adquiridos en la escuela.<\/em><\/strong><br \/>\n<strong><em>g) Desarrollar de forma integral objetivos propuestos por el Proyecto de Salud.<\/em><\/strong><\/p>\n<p>La empresa del comedor presta sus servicios todos los d\u00edas en horario de 14:00 a 16:00 horas con el personal necesario.<\/p>\n<h2><strong>PRECIOS:<\/strong><\/h2>\n<blockquote><p><strong><span style=\"color: #ff0000\">PRECIO POR&nbsp; D\u00cdA: 4,78 EUROS<\/span><\/strong><\/p><\/blockquote>\n<p>El horario de recogida del alumnado es el siguiente:<\/p>\n<ol>\n<li>\n<blockquote><p><strong>Primer Turno:De 14:45 a 15:00 horas.<\/strong><\/p><\/blockquote>\n<\/li>\n<li>\n<blockquote><p><strong>Segundo Turno:De 15:45 a 16:00 horas.<\/strong><\/p>\n<h4><a href=\"https:\/\/blogsaverroes.juntadeandalucia.es\/colegiohermanospinzon\/files\/2024\/09\/Carta_presentacion_Empresa_comedor-1.pdf\">Carta_presentacion_Empresa_comedor <\/a><\/h4>\n<h4><a href=\"https:\/\/blogsaverroes.juntadeandalucia.es\/colegiohermanospinzon\/files\/2024\/09\/NORMAS_SIMPLIFICADAS_COMEDOR.pdf\" target=\"_blank\" rel=\"noopener\">NORMAS_SIMPLIFICADAS_COMEDOR<\/a><\/h4>\n<h2>&nbsp;<strong><span style=\"color: #800000\">MEN\u00daS DEL MES<\/span><\/strong><\/h2>\n<p><a href=\"https:\/\/blogsaverroes.juntadeandalucia.es\/colegiohermanospinzon\/files\/2024\/09\/menu-basal-in-situ-10-30-sept-2024.pdf\" target=\"_blank\" rel=\"noopener\">men\u00fa basal in situ 10-30 sept 2024<\/a><\/p><\/blockquote>\n<\/li>\n<\/ol>\n","protected":false},"excerpt":{"rendered":"<p>PLAN DE APOYO A LAS FAMILIAS: Comedor Escolar:&nbsp; Nos planteamos este servicio como un espacio educativo importante, donde nuestr@s alumn@s practiquen h\u00e1bitos alimenticios y normas&hellip;<\/p>\n","protected":false},"author":1,"featured_media":0,"parent":0,"menu_order":0,"comment_status":"closed","ping_status":"open","template":"","meta":{"ngg_post_thumbnail":0,"footnotes":"","_mc_calendar":[]},"aioseo_notices":[],"_links":{"self":[{"href":"https:\/\/blogsaverroes.juntadeandalucia.es\/colegiohermanospinzon\/wp-json\/wp\/v2\/pages\/99"}],"collection":[{"href":"https:\/\/blogsaverroes.juntadeandalucia.es\/colegiohermanospinzon\/wp-json\/wp\/v2\/pages"}],"about":[{"href":"https:\/\/blogsaverroes.juntadeandalucia.es\/colegiohermanospinzon\/wp-json\/wp\/v2\/types\/page"}],"author":[{"embeddable":true,"href":"https:\/\/blogsaverroes.juntadeandalucia.es\/colegiohermanospinzon\/wp-json\/wp\/v2\/users\/1"}],"replies":[{"embeddable":true,"href":"https:\/\/blogsaverroes.juntadeandalucia.es\/colegiohermanospinzon\/wp-json\/wp\/v2\/comments?post=99"}],"version-history":[{"count":31,"href":"https:\/\/blogsaverroes.juntadeandalucia.es\/colegiohermanospinzon\/wp-json\/wp\/v2\/pages\/99\/revisions"}],"predecessor-version":[{"id":11673,"href":"https:\/\/blogsaverroes.juntadeandalucia.es\/colegiohermanospinzon\/wp-json\/wp\/v2\/pages\/99\/revisions\/11673"}],"wp:attachment":[{"href":"https:\/\/blogsaverroes.juntadeandalucia.es\/colegiohermanospinzon\/wp-json\/wp\/v2\/media?parent=99"}],"curies":[{"name":"wp","href":"https:\/\/api.w.org\/{rel}","templated":true}]}}