{"id":850,"date":"2020-12-18T08:41:27","date_gmt":"2020-12-18T07:41:27","guid":{"rendered":"https:\/\/blogsaverroes.juntadeandalucia.es\/pre\/plantilla-pencil\/?page_id=850"},"modified":"2024-11-18T14:09:28","modified_gmt":"2024-11-18T13:09:28","slug":"documentos-oficiales","status":"publish","type":"page","link":"https:\/\/blogsaverroes.juntadeandalucia.es\/colegiojuanrufo\/documentos-oficiales\/","title":{"rendered":"Documentos oficiales"},"content":{"rendered":"<p><span style=\"font-size: 18pt\">El Plan de Centro<\/span><\/p>\n<p><span style=\"font-size: 12pt\">El Plan de Centro ser\u00e1 elaborado por el equipo directivo y aprobado por el Consejo Escolar, con propuestas del Claustro de Profesorado. <\/span><\/p>\n<p><span style=\"font-size: 12pt\">En su elaboraci\u00f3n el equipo directivo requerir\u00e1 la colaboraci\u00f3n e implicaci\u00f3n del equipo t\u00e9cnico de coordinaci\u00f3n pedag\u00f3gica y de otros \u00f3rganos de coordinaci\u00f3n docente. El Plan de Centro tendr\u00e1 un car\u00e1cter plurianual, obligar\u00e1 a todo el personal del centro y vincular\u00e1 a la comunidad educativa del mismo.<\/span><\/p>\n<p><span style=\"font-size: 12pt\">El Plan de Centro est\u00e1 constituido por:<\/span><\/p>\n<p><span style=\"font-size: 12pt\">El Proyecto Educativo<\/span><\/p>\n<p><span style=\"font-size: 12pt\">El Reglamento de Organizaci\u00f3n y Funcionamiento <\/span><\/p>\n<p><span style=\"font-size: 12pt\">El Proyecto de Gesti\u00f3n<\/span><\/p>\n","protected":false},"excerpt":{"rendered":"<p>El Plan de Centro El Plan de Centro ser\u00e1 elaborado por el equipo directivo y aprobado por el Consejo Escolar, con propuestas del Claustro de Profesorado. En su elaboraci\u00f3n el equipo directivo requerir\u00e1 la colaboraci\u00f3n e implicaci\u00f3n del equipo t\u00e9cnico de coordinaci\u00f3n pedag\u00f3gica y de otros \u00f3rganos de coordinaci\u00f3n docente. El Plan de Centro tendr\u00e1 [&hellip;]<\/p>\n","protected":false},"author":7051,"featured_media":0,"parent":0,"menu_order":0,"comment_status":"closed","ping_status":"closed","template":"","meta":{"_et_pb_use_builder":"off","_et_pb_old_content":"","_et_gb_content_width":"","ngg_post_thumbnail":0,"footnotes":""},"aioseo_notices":[],"_links":{"self":[{"href":"https:\/\/blogsaverroes.juntadeandalucia.es\/colegiojuanrufo\/wp-json\/wp\/v2\/pages\/850"}],"collection":[{"href":"https:\/\/blogsaverroes.juntadeandalucia.es\/colegiojuanrufo\/wp-json\/wp\/v2\/pages"}],"about":[{"href":"https:\/\/blogsaverroes.juntadeandalucia.es\/colegiojuanrufo\/wp-json\/wp\/v2\/types\/page"}],"author":[{"embeddable":true,"href":"https:\/\/blogsaverroes.juntadeandalucia.es\/colegiojuanrufo\/wp-json\/wp\/v2\/users\/7051"}],"replies":[{"embeddable":true,"href":"https:\/\/blogsaverroes.juntadeandalucia.es\/colegiojuanrufo\/wp-json\/wp\/v2\/comments?post=850"}],"version-history":[{"count":13,"href":"https:\/\/blogsaverroes.juntadeandalucia.es\/colegiojuanrufo\/wp-json\/wp\/v2\/pages\/850\/revisions"}],"predecessor-version":[{"id":1331,"href":"https:\/\/blogsaverroes.juntadeandalucia.es\/colegiojuanrufo\/wp-json\/wp\/v2\/pages\/850\/revisions\/1331"}],"wp:attachment":[{"href":"https:\/\/blogsaverroes.juntadeandalucia.es\/colegiojuanrufo\/wp-json\/wp\/v2\/media?parent=850"}],"curies":[{"name":"wp","href":"https:\/\/api.w.org\/{rel}","templated":true}]}}