{"id":2310,"date":"2016-04-22T09:32:15","date_gmt":"2016-04-22T07:32:15","guid":{"rendered":"http:\/\/blogsaverroes.juntadeandalucia.es\/colegiojuanvalera\/?page_id=2310"},"modified":"2025-06-30T13:06:30","modified_gmt":"2025-06-30T11:06:30","slug":"home-2","status":"publish","type":"page","link":"https:\/\/blogsaverroes.juntadeandalucia.es\/colegiojuanvalera\/","title":{"rendered":"Inicio"},"content":{"rendered":"<h2>Bienvenidos al Colegio de Educaci\u00f3n Infantil y Primaria \u00ab<strong><em>Juan Valera<\/em><\/strong>\u00ab. \u00a1\u00danete a nosotros!<\/h2>\n<h5>Aqu\u00ed puedes leer informaci\u00f3n para los auxiliares de conversaci\u00f3n. <a href=\"https:\/\/blogsaverroes.juntadeandalucia.es\/colegiojuanvalera\/files\/2025\/04\/ESPANOL_Ficha-Informativa-para-AACC-25.26.pdf\">Pincha aqu\u00ed<\/a><\/h5>\n<hr \/>\n<h2>&nbsp;Welcome to &#8216;<strong><em>Juan Valera<\/em><\/strong>&#8216; School (Pre-School and Primary Education).\u00a1Join us!<\/h2>\n<h5><strong style=\"font-size: 16px\">Information Sheet for LANGUAGE Assistants. <a href=\"https:\/\/blogsaverroes.juntadeandalucia.es\/colegiojuanvalera\/files\/2025\/04\/English_Information-sheet-for-LA-25.26.pdf\">Pincha aqu\u00ed<\/a><\/strong><\/h5>\n<hr \/>\n<div class=\"page\" title=\"Page 1\">\n<div class=\"layoutArea\">\n<div class=\"column\">\n<div class=\"page\" title=\"Page 1\">\n<div class=\"section\">\n<div class=\"layoutArea\">\n<div><img loading=\"lazy\" decoding=\"async\" class=\"aligncenter size-full wp-image-6540\" src=\"https:\/\/blogsaverroes.juntadeandalucia.es\/colegiojuanvalera\/files\/2020\/09\/estrella-imagen-animada-0149.gif\" alt=\"\" width=\"200\" height=\"61\"\/><\/div>\n<p>Ya pod\u00e9is consultar en nuestro tab\u00f3n de anuncios las listas de los servicios complementarios de nuestro centro hasta el d\u00eda 30 de junio y en la secretar\u00eda virtual de forma personalizada.<\/p>\n<div class=\"column\">\n<h3>Aqu\u00ed os dejamos los listados con los materiales necesarios para los primeros d\u00edas de clase y las fechas y horarios de entrega en el centro de:<\/h3>\n<ul>\n<li><a href=\"https:\/\/blogsaverroes.juntadeandalucia.es\/colegiojuanvalera\/files\/2025\/06\/LISTADO-DE-MATERIAL-3-ANOS-A-Y-B-CURSO-2025-1.pdf\">Infantil 3 a\u00f1os (Pincha aqu\u00ed)<\/a><\/li>\n<li><a href=\"https:\/\/blogsaverroes.juntadeandalucia.es\/colegiojuanvalera\/files\/2025\/06\/LISTA-DE-MATERIAL-4-ANOS-2025-2026.pdf\">Infantil 4 a\u00f1os (Pincha aqu\u00ed)<\/a><\/li>\n<li>Infantil <a href=\"https:\/\/blogsaverroes.juntadeandalucia.es\/colegiojuanvalera\/files\/2025\/06\/Listado_Material_Cinco_Anos_A_2025_2026.pdf\">5 a\u00f1os A (Pincha aqu\u00ed)<\/a> y <a href=\"https:\/\/blogsaverroes.juntadeandalucia.es\/colegiojuanvalera\/files\/2025\/06\/Listado_Material_Cinco_Anos_B_2025_2026.-Definitiva1.pdf\">5 a\u00f1os B (Pincha aqu\u00ed)<\/a><\/li>\n<\/ul>\n<\/div>\n<\/div>\n<\/div>\n<\/div>\n<\/div>\n<\/div>\n<\/div>\n","protected":false},"excerpt":{"rendered":"<p>Bienvenidos al Colegio de Educaci\u00f3n Infantil y Primaria \u00abJuan Valera\u00ab. \u00a1\u00danete a nosotros! Aqu\u00ed puedes leer informaci\u00f3n para los auxiliares de conversaci\u00f3n. Pincha aqu\u00ed &nbsp;Welcome to &#8216;Juan Valera&#8216; School (Pre-School and Primary Education).\u00a1Join us! Information Sheet for LANGUAGE Assistants. Pincha aqu\u00ed Ya pod\u00e9is consultar en nuestro tab\u00f3n de anuncios las listas de los servicios complementarios &hellip; <\/p>\n<p><a class=\"more-link btn\" href=\"https:\/\/blogsaverroes.juntadeandalucia.es\/colegiojuanvalera\/\">Seguir leyendo<\/a><\/p>\n","protected":false},"author":3037,"featured_media":0,"parent":0,"menu_order":1,"comment_status":"closed","ping_status":"closed","template":"template-threecolumnscenter.php","meta":{"ngg_post_thumbnail":0,"footnotes":"","_mc_calendar":[]},"aioseo_notices":[],"_links":{"self":[{"href":"https:\/\/blogsaverroes.juntadeandalucia.es\/colegiojuanvalera\/wp-json\/wp\/v2\/pages\/2310"}],"collection":[{"href":"https:\/\/blogsaverroes.juntadeandalucia.es\/colegiojuanvalera\/wp-json\/wp\/v2\/pages"}],"about":[{"href":"https:\/\/blogsaverroes.juntadeandalucia.es\/colegiojuanvalera\/wp-json\/wp\/v2\/types\/page"}],"author":[{"embeddable":true,"href":"https:\/\/blogsaverroes.juntadeandalucia.es\/colegiojuanvalera\/wp-json\/wp\/v2\/users\/3037"}],"replies":[{"embeddable":true,"href":"https:\/\/blogsaverroes.juntadeandalucia.es\/colegiojuanvalera\/wp-json\/wp\/v2\/comments?post=2310"}],"version-history":[{"count":139,"href":"https:\/\/blogsaverroes.juntadeandalucia.es\/colegiojuanvalera\/wp-json\/wp\/v2\/pages\/2310\/revisions"}],"predecessor-version":[{"id":4809,"href":"https:\/\/blogsaverroes.juntadeandalucia.es\/colegiojuanvalera\/wp-json\/wp\/v2\/pages\/2310\/revisions\/4809"}],"wp:attachment":[{"href":"https:\/\/blogsaverroes.juntadeandalucia.es\/colegiojuanvalera\/wp-json\/wp\/v2\/media?parent=2310"}],"curies":[{"name":"wp","href":"https:\/\/api.w.org\/{rel}","templated":true}]}}