{"id":2349,"date":"2016-05-16T10:06:08","date_gmt":"2016-05-16T08:06:08","guid":{"rendered":"http:\/\/blogsaverroes.juntadeandalucia.es\/colegiojuanvalera\/?page_id=2349"},"modified":"2021-06-03T10:39:20","modified_gmt":"2021-06-03T08:39:20","slug":"dependencias","status":"publish","type":"page","link":"https:\/\/blogsaverroes.juntadeandalucia.es\/colegiojuanvalera\/nuestro-centro\/dependencias\/","title":{"rendered":"Dependencias"},"content":{"rendered":"<p><img loading=\"lazy\" decoding=\"async\" class=\"alignright\" src=\"https:\/\/blogsaverroes.juntadeandalucia.es\/colegiojuanvalera\/files\/2016\/05\/p022_1_00.png\" alt=\"\" width=\"530\" height=\"437\" \/><\/p>\n<p>&nbsp;<\/p>\n<p>&nbsp;<\/p>\n<p>&nbsp;<\/p>\n<h3 style=\"text-align: left\">Sala de inform\u00e1tica<\/h3>\n<h3 style=\"text-align: left\">Sala de Profesores<\/h3>\n<h3 style=\"text-align: left\">Pista polideportiva<\/h3>\n<h3 style=\"text-align: left\">Entrada del Centro<\/h3>\n<p>&nbsp;<\/p>\n<p>&nbsp;<\/p>\n<p>&nbsp;<\/p>\n<p>&nbsp;<\/p>\n<h3><\/h3>\n<p>&nbsp;<\/p>\n<p>&nbsp;<\/p>\n<h3><a href=\"https:\/\/blogsaverroes.juntadeandalucia.es\/colegiojuanvalera\/files\/2016\/05\/p022_1_01.png\"><img loading=\"lazy\" decoding=\"async\" class=\"alignleft wp-image-2923 size-full\" src=\"https:\/\/blogsaverroes.juntadeandalucia.es\/colegiojuanvalera\/files\/2016\/05\/p022_1_01.png\" alt=\"\" width=\"530\" height=\"326\" srcset=\"https:\/\/blogsaverroes.juntadeandalucia.es\/colegiojuanvalera\/files\/2016\/05\/p022_1_01.png 530w, https:\/\/blogsaverroes.juntadeandalucia.es\/colegiojuanvalera\/files\/2016\/05\/p022_1_01-300x185.png 300w\" sizes=\"(max-width: 530px) 100vw, 530px\" \/><\/a><\/h3>\n<h3 style=\"text-align: right\"><\/h3>\n<h3 style=\"text-align: right\"><\/h3>\n<h3 style=\"text-align: right\">Pasillo Educaci\u00f3n Infantil<\/h3>\n<h3 style=\"text-align: right\">Patio de recreo<\/h3>\n<h3 style=\"text-align: right\">Patio en Oto\u00f1o<\/h3>\n<p>&nbsp;<\/p>\n<p>&nbsp;<\/p>\n<p>&nbsp;<\/p>\n<p>&nbsp;<\/p>\n<p>&nbsp;<\/p>\n<p>&nbsp;<\/p>\n<p>&nbsp;<\/p>\n","protected":false},"excerpt":{"rendered":"<p>&nbsp; &nbsp; &nbsp; Sala de inform\u00e1tica Sala de Profesores Pista polideportiva Entrada del Centro &nbsp; &nbsp; &nbsp; &nbsp; &nbsp; &nbsp; Pasillo Educaci\u00f3n Infantil Patio de recreo Patio en Oto\u00f1o &nbsp; &nbsp; &nbsp; &nbsp; &nbsp; &nbsp; &nbsp;<\/p>\n","protected":false},"author":3037,"featured_media":0,"parent":2337,"menu_order":0,"comment_status":"closed","ping_status":"closed","template":"page-template-full.php","meta":{"ngg_post_thumbnail":0,"footnotes":"","_mc_calendar":[]},"aioseo_notices":[],"_links":{"self":[{"href":"https:\/\/blogsaverroes.juntadeandalucia.es\/colegiojuanvalera\/wp-json\/wp\/v2\/pages\/2349"}],"collection":[{"href":"https:\/\/blogsaverroes.juntadeandalucia.es\/colegiojuanvalera\/wp-json\/wp\/v2\/pages"}],"about":[{"href":"https:\/\/blogsaverroes.juntadeandalucia.es\/colegiojuanvalera\/wp-json\/wp\/v2\/types\/page"}],"author":[{"embeddable":true,"href":"https:\/\/blogsaverroes.juntadeandalucia.es\/colegiojuanvalera\/wp-json\/wp\/v2\/users\/3037"}],"replies":[{"embeddable":true,"href":"https:\/\/blogsaverroes.juntadeandalucia.es\/colegiojuanvalera\/wp-json\/wp\/v2\/comments?post=2349"}],"version-history":[{"count":21,"href":"https:\/\/blogsaverroes.juntadeandalucia.es\/colegiojuanvalera\/wp-json\/wp\/v2\/pages\/2349\/revisions"}],"predecessor-version":[{"id":4040,"href":"https:\/\/blogsaverroes.juntadeandalucia.es\/colegiojuanvalera\/wp-json\/wp\/v2\/pages\/2349\/revisions\/4040"}],"up":[{"embeddable":true,"href":"https:\/\/blogsaverroes.juntadeandalucia.es\/colegiojuanvalera\/wp-json\/wp\/v2\/pages\/2337"}],"wp:attachment":[{"href":"https:\/\/blogsaverroes.juntadeandalucia.es\/colegiojuanvalera\/wp-json\/wp\/v2\/media?parent=2349"}],"curies":[{"name":"wp","href":"https:\/\/api.w.org\/{rel}","templated":true}]}}