{"id":2378,"date":"2016-05-16T10:22:01","date_gmt":"2016-05-16T08:22:01","guid":{"rendered":"http:\/\/blogsaverroes.juntadeandalucia.es\/colegiojuanvalera\/?page_id=2378"},"modified":"2026-04-27T14:03:32","modified_gmt":"2026-04-27T12:03:32","slug":"comedor","status":"publish","type":"page","link":"https:\/\/blogsaverroes.juntadeandalucia.es\/colegiojuanvalera\/oficina-virtual\/comedor\/","title":{"rendered":"Comedor"},"content":{"rendered":"<h3>Documentaci\u00f3n para la solicitud del<a href=\"https:\/\/blogsaverroes.juntadeandalucia.es\/colegiojuanvalera\/files\/2025\/06\/Solicitud-de-comedor-y-aula-matinal.pdf\"><img loading=\"lazy\" decoding=\"async\" class=\"alignright wp-image-2975 size-medium\" src=\"https:\/\/blogsaverroes.juntadeandalucia.es\/colegiojuanvalera\/files\/2016\/05\/DESCARGAR-FORMULARIO-EN-PDF-300x100.jpg\" alt=\"\" width=\"300\" height=\"100\" srcset=\"https:\/\/blogsaverroes.juntadeandalucia.es\/colegiojuanvalera\/files\/2016\/05\/DESCARGAR-FORMULARIO-EN-PDF-300x100.jpg 300w, https:\/\/blogsaverroes.juntadeandalucia.es\/colegiojuanvalera\/files\/2016\/05\/DESCARGAR-FORMULARIO-EN-PDF.jpg 425w\" sizes=\"(max-width: 300px) 100vw, 300px\" \/><\/a><\/h3>\n<h3>servicio de comedor y aula matinal en el<\/h3>\n<h3>CEIP Juan Valera de Cabra (C\u00f3rdoba)<\/h3>\n<p>&nbsp;<\/p>\n<hr \/>\n<h3><a href=\"https:\/\/blogsaverroes.juntadeandalucia.es\/colegiojuanvalera\/files\/2026\/04\/menu-basal-cc-mc-25-26_b8_001.jpg\"><img loading=\"lazy\" decoding=\"async\" class=\"alignright wp-image-2807\" src=\"https:\/\/blogsaverroes.juntadeandalucia.es\/colegiojuanvalera\/files\/2016\/05\/comedor.jpg\" alt=\"\" width=\"181\" height=\"137\"\/><\/a><\/h3>\n<h3><img loading=\"lazy\" decoding=\"async\" class=\"size-medium wp-image-6563 alignright\" src=\"https:\/\/blogsaverroes.juntadeandalucia.es\/colegiojuanvalera\/files\/2020\/09\/4a9afb75d899ac93-gif-animados-de-flechas-en-movimiento-imagui-300x84.gif\" alt=\"\" width=\"300\" height=\"84\" srcset=\"https:\/\/blogsaverroes.juntadeandalucia.es\/colegiojuanvalera\/files\/2020\/09\/4a9afb75d899ac93-gif-animados-de-flechas-en-movimiento-imagui-300x84.gif 300w, https:\/\/blogsaverroes.juntadeandalucia.es\/colegiojuanvalera\/files\/2020\/09\/4a9afb75d899ac93-gif-animados-de-flechas-en-movimiento-imagui-768x215.gif 768w, https:\/\/blogsaverroes.juntadeandalucia.es\/colegiojuanvalera\/files\/2020\/09\/4a9afb75d899ac93-gif-animados-de-flechas-en-movimiento-imagui-24x7.gif 24w, https:\/\/blogsaverroes.juntadeandalucia.es\/colegiojuanvalera\/files\/2020\/09\/4a9afb75d899ac93-gif-animados-de-flechas-en-movimiento-imagui-36x10.gif 36w, https:\/\/blogsaverroes.juntadeandalucia.es\/colegiojuanvalera\/files\/2020\/09\/4a9afb75d899ac93-gif-animados-de-flechas-en-movimiento-imagui-48x13.gif 48w\" sizes=\"(max-width: 300px) 100vw, 300px\" \/><\/h3>\n<h3 style=\"text-align: left\">Men\u00fa mensual del comedor<\/h3>\n<p>&nbsp;<\/p>\n<p style=\"text-align: right\">&nbsp;<\/p>\n<p>&nbsp;<\/p>\n<hr \/>\n<h3>Solicitud de baja de los servicios complementarios de Comedor y Aula matinal<\/h3>\n<p style=\"text-align: right\"><a href=\"https:\/\/blogsaverroes.juntadeandalucia.es\/colegiojuanvalera\/files\/2023\/01\/SOLICITUD-BAJA-COMEDOR-Aula-matinal.pdf\"><img loading=\"lazy\" decoding=\"async\" class=\"alignright wp-image-6518 size-medium\" src=\"https:\/\/blogsaverroes.juntadeandalucia.es\/colegiojuanvalera\/files\/2020\/07\/aulamatinal-y-comedor-300x149.jpg\" alt=\"\" width=\"300\" height=\"149\" srcset=\"https:\/\/blogsaverroes.juntadeandalucia.es\/colegiojuanvalera\/files\/2020\/07\/aulamatinal-y-comedor-300x149.jpg 300w, https:\/\/blogsaverroes.juntadeandalucia.es\/colegiojuanvalera\/files\/2020\/07\/aulamatinal-y-comedor-24x12.jpg 24w, https:\/\/blogsaverroes.juntadeandalucia.es\/colegiojuanvalera\/files\/2020\/07\/aulamatinal-y-comedor-36x18.jpg 36w, https:\/\/blogsaverroes.juntadeandalucia.es\/colegiojuanvalera\/files\/2020\/07\/aulamatinal-y-comedor-48x24.jpg 48w, https:\/\/blogsaverroes.juntadeandalucia.es\/colegiojuanvalera\/files\/2020\/07\/aulamatinal-y-comedor.jpg 434w\" sizes=\"(max-width: 300px) 100vw, 300px\" \/><\/a><\/p>\n<h3><img loading=\"lazy\" decoding=\"async\" class=\"size-medium wp-image-6563 alignright\" src=\"https:\/\/blogsaverroes.juntadeandalucia.es\/colegiojuanvalera\/files\/2020\/09\/4a9afb75d899ac93-gif-animados-de-flechas-en-movimiento-imagui-300x84.gif\" alt=\"\" width=\"300\" height=\"84\" srcset=\"https:\/\/blogsaverroes.juntadeandalucia.es\/colegiojuanvalera\/files\/2020\/09\/4a9afb75d899ac93-gif-animados-de-flechas-en-movimiento-imagui-300x84.gif 300w, https:\/\/blogsaverroes.juntadeandalucia.es\/colegiojuanvalera\/files\/2020\/09\/4a9afb75d899ac93-gif-animados-de-flechas-en-movimiento-imagui-768x215.gif 768w, https:\/\/blogsaverroes.juntadeandalucia.es\/colegiojuanvalera\/files\/2020\/09\/4a9afb75d899ac93-gif-animados-de-flechas-en-movimiento-imagui-24x7.gif 24w, https:\/\/blogsaverroes.juntadeandalucia.es\/colegiojuanvalera\/files\/2020\/09\/4a9afb75d899ac93-gif-animados-de-flechas-en-movimiento-imagui-36x10.gif 36w, https:\/\/blogsaverroes.juntadeandalucia.es\/colegiojuanvalera\/files\/2020\/09\/4a9afb75d899ac93-gif-animados-de-flechas-en-movimiento-imagui-48x13.gif 48w\" sizes=\"(max-width: 300px) 100vw, 300px\" \/><\/h3>\n<p style=\"text-align: right\">&nbsp;<\/p>\n<p>&nbsp;<\/p>\n","protected":false},"excerpt":{"rendered":"<p>Documentaci\u00f3n para la solicitud del servicio de comedor y aula matinal en el CEIP Juan Valera de Cabra (C\u00f3rdoba) &nbsp; Men\u00fa mensual del comedor &nbsp; &nbsp; &nbsp; Solicitud de baja de los servicios complementarios de Comedor y Aula matinal &nbsp; &nbsp;<\/p>\n","protected":false},"author":3037,"featured_media":0,"parent":2372,"menu_order":0,"comment_status":"closed","ping_status":"closed","template":"","meta":{"ngg_post_thumbnail":0,"footnotes":"","_mc_calendar":[]},"aioseo_notices":[],"_links":{"self":[{"href":"https:\/\/blogsaverroes.juntadeandalucia.es\/colegiojuanvalera\/wp-json\/wp\/v2\/pages\/2378"}],"collection":[{"href":"https:\/\/blogsaverroes.juntadeandalucia.es\/colegiojuanvalera\/wp-json\/wp\/v2\/pages"}],"about":[{"href":"https:\/\/blogsaverroes.juntadeandalucia.es\/colegiojuanvalera\/wp-json\/wp\/v2\/types\/page"}],"author":[{"embeddable":true,"href":"https:\/\/blogsaverroes.juntadeandalucia.es\/colegiojuanvalera\/wp-json\/wp\/v2\/users\/3037"}],"replies":[{"embeddable":true,"href":"https:\/\/blogsaverroes.juntadeandalucia.es\/colegiojuanvalera\/wp-json\/wp\/v2\/comments?post=2378"}],"version-history":[{"count":134,"href":"https:\/\/blogsaverroes.juntadeandalucia.es\/colegiojuanvalera\/wp-json\/wp\/v2\/pages\/2378\/revisions"}],"predecessor-version":[{"id":8928,"href":"https:\/\/blogsaverroes.juntadeandalucia.es\/colegiojuanvalera\/wp-json\/wp\/v2\/pages\/2378\/revisions\/8928"}],"up":[{"embeddable":true,"href":"https:\/\/blogsaverroes.juntadeandalucia.es\/colegiojuanvalera\/wp-json\/wp\/v2\/pages\/2372"}],"wp:attachment":[{"href":"https:\/\/blogsaverroes.juntadeandalucia.es\/colegiojuanvalera\/wp-json\/wp\/v2\/media?parent=2378"}],"curies":[{"name":"wp","href":"https:\/\/api.w.org\/{rel}","templated":true}]}}