{"id":2483,"date":"2016-05-26T10:06:46","date_gmt":"2016-05-26T08:06:46","guid":{"rendered":"http:\/\/blogsaverroes.juntadeandalucia.es\/colegiojuanvalera\/?page_id=2483"},"modified":"2024-05-13T13:23:50","modified_gmt":"2024-05-13T11:23:50","slug":"actividades","status":"publish","type":"page","link":"https:\/\/blogsaverroes.juntadeandalucia.es\/colegiojuanvalera\/actividades\/","title":{"rendered":"Actividades"},"content":{"rendered":"<p>&nbsp;<\/p>\n<ul class=\"children\">\n<li class=\"page_item page-item-2485 page_item_has_children\"><a href=\"https:\/\/blogsaverroes.juntadeandalucia.es\/colegiojuanvalera\/actividades\/50-aniversario\/\">50 ANIVERSARIO<\/a>\n<ul class=\"children\">\n<li class=\"page_item page-item-2527\"><a href=\"http:\/\/blogsaverroes.juntadeandalucia.es\/colegiojuanvalera\/actividades\/50-aniversario\/cena-fiesta\/\">Cena \u2013 Fiesta<\/a><\/li>\n<li class=\"page_item page-item-2521\"><a href=\"https:\/\/blogsaverroes.juntadeandalucia.es\/colegiojuanvalera\/actividades\/50-aniversario\/conf-santos-de-guerra\/\">Conf. Santos de Guerra<\/a><\/li>\n<li class=\"page_item page-item-2536\"><a href=\"https:\/\/blogsaverroes.juntadeandalucia.es\/colegiojuanvalera\/actividades\/50-aniversario\/egabrenses-del-ano\/\">Egabrenses del a\u00f1o<\/a><\/li>\n<li class=\"page_item page-item-2512\"><a href=\"https:\/\/blogsaverroes.juntadeandalucia.es\/colegiojuanvalera\/actividades\/50-aniversario\/inauguracion-monolito\/\">Fiesta cumplea\u00f1os<\/a><\/li>\n<li class=\"page_item page-item-2512\"><a href=\"https:\/\/blogsaverroes.juntadeandalucia.es\/colegiojuanvalera\/actividades\/50-aniversario\/inauguracion-monolito\/\">Inauguraci\u00f3n monolito<\/a><\/li>\n<li class=\"page_item page-item-2490\"><a href=\"https:\/\/blogsaverroes.juntadeandalucia.es\/colegiojuanvalera\/actividades\/50-aniversario\/villancicos\/\">Muestra de Villancicos<\/a><\/li>\n<li class=\"page_item page-item-2501\"><a href=\"https:\/\/blogsaverroes.juntadeandalucia.es\/colegiojuanvalera\/actividades\/50-aniversario\/teatro-andalucia\/\">Teatro Andaluc\u00eda<\/a><\/li>\n<li class=\"page_item page-item-2505\"><a href=\"https:\/\/blogsaverroes.juntadeandalucia.es\/colegiojuanvalera\/actividades\/50-aniversario\/teatro-juan-valera\/\">Teatro Juan Valera<\/a><\/li>\n<\/ul>\n<\/li>\n<li class=\"page_item page-item-2550\"><a href=\"https:\/\/blogsaverroes.juntadeandalucia.es\/colegiojuanvalera\/?p=3092\">Halloween!!!<\/a><\/li>\n<li class=\"page_item page-item-2542\"><a href=\"https:\/\/blogsaverroes.juntadeandalucia.es\/colegiojuanvalera\/actividades\/dia-del-nino\/\">D\u00eda de la Infancia<\/a><\/li>\n<li class=\"page_item page-item-2769\"><a href=\"https:\/\/blogsaverroes.juntadeandalucia.es\/colegiojuanvalera\/actividades\/encuentro-integracion\/\">D\u00eda de la Discapacidad<\/a><\/li>\n<li><a href=\"https:\/\/blogsaverroes.juntadeandalucia.es\/colegiojuanvalera\/dia-de-la-constitucion\/\">D\u00eda de la Constituci\u00f3n<\/a><\/li>\n<li class=\"page_item page-item-2545\"><a href=\"https:\/\/blogsaverroes.juntadeandalucia.es\/colegiojuanvalera\/actividades\/muestras-villancicos\/\">Muestras Villancicos<\/a><\/li>\n<li><a href=\"https:\/\/blogsaverroes.juntadeandalucia.es\/colegiojuanvalera\/visita-reyes-magos\/\">Visita Reyes Magos<\/a><\/li>\n<li class=\"page_item page-item-2548\"><a href=\"https:\/\/blogsaverroes.juntadeandalucia.es\/colegiojuanvalera\/actividades\/paz-fiesta\/\">D\u00eda de la Paz (Fiesta)<\/a><\/li>\n<li class=\"page_item page-item-2550\"><a href=\"https:\/\/blogsaverroes.juntadeandalucia.es\/colegiojuanvalera\/actividades\/dia-de-andalucia\/\">D\u00eda de Andaluc\u00eda<\/a><\/li>\n<li><a href=\"https:\/\/blogsaverroes.juntadeandalucia.es\/colegiojuanvalera\/actividades\/dia-de-la-mujer\/\">D\u00eda de la Mujer<\/a><\/li>\n<li><a href=\"https:\/\/blogsaverroes.juntadeandalucia.es\/colegiojuanvalera\/dia-del-libro\/\">D\u00eda del Libro<\/a><\/li>\n<li><a href=\"https:\/\/blogsaverroes.juntadeandalucia.es\/colegiojuanvalera\/excursiones\/\">Excursiones<\/a><\/li>\n<li><a href=\"https:\/\/blogsaverroes.juntadeandalucia.es\/colegiojuanvalera\/graduacion\/\">Graduaci\u00f3n<\/a><\/li>\n<li><a href=\"https:\/\/blogsaverroes.juntadeandalucia.es\/colegiojuanvalera\/fiesta-de-fin-de-curso\/\">Fiesta de Fin de Curso<\/a><\/li>\n<li class=\"page_item page-item-2548\"><a href=\"https:\/\/blogsaverroes.juntadeandalucia.es\/colegiojuanvalera\/actividades\/notas-de-prensa-201617\/\">Notas de prensa<\/a><\/li>\n<\/ul>\n","protected":false},"excerpt":{"rendered":"<p>&nbsp; 50 ANIVERSARIO Cena \u2013 Fiesta Conf. Santos de Guerra Egabrenses del a\u00f1o Fiesta cumplea\u00f1os Inauguraci\u00f3n monolito Muestra de Villancicos Teatro Andaluc\u00eda Teatro Juan Valera Halloween!!! D\u00eda de la Infancia D\u00eda de la Discapacidad D\u00eda de la Constituci\u00f3n Muestras Villancicos Visita Reyes Magos D\u00eda de la Paz (Fiesta) D\u00eda de Andaluc\u00eda D\u00eda de la Mujer &hellip; <\/p>\n<p><a class=\"more-link btn\" href=\"https:\/\/blogsaverroes.juntadeandalucia.es\/colegiojuanvalera\/actividades\/\">Seguir leyendo<\/a><\/p>\n","protected":false},"author":3037,"featured_media":0,"parent":0,"menu_order":0,"comment_status":"closed","ping_status":"closed","template":"page-template-full.php","meta":{"ngg_post_thumbnail":0,"footnotes":"","_mc_calendar":[]},"aioseo_notices":[],"_links":{"self":[{"href":"https:\/\/blogsaverroes.juntadeandalucia.es\/colegiojuanvalera\/wp-json\/wp\/v2\/pages\/2483"}],"collection":[{"href":"https:\/\/blogsaverroes.juntadeandalucia.es\/colegiojuanvalera\/wp-json\/wp\/v2\/pages"}],"about":[{"href":"https:\/\/blogsaverroes.juntadeandalucia.es\/colegiojuanvalera\/wp-json\/wp\/v2\/types\/page"}],"author":[{"embeddable":true,"href":"https:\/\/blogsaverroes.juntadeandalucia.es\/colegiojuanvalera\/wp-json\/wp\/v2\/users\/3037"}],"replies":[{"embeddable":true,"href":"https:\/\/blogsaverroes.juntadeandalucia.es\/colegiojuanvalera\/wp-json\/wp\/v2\/comments?post=2483"}],"version-history":[{"count":28,"href":"https:\/\/blogsaverroes.juntadeandalucia.es\/colegiojuanvalera\/wp-json\/wp\/v2\/pages\/2483\/revisions"}],"predecessor-version":[{"id":8584,"href":"https:\/\/blogsaverroes.juntadeandalucia.es\/colegiojuanvalera\/wp-json\/wp\/v2\/pages\/2483\/revisions\/8584"}],"wp:attachment":[{"href":"https:\/\/blogsaverroes.juntadeandalucia.es\/colegiojuanvalera\/wp-json\/wp\/v2\/media?parent=2483"}],"curies":[{"name":"wp","href":"https:\/\/api.w.org\/{rel}","templated":true}]}}