{"id":2871,"date":"2016-10-07T12:06:41","date_gmt":"2016-10-07T10:06:41","guid":{"rendered":"http:\/\/blogsaverroes.juntadeandalucia.es\/colegiojuanvalera\/?page_id=2871"},"modified":"2024-08-04T18:08:00","modified_gmt":"2024-08-04T16:08:00","slug":"escuela-unesco","status":"publish","type":"page","link":"https:\/\/blogsaverroes.juntadeandalucia.es\/colegiojuanvalera\/escuela-unesco\/","title":{"rendered":"Escuela Espacio de Paz y UNESCO"},"content":{"rendered":"<p style=\"text-align: justify\"><a href=\"https:\/\/blogsaverroes.juntadeandalucia.es\/colegiojuanvalera\/files\/2024\/08\/Logo-RAEEP-color-590x423-copia.jpg\"><img loading=\"lazy\" decoding=\"async\" class=\"aligncenter size-medium wp-image-8620\" src=\"https:\/\/blogsaverroes.juntadeandalucia.es\/colegiojuanvalera\/files\/2024\/08\/Logo-RAEEP-color-590x423-copia-300x215.jpg\" alt=\"\" width=\"300\" height=\"215\" srcset=\"https:\/\/blogsaverroes.juntadeandalucia.es\/colegiojuanvalera\/files\/2024\/08\/Logo-RAEEP-color-590x423-copia-300x215.jpg 300w, https:\/\/blogsaverroes.juntadeandalucia.es\/colegiojuanvalera\/files\/2024\/08\/Logo-RAEEP-color-590x423-copia.jpg 400w\" sizes=\"(max-width: 300px) 100vw, 300px\" \/><\/a>La Red Andaluza \u00abEscuela: Espacio de Paz\u00bb es una red de centros interesados en compartir iniciativas, recursos y experiencias para la mejora de la convivencia escolar y la difusi\u00f3n de la Cultura de Paz, contrayendo un compromiso de profundizaci\u00f3n en aspectos concretos de su Plan de Convivencia. La normativa que regula el funcionamiento de la Red pone el acento en la cultura de la evaluaci\u00f3n, en la necesidad de visibilizar las buenas pr\u00e1cticas desarrolladas en los centros y en la voluntad de trabajar en red compartiendo propuestas, estrategias y recursos con toda la comunidad educativa.<\/p>\n<p style=\"text-align: justify\">Entre las se\u00f1as de identidad de los centros que integran la Red Andaluza \u00abEscuela: Espacio de Paz\u00bb destacan la promoci\u00f3n de los valores propios de una sociedad democr\u00e1tica, el respeto mutuo, la igualdad, el di\u00e1logo, la solidaridad y la resoluci\u00f3n pac\u00edfica de los conflictos, contando con la participaci\u00f3n de toda la comunidad educativa en la vida de los centros y la vinculaci\u00f3n e implicaci\u00f3n con su entorno. Nuestro centro educativo participa en la modalidad unicentro.&nbsp;<\/p>\n<p style=\"text-align: justify\">Desde la Red Andaluza \u00abEscuela: Espacio de Paz\u00bb se proponen seis \u00e1mbitos de actuaci\u00f3n y profundizaci\u00f3n para la mejora de la convivencia escolar:<\/p>\n<ul style=\"text-align: justify\">\n<li>&nbsp;&nbsp;&nbsp; Mejora desde la gesti\u00f3n y organizaci\u00f3n.<\/li>\n<li>&nbsp;&nbsp;&nbsp; Desarrollo de la participaci\u00f3n.<\/li>\n<li>&nbsp;&nbsp;&nbsp; Promoci\u00f3n de la convivencia: desarrollo de valores, actitudes, habilidades y h\u00e1bitos.<\/li>\n<li>&nbsp;&nbsp;&nbsp; Prevenci\u00f3n de situaciones de riesgo para la convivencia.<\/li>\n<li>&nbsp;&nbsp;&nbsp; Intervenci\u00f3n ante conductas contrarias a la convivencia.<\/li>\n<li>&nbsp;&nbsp;&nbsp; Reeducaci\u00f3n de actitudes y restauraci\u00f3n de la convivencia.<\/li>\n<\/ul>\n<p style=\"text-align: justify\">&nbsp;<\/p>\n<p style=\"text-align: justify\"><a href=\"http:\/\/blogsaverroes.juntadeandalucia.es\/colegiojuanvalera\/files\/2016\/10\/unesco-school-es.png\"><img loading=\"lazy\" decoding=\"async\" class=\"aligncenter size-medium wp-image-2917\" src=\"http:\/\/blogsaverroes.juntadeandalucia.es\/colegiojuanvalera\/files\/2016\/10\/unesco-school-es-300x197.png\" alt=\"unesco-school-es\" width=\"300\" height=\"197\" srcset=\"https:\/\/blogsaverroes.juntadeandalucia.es\/colegiojuanvalera\/files\/2016\/10\/unesco-school-es-300x197.png 300w, https:\/\/blogsaverroes.juntadeandalucia.es\/colegiojuanvalera\/files\/2016\/10\/unesco-school-es.png 326w\" sizes=\"(max-width: 300px) 100vw, 300px\" \/><\/a>&nbsp; &nbsp; &nbsp; &nbsp; &nbsp; El colegio Juan Valera pertenece desde el a\u00f1o 2002 a la Red de Escuelas Asociadas de la UNESCO. Esta es una red internacional en la que participan centros educativos de todos los niveles, desde guarder\u00edas hasta universidades.<\/p>\n<p style=\"text-align: justify\">&nbsp; &nbsp; &nbsp; &nbsp; &nbsp; En Espa\u00f1a hay cerca de 200 y en Andaluc\u00eda en torno a 36. Cabra es la ciudad que m\u00e1s centros tiene seg\u00fan su relaci\u00f3n habitantes-colegios con un total de cuatro: CEIP Juan Valera, CEIP Ntra. Sra. de la Sierra, CC San Jos\u00e9 y CEIP Andr\u00e9s de Cervantes. Cada centro posee un coordinador que est\u00e1 en contacto con el auton\u00f3mico y a su vez todos ellos con el nacional.<\/p>\n<p style=\"text-align: justify\">&nbsp; &nbsp; &nbsp; &nbsp; &nbsp; La Red de Escuelas Asociadas de la UNESCO tiene como objetivo trabajar los valores educativos de la UNESCO basados en tres pilares fundamentales: Patrimonio, Cultura de Paz y Desarrollo sostenible.<\/p>\n<p style=\"text-align: justify\">En el mes de julio se celebra un congreso nacional donde los coordinadores y coordinadoras de todos los centros exponen las actividades realizadas en el curso y debaten sobre las nuevas estrategias a seguir en el curso siguiente. A nivel auton\u00f3mico se celebra un encuentro anual de alumnado y uno cada trimestre de coordinadores.<\/p>\n","protected":false},"excerpt":{"rendered":"<p>La Red Andaluza \u00abEscuela: Espacio de Paz\u00bb es una red de centros interesados en compartir iniciativas, recursos y experiencias para la mejora de la convivencia escolar y la difusi\u00f3n de la Cultura de Paz, contrayendo un compromiso de profundizaci\u00f3n en aspectos concretos de su Plan de Convivencia. La normativa que regula el funcionamiento de la &hellip; <\/p>\n<p><a class=\"more-link btn\" href=\"https:\/\/blogsaverroes.juntadeandalucia.es\/colegiojuanvalera\/escuela-unesco\/\">Seguir leyendo<\/a><\/p>\n","protected":false},"author":3037,"featured_media":0,"parent":0,"menu_order":0,"comment_status":"closed","ping_status":"closed","template":"page-template-full.php","meta":{"ngg_post_thumbnail":0,"footnotes":"","_mc_calendar":[]},"aioseo_notices":[],"_links":{"self":[{"href":"https:\/\/blogsaverroes.juntadeandalucia.es\/colegiojuanvalera\/wp-json\/wp\/v2\/pages\/2871"}],"collection":[{"href":"https:\/\/blogsaverroes.juntadeandalucia.es\/colegiojuanvalera\/wp-json\/wp\/v2\/pages"}],"about":[{"href":"https:\/\/blogsaverroes.juntadeandalucia.es\/colegiojuanvalera\/wp-json\/wp\/v2\/types\/page"}],"author":[{"embeddable":true,"href":"https:\/\/blogsaverroes.juntadeandalucia.es\/colegiojuanvalera\/wp-json\/wp\/v2\/users\/3037"}],"replies":[{"embeddable":true,"href":"https:\/\/blogsaverroes.juntadeandalucia.es\/colegiojuanvalera\/wp-json\/wp\/v2\/comments?post=2871"}],"version-history":[{"count":8,"href":"https:\/\/blogsaverroes.juntadeandalucia.es\/colegiojuanvalera\/wp-json\/wp\/v2\/pages\/2871\/revisions"}],"predecessor-version":[{"id":8621,"href":"https:\/\/blogsaverroes.juntadeandalucia.es\/colegiojuanvalera\/wp-json\/wp\/v2\/pages\/2871\/revisions\/8621"}],"wp:attachment":[{"href":"https:\/\/blogsaverroes.juntadeandalucia.es\/colegiojuanvalera\/wp-json\/wp\/v2\/media?parent=2871"}],"curies":[{"name":"wp","href":"https:\/\/api.w.org\/{rel}","templated":true}]}}