{"id":3691,"date":"2017-12-28T12:31:42","date_gmt":"2017-12-28T10:31:42","guid":{"rendered":"http:\/\/blogsaverroes.juntadeandalucia.es\/colegiojuanvalera\/?page_id=3691"},"modified":"2021-12-07T19:39:57","modified_gmt":"2021-12-07T17:39:57","slug":"dia-de-la-constitucion","status":"publish","type":"page","link":"https:\/\/blogsaverroes.juntadeandalucia.es\/colegiojuanvalera\/dia-de-la-constitucion\/","title":{"rendered":"D\u00eda de la Constituci\u00f3n"},"content":{"rendered":"<p><a href=\"https:\/\/blogsaverroes.juntadeandalucia.es\/colegiojuanvalera\/files\/2017\/12\/WhatsApp-Image-2017-12-05-at-13.48.23.jpeg\"><img loading=\"lazy\" decoding=\"async\" class=\"aligncenter size-medium wp-image-3694\" src=\"https:\/\/blogsaverroes.juntadeandalucia.es\/colegiojuanvalera\/files\/2017\/12\/WhatsApp-Image-2017-12-05-at-13.48.23-300x203.jpeg\" alt=\"\" width=\"300\" height=\"203\" srcset=\"https:\/\/blogsaverroes.juntadeandalucia.es\/colegiojuanvalera\/files\/2017\/12\/WhatsApp-Image-2017-12-05-at-13.48.23-300x203.jpeg 300w, https:\/\/blogsaverroes.juntadeandalucia.es\/colegiojuanvalera\/files\/2017\/12\/WhatsApp-Image-2017-12-05-at-13.48.23-768x520.jpeg 768w, https:\/\/blogsaverroes.juntadeandalucia.es\/colegiojuanvalera\/files\/2017\/12\/WhatsApp-Image-2017-12-05-at-13.48.23-1024x693.jpeg 1024w, https:\/\/blogsaverroes.juntadeandalucia.es\/colegiojuanvalera\/files\/2017\/12\/WhatsApp-Image-2017-12-05-at-13.48.23-24x16.jpeg 24w, https:\/\/blogsaverroes.juntadeandalucia.es\/colegiojuanvalera\/files\/2017\/12\/WhatsApp-Image-2017-12-05-at-13.48.23-36x24.jpeg 36w, https:\/\/blogsaverroes.juntadeandalucia.es\/colegiojuanvalera\/files\/2017\/12\/WhatsApp-Image-2017-12-05-at-13.48.23-48x32.jpeg 48w, https:\/\/blogsaverroes.juntadeandalucia.es\/colegiojuanvalera\/files\/2017\/12\/WhatsApp-Image-2017-12-05-at-13.48.23.jpeg 1574w\" sizes=\"(max-width: 300px) 100vw, 300px\" \/><\/a><\/p>\n<ul>\n<li>\n<h2><a href=\"https:\/\/blogsaverroes.juntadeandalucia.es\/colegiojuanvalera\/?p=3697&amp;preview=true\">D\u00eda de la Constituci\u00f3n 2017<\/a><\/h2>\n<\/li>\n<li>\n<h2><a href=\"https:\/\/blogsaverroes.juntadeandalucia.es\/colegiojuanvalera\/dia-de-la-constitucion-2020\/\">D\u00eda de la Constituci\u00f3n 2020<\/a><\/h2>\n<\/li>\n<li>\n<h2><a href=\"https:\/\/blogsaverroes.juntadeandalucia.es\/colegiojuanvalera\/dia-de-la-constitucion-2021\/\">D\u00eda de la Constituci\u00f3n 2021<\/a><\/h2>\n<\/li>\n<\/ul>\n","protected":false},"excerpt":{"rendered":"<p>D\u00eda de la Constituci\u00f3n 2017 D\u00eda de la Constituci\u00f3n 2020 D\u00eda de la Constituci\u00f3n 2021<\/p>\n","protected":false},"author":3037,"featured_media":0,"parent":0,"menu_order":0,"comment_status":"closed","ping_status":"closed","template":"page-template-full.php","meta":{"ngg_post_thumbnail":0,"footnotes":"","_mc_calendar":[]},"aioseo_notices":[],"_links":{"self":[{"href":"https:\/\/blogsaverroes.juntadeandalucia.es\/colegiojuanvalera\/wp-json\/wp\/v2\/pages\/3691"}],"collection":[{"href":"https:\/\/blogsaverroes.juntadeandalucia.es\/colegiojuanvalera\/wp-json\/wp\/v2\/pages"}],"about":[{"href":"https:\/\/blogsaverroes.juntadeandalucia.es\/colegiojuanvalera\/wp-json\/wp\/v2\/types\/page"}],"author":[{"embeddable":true,"href":"https:\/\/blogsaverroes.juntadeandalucia.es\/colegiojuanvalera\/wp-json\/wp\/v2\/users\/3037"}],"replies":[{"embeddable":true,"href":"https:\/\/blogsaverroes.juntadeandalucia.es\/colegiojuanvalera\/wp-json\/wp\/v2\/comments?post=3691"}],"version-history":[{"count":9,"href":"https:\/\/blogsaverroes.juntadeandalucia.es\/colegiojuanvalera\/wp-json\/wp\/v2\/pages\/3691\/revisions"}],"predecessor-version":[{"id":7642,"href":"https:\/\/blogsaverroes.juntadeandalucia.es\/colegiojuanvalera\/wp-json\/wp\/v2\/pages\/3691\/revisions\/7642"}],"wp:attachment":[{"href":"https:\/\/blogsaverroes.juntadeandalucia.es\/colegiojuanvalera\/wp-json\/wp\/v2\/media?parent=3691"}],"curies":[{"name":"wp","href":"https:\/\/api.w.org\/{rel}","templated":true}]}}