{"id":3745,"date":"2018-03-02T18:04:15","date_gmt":"2018-03-02T16:04:15","guid":{"rendered":"http:\/\/blogsaverroes.juntadeandalucia.es\/colegiojuanvalera\/?page_id=3745"},"modified":"2021-06-03T10:39:07","modified_gmt":"2021-06-03T08:39:07","slug":"programa-creciendo-en-salud","status":"publish","type":"page","link":"https:\/\/blogsaverroes.juntadeandalucia.es\/colegiojuanvalera\/programa-creciendo-en-salud\/","title":{"rendered":"Creciendo en Salud"},"content":{"rendered":"<p><a href=\"https:\/\/blogsaverroes.juntadeandalucia.es\/colegiojuanvalera\/files\/2018\/03\/creciendo-en-salud.jpg\"><img loading=\"lazy\" decoding=\"async\" class=\"aligncenter size-medium wp-image-3756\" src=\"https:\/\/blogsaverroes.juntadeandalucia.es\/colegiojuanvalera\/files\/2018\/03\/creciendo-en-salud-300x146.jpg\" alt=\"\" width=\"300\" height=\"146\" srcset=\"https:\/\/blogsaverroes.juntadeandalucia.es\/colegiojuanvalera\/files\/2018\/03\/creciendo-en-salud-300x146.jpg 300w, https:\/\/blogsaverroes.juntadeandalucia.es\/colegiojuanvalera\/files\/2018\/03\/creciendo-en-salud-768x373.jpg 768w, https:\/\/blogsaverroes.juntadeandalucia.es\/colegiojuanvalera\/files\/2018\/03\/creciendo-en-salud-1024x498.jpg 1024w, https:\/\/blogsaverroes.juntadeandalucia.es\/colegiojuanvalera\/files\/2018\/03\/creciendo-en-salud-24x12.jpg 24w, https:\/\/blogsaverroes.juntadeandalucia.es\/colegiojuanvalera\/files\/2018\/03\/creciendo-en-salud-36x17.jpg 36w, https:\/\/blogsaverroes.juntadeandalucia.es\/colegiojuanvalera\/files\/2018\/03\/creciendo-en-salud-48x23.jpg 48w, https:\/\/blogsaverroes.juntadeandalucia.es\/colegiojuanvalera\/files\/2018\/03\/creciendo-en-salud.jpg 1366w\" sizes=\"(max-width: 300px) 100vw, 300px\" \/><\/a><\/p>\n<p>Los tres ejes sobre los que gira nuestro programa ser\u00e1n:<\/p>\n<p><strong><u>1.-Educaci\u00f3n Emocional:<\/u><\/strong><\/p>\n<p>Se fomenta la <strong>relajaci\u00f3n<\/strong> como v\u00eda de conexi\u00f3n con el interior personal, de intercambio de sensaciones, caricias y experiencias compartidas gracias a rutinas, sesiones y\/o talleres.<\/p>\n<p><strong><u>2.-Estilos de vida saludable.<\/u><\/strong><\/p>\n<p>Versar\u00e1 sobre los <strong>desayunos<\/strong> saludables y\/o tradicionales, adem\u00e1s de charlas de personal sanitario cualificado.<\/p>\n<p><strong><u>3.- Cuidado e higiene personal y Prevenci\u00f3n de accidentes<\/u><\/strong><\/p>\n<p>En este apartado trabajaremos la higiene <strong>bucodental<\/strong>, de <strong>manos<\/strong>, <strong>instalaciones<\/strong>. Adem\u00e1s de utilizar las <strong>normas de clase, educaci\u00f3n vial y ciudadana<\/strong>. como prevenci\u00f3n de accidentes escolares.<\/p>\n","protected":false},"excerpt":{"rendered":"<p>Los tres ejes sobre los que gira nuestro programa ser\u00e1n: 1.-Educaci\u00f3n Emocional: Se fomenta la relajaci\u00f3n como v\u00eda de conexi\u00f3n con el interior personal, de intercambio de sensaciones, caricias y experiencias compartidas gracias a rutinas, sesiones y\/o talleres. 2.-Estilos de vida saludable. Versar\u00e1 sobre los desayunos saludables y\/o tradicionales, adem\u00e1s de charlas de personal sanitario &hellip; <\/p>\n<p><a class=\"more-link btn\" href=\"https:\/\/blogsaverroes.juntadeandalucia.es\/colegiojuanvalera\/programa-creciendo-en-salud\/\">Seguir leyendo<\/a><\/p>\n","protected":false},"author":3037,"featured_media":0,"parent":0,"menu_order":0,"comment_status":"closed","ping_status":"closed","template":"page-template-full.php","meta":{"ngg_post_thumbnail":0,"footnotes":"","_mc_calendar":[]},"aioseo_notices":[],"_links":{"self":[{"href":"https:\/\/blogsaverroes.juntadeandalucia.es\/colegiojuanvalera\/wp-json\/wp\/v2\/pages\/3745"}],"collection":[{"href":"https:\/\/blogsaverroes.juntadeandalucia.es\/colegiojuanvalera\/wp-json\/wp\/v2\/pages"}],"about":[{"href":"https:\/\/blogsaverroes.juntadeandalucia.es\/colegiojuanvalera\/wp-json\/wp\/v2\/types\/page"}],"author":[{"embeddable":true,"href":"https:\/\/blogsaverroes.juntadeandalucia.es\/colegiojuanvalera\/wp-json\/wp\/v2\/users\/3037"}],"replies":[{"embeddable":true,"href":"https:\/\/blogsaverroes.juntadeandalucia.es\/colegiojuanvalera\/wp-json\/wp\/v2\/comments?post=3745"}],"version-history":[{"count":7,"href":"https:\/\/blogsaverroes.juntadeandalucia.es\/colegiojuanvalera\/wp-json\/wp\/v2\/pages\/3745\/revisions"}],"predecessor-version":[{"id":7193,"href":"https:\/\/blogsaverroes.juntadeandalucia.es\/colegiojuanvalera\/wp-json\/wp\/v2\/pages\/3745\/revisions\/7193"}],"wp:attachment":[{"href":"https:\/\/blogsaverroes.juntadeandalucia.es\/colegiojuanvalera\/wp-json\/wp\/v2\/media?parent=3745"}],"curies":[{"name":"wp","href":"https:\/\/api.w.org\/{rel}","templated":true}]}}