{"id":4609,"date":"2020-03-14T14:55:25","date_gmt":"2020-03-14T12:55:25","guid":{"rendered":"http:\/\/blogsaverroes.juntadeandalucia.es\/colegiojuanvalera\/?page_id=4609"},"modified":"2021-06-03T10:38:50","modified_gmt":"2021-06-03T08:38:50","slug":"4-anos","status":"publish","type":"page","link":"https:\/\/blogsaverroes.juntadeandalucia.es\/colegiojuanvalera\/4-anos\/","title":{"rendered":"4 a\u00f1os"},"content":{"rendered":"<div class=\"page\" title=\"Page 1\">\n<div class=\"layoutArea\">\n<div class=\"column\">\n<h1><span style=\"text-decoration: underline\"><strong><em>PLANIFICACIO\u0301N DE LAS RUTINAS DE LOS DI\u0301AS SIN COLE POR EL CORONAVIRUS- Infantil 4 an\u0303os<\/em><\/strong><\/span><\/h1>\n<\/div>\n<\/div>\n<div class=\"layoutArea\">\n<div class=\"column\">\n<p>EJEMPLO DE LA ORGANIZACIO\u0301N DEL DI\u0301A (sin horas porque depende de la dina\u0301mica familiar)<\/p>\n<\/div>\n<div class=\"column\">\n<ul>\n<li style=\"list-style-type: none\">\n<ul>\n<li>Levantarse<\/li>\n<li>Desayunar<\/li>\n<li>Asearse<\/li>\n<li>Vestirse<\/li>\n<li>Asamblea: reunio\u0301n de los miembros de la familia para decidir que\u0301 actividades se van a realizar. Algunas de las actividades hay que realizarlas todos los di\u0301as y no esta\u0301n sujetas a modificacio\u0301n o negociacio\u0301n (como todas las tareas familiares o escolares).<\/li>\n<li>Jugar (solo y con vosotros).<\/li>\n<\/ul>\n<\/li>\n<\/ul>\n<\/div>\n<\/div>\n<div class=\"layoutArea\">\n<div class=\"column\">\n<p>&nbsp;<\/p>\n<h3 style=\"text-align: center\"><em><span style=\"text-decoration: underline\">SEMANA DEL 15 AL 19 DE JUNIO DE 2020<\/span><\/em><\/h3>\n<div class=\"page\" title=\"Page 1\">\n<div class=\"layoutArea\">\n<div class=\"column\">\n<p>Seguimos con la unidad 6 \u201c<strong>Las ardillas<\/strong>\u201d.<\/p>\n<p>Aprenderemos co\u0301mo es su cuerpo, do\u0301nde vive, co\u0301mo nace y crece, co\u0301mo son sus cri\u0301as, co\u0301mo se alimenta, quie\u0301nes son sus familiares, quie\u0301nes son sus enemigos&#8230; Adema\u0301s, conoceremos algunos animales dome\u0301sticos.<\/p>\n<\/div>\n<\/div>\n<\/div>\n<p>Para acceder al material digital vais a pinchar el enlace que os pondremos despu\u00e9s.<\/p>\n<p>Durante toda la unidad podremos:<\/p>\n<ul>\n<li>Escuchar y ver el cuento: \u201cLa ardilla lista\u201d; \u201cLa ardilla Mudita\u201d.<\/li>\n<li>O\u00edr y bailar las canciones: \u201cMi amiga ardilla\u201d.<\/li>\n<li>\u201cEl p\u00e1jaro carpintero\u201d.<\/li>\n<li>canci\u00f3n del verano: \u201cA la playa\u201d.<\/li>\n<li>Canci\u00f3n en ingl\u00e9s: \u201cThe squirrel\u2019s song\u201d<\/li>\n<li>Ver&nbsp; videos documentales did\u00e1cticos: Unidad&nbsp; \u201cLas ardillas\u201d<\/li>\n<\/ul>\n<p>El enlace es:<\/p>\n<p><a href=\"https:\/\/escueladigital.cga.es\/usuario\/libros.php\">https:\/\/escueladigital.cga.es\/usuario\/libros.php<\/a><\/p>\n<p>Pinchar este enlace y si pide usuario y clave poned:<\/p>\n<p>Usuario: algaida04<\/p>\n<p>Clave: algaida04<\/p>\n<p>&nbsp;<\/p>\n<p>\u00a1Nuevas poes\u00eda y adivinanzas!<\/p>\n<\/div>\n<div class=\"column\">\n<table style=\"width: 868px\">\n<tbody>\n<tr>\n<td style=\"width: 422px\">\n<p style=\"text-align: center\"><strong>Poes\u00eda: <\/strong><strong>&nbsp;<\/strong><\/p>\n<div class=\"page\" title=\"Page 1\">\n<div class=\"section\">\n<div class=\"layoutArea\">\n<div class=\"column\">\n<div class=\"page\" title=\"Page 1\">\n<div class=\"section\">\n<div class=\"layoutArea\">\n<div class=\"column\">\n<p>La semilla dorada<\/p>\n<p>En su camita de tierra<\/p>\n<p>descansaba la semilla dorada,<\/p>\n<p>cuando algunas gotitas de lluvia<\/p>\n<p>entraron a despertarla.<\/p>\n<\/div>\n<\/div>\n<\/div>\n<\/div>\n<\/div>\n<\/div>\n<\/div>\n<\/div>\n<\/td>\n<td style=\"width: 514px;vertical-align: top;text-align: center\"><b>Adivinanzas<\/b><\/p>\n<div class=\"page\" title=\"Page 1\">\n<div class=\"section\">\n<div class=\"layoutArea\">\n<div class=\"column\">\n<div class=\"page\" title=\"Page 1\">\n<div class=\"section\">\n<div class=\"layoutArea\">\n<div class=\"column\">\n<p>No soy estaci\u00f3n del metro,<\/p>\n<p>&nbsp;ni soy estaci\u00f3n del tren,<\/p>\n<p>pero soy una estaci\u00f3n<\/p>\n<p>donde mil flores se ven. (la primavera)<\/p>\n<\/div>\n<\/div>\n<p>&nbsp;<\/p>\n<p>\u00bfQui\u00e9n hace en los troncos<\/p>\n<p>&nbsp;&nbsp;&nbsp; su oscura casita<\/p>\n<p>&nbsp;&nbsp;&nbsp;&nbsp; y all\u00ed se esconde<\/p>\n<p>&nbsp;&nbsp;&nbsp;&nbsp; cuando lo necesita? (la ardilla)<\/p>\n<\/div>\n<\/div>\n<\/div>\n<\/div>\n<\/div>\n<\/div>\n<\/td>\n<\/tr>\n<\/tbody>\n<\/table>\n<div class=\"page\" title=\"Page 1\">\n<div class=\"layoutArea\">\n<div class=\"column\">\n<p>&nbsp;<\/p>\n<p style=\"text-align: center\"><strong><u>Fichas para trabajar cada d\u00eda.<\/u><\/strong><\/p>\n<p>*Disculpad el error.&nbsp; &nbsp; &nbsp; &nbsp; &nbsp; &nbsp;&nbsp;<\/p>\n<div class=\"page\" title=\"Page 2\">\n<div class=\"layoutArea\">\n<div class=\"column\">\n<p><em><span style=\"text-decoration: underline\"><strong>Lunes 15 junio<\/strong><\/span><\/em><\/p>\n<ul>\n<li><strong>Ficha 18<\/strong>: Dibujar lo que falta en cada colcha para que sean iguales a la primera. \u0084 Repasar las l\u00edneas discontinuas de los c\u00edrculos e inventar una serie de tres colores.<\/li>\n<li><strong>Ficha 19<\/strong>: Completar los ordinales que faltan con los adhesivos y relacionarlos con los cardinales correspondientes. \u0084 Repasar los n\u00fameros.<\/li>\n<\/ul>\n<p><em><span style=\"text-decoration: underline\"><strong>Martes 16 junio<\/strong><\/span><\/em><\/p>\n<ul>\n<li><strong>Ficha 20:<\/strong> Decorar el parapente seg\u00fan los c\u00f3digos num\u00e9ricos.<\/li>\n<li><strong>Ficha 21 y 22<\/strong>: Pegar las piezas recortadas en la ficha anterior formando el puzzle. \u0084 Leer la serie.<\/li>\n<\/ul>\n<p><em><span style=\"text-decoration: underline\"><strong>Mie\u0301rcoles 17 junio<\/strong><\/span><\/em><\/p>\n<ul>\n<li><strong>Ficha 23<\/strong>: Observar las fotograf\u00edas y decir en cu\u00e1l de ellas se est\u00e1 cuidando a un animal. \u0084 Picar los iconos y pegarlos donde correspondan.<\/li>\n<li><strong>Ficha 24<\/strong>: Pintar la ardilla que est\u00e1 delante con los tonos de la ardilla roja. \u0084 Dibujar rayas a la que est\u00e1 detr\u00e1s.<\/li>\n<\/ul>\n<p><em><span style=\"text-decoration: underline\"><strong>Jueves 18 junio<\/strong><\/span><\/em><\/p>\n<ul>\n<li>Como ya se han acabado el libro, hoy vamos a pediros que nos hag\u00e1is un dibujo bonito, para que nosotras lo tengamos de recuerdo\u2026.<\/li>\n<li>El que quiera, tambi\u00e9n puede mandar un video cantando una canci\u00f3n o bailando (que se os da muy bien).<\/li>\n<\/ul>\n<\/div>\n<\/div>\n<\/div>\n<div class=\"page\" title=\"Page 3\">\n<div class=\"layoutArea\">\n<div class=\"column\">\n<p><em><span style=\"text-decoration: underline\"><strong>Viernes 19 junio:<\/strong><\/span><\/em><\/p>\n<ul>\n<li>\u00a1Hoy&nbsp; por fin es el d\u00eda!<\/li>\n<\/ul>\n<p><strong>\u00a1\u00a1\u00a1\u00a1LLEGARON&nbsp;&nbsp;&nbsp;&nbsp; LAS&nbsp;&nbsp;&nbsp;&nbsp;&nbsp;&nbsp; VACACIONES!!!!!<\/strong><\/p>\n<p>\u00a1Querid\u00edsimos ni\u00f1os!<\/p>\n<p>Ya hemos llegado al final y queremos felicitaros por lo valientes, buenos, trabajadores, obedientes, y muchas m\u00e1s cosas bonitas, que os pod\u00edamos decir y que son verdad.<\/p>\n<p>Os hab\u00e9is portado muy bien, trabajando cada d\u00eda un poquito, para aprender muchas cosas y el a\u00f1o que viene (ya estaremos en 5 a\u00f1os), poder seguir aprendiendo mucho m\u00e1s.<\/p>\n<p>Divertiros este verano y no nos olvid\u00e9is!!<\/p>\n<p>Jugar, cantar, correr, ba\u00f1aros y miles de cosas m\u00e1s, para que disfrut\u00e9is de estas merecidas vacaciones.<\/p>\n<p>&nbsp;<\/p>\n<p>\u00a1Os queremos much\u00edsimo!<\/p>\n<\/div>\n<\/div>\n<\/div>\n<div class=\"page\" title=\"Page 4\">\n<div class=\"layoutArea\">\n<div class=\"column\">\n<p style=\"text-align: right\">Se\u00f1oritas Briyi e Ine\u0301s.<\/p>\n<\/div>\n<\/div>\n<\/div>\n<\/div>\n<\/div>\n<\/div>\n<\/div>\n<p>Pd: Muchas gracias familias, por haber hecho parte de nuestro trabajo\u2026Nunca lo olvidaremos. Descansar y divertiros junto a vuestros SUPERNI\u00d1OS.<\/p>\n<p><a href=\"https:\/\/blogsaverroes.juntadeandalucia.es\/colegiojuanvalera\/files\/2020\/06\/Imagen-1.png\"><img loading=\"lazy\" decoding=\"async\" class=\"aligncenter size-medium wp-image-6477\" src=\"https:\/\/blogsaverroes.juntadeandalucia.es\/colegiojuanvalera\/files\/2020\/06\/Imagen-1-300x182.png\" alt=\"\" width=\"300\" height=\"182\" srcset=\"https:\/\/blogsaverroes.juntadeandalucia.es\/colegiojuanvalera\/files\/2020\/06\/Imagen-1-300x182.png 300w, https:\/\/blogsaverroes.juntadeandalucia.es\/colegiojuanvalera\/files\/2020\/06\/Imagen-1-24x15.png 24w, https:\/\/blogsaverroes.juntadeandalucia.es\/colegiojuanvalera\/files\/2020\/06\/Imagen-1-36x22.png 36w, https:\/\/blogsaverroes.juntadeandalucia.es\/colegiojuanvalera\/files\/2020\/06\/Imagen-1-48x29.png 48w, https:\/\/blogsaverroes.juntadeandalucia.es\/colegiojuanvalera\/files\/2020\/06\/Imagen-1.png 634w\" sizes=\"(max-width: 300px) 100vw, 300px\" \/><\/a><\/p>\n<h1><span style=\"text-decoration: underline\"><strong><em><span style=\"color: #ff0000;text-decoration: underline\">Nota:<\/span><\/em><\/strong><\/span><\/h1>\n<div class=\"layoutArea\">\n<div class=\"column\">\n<p>Si no has podido descargar las fichas de las primeras semanas <a href=\"https:\/\/blogsaverroes.juntadeandalucia.es\/colegiojuanvalera\/files\/2020\/04\/PLANIFICACIO\u0301N-DE-LAS-RUTINAS-DE-LOS-DI\u0301AS-SIN-COLE-POR-EL-CORONAVIRUS.pdf\">puedes descargarla aqu\u00ed.<\/a><\/p>\n<\/div>\n<\/div>\n<div class=\"layoutArea\">\n<div class=\"column\">\n<p>Si no has podido descargar las fichas de la semana del 20 al 24 de abril de 2020 <a href=\"https:\/\/blogsaverroes.juntadeandalucia.es\/colegiojuanvalera\/files\/2020\/04\/4-an\u0303os-SEMANA-DEL-20-AL-24-DE-ABRIL.pdf\">puedes descargarla aqu\u00ed.<\/a><\/p>\n<p>Si no has podido descargar las fichas de la semana del 27 al 30 de abril de 2020 <a href=\"https:\/\/blogsaverroes.juntadeandalucia.es\/colegiojuanvalera\/files\/2020\/05\/4-an\u0303os-SEMANA-DEL-27-DE-ABRIL-AL-1-DE-MAYO.pdf\">puedes descargarla aqu\u00ed.<\/a><\/p>\n<p>Si no has podido descargar las fichas de la semana del 4 al 8 de mayo de 2020 <a href=\"https:\/\/blogsaverroes.juntadeandalucia.es\/colegiojuanvalera\/files\/2020\/05\/4-an\u0303os-semana-del-4-al-8-de-mayo-de-2020.pdf\">puedes descargarla aqu\u00ed<\/a><\/p>\n<p>Si no has podido descargar las fichas de la semana del 11 al 15 de mayo de 2020 <a href=\"https:\/\/blogsaverroes.juntadeandalucia.es\/colegiojuanvalera\/files\/2020\/05\/4-an\u0303os-SEMANA-DEL-11-AL-15-MAYO-de-2020.pdf\">puedes descargarla aqu\u00ed<\/a><\/p>\n<p>Si no has podido descargar las fichas de la semana del 18 al 22 de mayo de 2020 <a href=\"https:\/\/blogsaverroes.juntadeandalucia.es\/colegiojuanvalera\/files\/2020\/05\/4-an\u0303os-SEMANA-DEL-18-AL-22-MAYO-de-2020.pdf\">puedes descargarla aqu\u00ed<\/a><\/p>\n<p>Si no has podido descargar las fichas de la semana del 25 al 29 de mayo de 2020 <a href=\"https:\/\/blogsaverroes.juntadeandalucia.es\/colegiojuanvalera\/files\/2020\/05\/SEMANA-DEL-25-AL-29-MAYO.pdf\">puedes descargarla aqu\u00ed<\/a><\/p>\n<p>Si no has podido descargar las fichas de la semana del 1 al 5 de junio de 2020 <a href=\"https:\/\/blogsaverroes.juntadeandalucia.es\/colegiojuanvalera\/files\/2020\/05\/SEMANA-DEL-01-AL-05-DE-JUNIO-1.pdf\">puedes descargarla aqu\u00ed<\/a><\/p>\n<p>Si no has podido descargar las fichas de la semana del 8 al 12 de junio de 2020 <a href=\"https:\/\/blogsaverroes.juntadeandalucia.es\/colegiojuanvalera\/files\/2020\/06\/progr_semana08-12-junio.pdf\">puedes descargarla aqu\u00ed<\/a><\/p>\n<p>Si no has podido descargar las fichas de la semana del 15 al 19 de junio de 2020 <a href=\"https:\/\/blogsaverroes.juntadeandalucia.es\/colegiojuanvalera\/files\/2020\/06\/progr_semana15-19-junio.pdf\">puedes descargarla aqu\u00ed<\/a><\/p>\n<\/div>\n<\/div>\n<\/div>\n<\/div>\n","protected":false},"excerpt":{"rendered":"<p>PLANIFICACIO\u0301N DE LAS RUTINAS DE LOS DI\u0301AS SIN COLE POR EL CORONAVIRUS- Infantil 4 an\u0303os EJEMPLO DE LA ORGANIZACIO\u0301N DEL DI\u0301A (sin horas porque depende de la dina\u0301mica familiar) Levantarse Desayunar Asearse Vestirse Asamblea: reunio\u0301n de los miembros de la familia para decidir que\u0301 actividades se van a realizar. Algunas de las actividades hay que &hellip; <\/p>\n<p><a class=\"more-link btn\" href=\"https:\/\/blogsaverroes.juntadeandalucia.es\/colegiojuanvalera\/4-anos\/\">Seguir leyendo<\/a><\/p>\n","protected":false},"author":3037,"featured_media":0,"parent":0,"menu_order":0,"comment_status":"closed","ping_status":"closed","template":"page-template-full.php","meta":{"ngg_post_thumbnail":0,"footnotes":"","_mc_calendar":[]},"aioseo_notices":[],"_links":{"self":[{"href":"https:\/\/blogsaverroes.juntadeandalucia.es\/colegiojuanvalera\/wp-json\/wp\/v2\/pages\/4609"}],"collection":[{"href":"https:\/\/blogsaverroes.juntadeandalucia.es\/colegiojuanvalera\/wp-json\/wp\/v2\/pages"}],"about":[{"href":"https:\/\/blogsaverroes.juntadeandalucia.es\/colegiojuanvalera\/wp-json\/wp\/v2\/types\/page"}],"author":[{"embeddable":true,"href":"https:\/\/blogsaverroes.juntadeandalucia.es\/colegiojuanvalera\/wp-json\/wp\/v2\/users\/3037"}],"replies":[{"embeddable":true,"href":"https:\/\/blogsaverroes.juntadeandalucia.es\/colegiojuanvalera\/wp-json\/wp\/v2\/comments?post=4609"}],"version-history":[{"count":35,"href":"https:\/\/blogsaverroes.juntadeandalucia.es\/colegiojuanvalera\/wp-json\/wp\/v2\/pages\/4609\/revisions"}],"predecessor-version":[{"id":7173,"href":"https:\/\/blogsaverroes.juntadeandalucia.es\/colegiojuanvalera\/wp-json\/wp\/v2\/pages\/4609\/revisions\/7173"}],"wp:attachment":[{"href":"https:\/\/blogsaverroes.juntadeandalucia.es\/colegiojuanvalera\/wp-json\/wp\/v2\/media?parent=4609"}],"curies":[{"name":"wp","href":"https:\/\/api.w.org\/{rel}","templated":true}]}}