{"id":4625,"date":"2020-03-14T14:58:06","date_gmt":"2020-03-14T12:58:06","guid":{"rendered":"http:\/\/blogsaverroes.juntadeandalucia.es\/colegiojuanvalera\/?page_id=4625"},"modified":"2021-06-03T10:38:50","modified_gmt":"2021-06-03T08:38:50","slug":"4o-a","status":"publish","type":"page","link":"https:\/\/blogsaverroes.juntadeandalucia.es\/colegiojuanvalera\/4o-a\/","title":{"rendered":"4\u00ba A"},"content":{"rendered":"<h1 style=\"text-align: center\"><span style=\"text-decoration: underline\"><em>CUARTO DE PRIMARIA (4\u00baA)<\/em><\/span><\/h1>\n<table style=\"height: 95px;width: 869px\">\n<tbody>\n<tr style=\"height: 24px\">\n<td style=\"width: 859px;height: 24px;text-align: center\"><em><span style=\"text-decoration: underline\"><strong>1\u00aa semana (del 16 al 20 de marzo de 2020)<\/strong><\/span><\/em><\/td>\n<\/tr>\n<tr style=\"height: 25px\">\n<td style=\"width: 859px;height: 25px;text-align: center\"><a href=\"https:\/\/blogsaverroes.juntadeandalucia.es\/colegiojuanvalera\/files\/2020\/03\/3\u00ba-primera-semana-del-16-al-20-de-marzo-de-2020.pdf\">(Pincha aqu\u00ed si no has podido descargar la tarea de esa semana)\u200b<\/a><\/td>\n<\/tr>\n<tr style=\"height: 25px\">\n<td style=\"width: 859px;height: 25px\">&nbsp;<\/td>\n<\/tr>\n<\/tbody>\n<\/table>\n<table style=\"height: 220px;width: 870px\">\n<tbody>\n<tr style=\"height: 24px\">\n<td style=\"width: 856px;height: 24px;text-align: center\" colspan=\"2\"><em><span style=\"text-decoration: underline\"><strong>2\u00aa semana (del 23 al 27 de marzo de 2020)<\/strong><\/span><\/em><\/td>\n<\/tr>\n<tr style=\"height: 25px\">\n<td style=\"width: 856px;height: 25px;text-align: center\" colspan=\"2\"><a href=\"https:\/\/blogsaverroes.juntadeandalucia.es\/colegiojuanvalera\/files\/2020\/03\/3\u00ba-Segunda-semana-del-23-al-27-de-abril-de-2020.pdf\">(Pincha aqu\u00ed si no has podido descargar la tarea de esa semana)<\/a><\/td>\n<\/tr>\n<tr style=\"height: 25px\">\n<td style=\"width: 304px;height: 25px\" colspan=\"2\">&nbsp;<\/td>\n<\/tr>\n<tr style=\"height: 25px\">\n<td style=\"width: 304px;height: 25px;text-align: center\" colspan=\"2\"><em><span style=\"text-decoration: underline\"><strong>3\u00aa semana (del 30 de marzo al 3 de abril de 2020)<\/strong><\/span><\/em><\/td>\n<\/tr>\n<tr style=\"height: 25px\">\n<td style=\"width: 304px;height: 25px;text-align: center\" colspan=\"2\"><a href=\"https:\/\/blogsaverroes.juntadeandalucia.es\/colegiojuanvalera\/files\/2020\/04\/4\u00ba-A-3\u00aa-semana-del-30-de-marzo-al-3-de-abril.pdf\">(Pincha aqu\u00ed si no has podido descargar la tarea de esa semana)<\/a><\/td>\n<\/tr>\n<tr style=\"height: 25px\">\n<td style=\"width: 304px;height: 25px;text-align: center\" colspan=\"2\">&nbsp;<\/td>\n<\/tr>\n<tr style=\"height: 25px\">\n<td style=\"width: 304px;height: 25px;text-align: center\" colspan=\"2\"><em><span style=\"text-decoration: underline\"><strong>4\u00aa semana (del 14 al 17 de abril de 2020)<\/strong><\/span><\/em><\/td>\n<\/tr>\n<tr style=\"height: 25px\">\n<td style=\"width: 304px;height: 25px;text-align: center\" colspan=\"2\"><a href=\"https:\/\/blogsaverroes.juntadeandalucia.es\/colegiojuanvalera\/files\/2020\/04\/4\u00baA-4\u00aa-semana-del-14-al-17-de-abril-de-2020.pdf\">(Pincha aqu\u00ed si no has podido descargar la tarea de esa semana)<\/a><\/td>\n<\/tr>\n<tr style=\"height: 25px\">\n<td style=\"width: 304px;height: 25px\" colspan=\"2\">&nbsp;<\/td>\n<\/tr>\n<tr style=\"height: 25px\">\n<td style=\"width: 304px;height: 25px;text-align: center\" colspan=\"2\"><em style=\"text-align: center\"><span style=\"text-decoration: underline\"><strong>5\u00aa semana (del 20 al 24 de abril de 2020)<\/strong><\/span><\/em><\/td>\n<\/tr>\n<tr style=\"height: 25px\">\n<td style=\"width: 304px;height: 25px;text-align: center\" colspan=\"2\"><a href=\"https:\/\/blogsaverroes.juntadeandalucia.es\/colegiojuanvalera\/files\/2020\/04\/4\u00baA-5\u00aa-semana-del-20-al-24-de-abril-de-2020.pdf\">(Pincha aqu\u00ed si no has podido descargar la tarea de esa semana)<\/a><\/td>\n<\/tr>\n<tr style=\"height: 25.875px\">\n<td style=\"width: 304px;height: 25.875px;text-align: center\" colspan=\"2\">&nbsp;<\/td>\n<\/tr>\n<tr style=\"height: 25px\">\n<td style=\"width: 304px;height: 25px;text-align: center\" colspan=\"2\"><em><span style=\"text-decoration: underline\"><strong>6\u00aa semana (del 27 de abril al 1 de mayo de 2020)<\/strong><\/span><\/em><\/td>\n<\/tr>\n<tr style=\"height: 25px\">\n<td style=\"width: 304px;height: 25px;text-align: center\" colspan=\"2\"><span style=\"text-decoration: underline\"><a href=\"https:\/\/blogsaverroes.juntadeandalucia.es\/colegiojuanvalera\/files\/2020\/05\/4\u00baA-6\u00aa-semana-del-27-al-30-de-2020.pdf\">(Pincha aqu\u00ed si no has podido descargar la tarea de esa semana)<\/a><\/span><\/td>\n<\/tr>\n<tr style=\"height: 25px\">\n<td style=\"width: 304px;height: 25px;text-align: center\" colspan=\"2\">&nbsp;<\/td>\n<\/tr>\n<tr style=\"height: 25px\">\n<td style=\"width: 304px;height: 25px;text-align: center\" colspan=\"2\"><em><span style=\"text-decoration: underline\"><strong>7\u00aa semana (del 4 al 8 de mayo de 2020)<\/strong><\/span><\/em><\/td>\n<\/tr>\n<tr style=\"height: 25px\">\n<td style=\"width: 304px;height: 25px;text-align: center\" colspan=\"2\"><a href=\"https:\/\/blogsaverroes.juntadeandalucia.es\/colegiojuanvalera\/files\/2020\/05\/4\u00baA-7\u00aa-semana-del-5-al-8-de-mayo-de-2020.pdf\">(Pincha aqu\u00ed si no has podido descargar la tarea de esa semana)<\/a><\/td>\n<\/tr>\n<tr style=\"height: 25px\">\n<td style=\"width: 304px;height: 25px;text-align: center\" colspan=\"2\">&nbsp;<\/td>\n<\/tr>\n<tr style=\"height: 25px\">\n<td style=\"width: 304px;height: 25px;text-align: center\" colspan=\"2\"><em><span style=\"text-decoration: underline\"><strong>8\u00aa semana (del 11 al 15 de mayo de 2020)<\/strong><\/span><\/em><\/td>\n<\/tr>\n<tr style=\"height: 25px\">\n<td style=\"width: 304px;height: 25px;text-align: center\" colspan=\"2\"><a href=\"https:\/\/blogsaverroes.juntadeandalucia.es\/colegiojuanvalera\/files\/2020\/05\/4\u00baA-8\u00aa-semana-del-11-al-15-de-mayo-de-2020.pdf\">(Pincha aqu\u00ed si no has podido descargar la tarea de esa semana)<\/a><\/td>\n<\/tr>\n<tr style=\"height: 25px\">\n<td style=\"width: 304px;height: 25px;text-align: center\" colspan=\"2\">&nbsp;<\/td>\n<\/tr>\n<tr style=\"height: 25px\">\n<td style=\"width: 304px;height: 25px;text-align: center\" colspan=\"2\"><em><span style=\"text-decoration: underline\"><strong>9\u00aa semana (del 18 al 22 de mayo de 2020)<\/strong><\/span><\/em><\/td>\n<\/tr>\n<tr style=\"height: 25px\">\n<td style=\"width: 304px;height: 25px;text-align: center\" colspan=\"2\"><a href=\"https:\/\/blogsaverroes.juntadeandalucia.es\/colegiojuanvalera\/files\/2020\/05\/4\u00ba-A-9\u00aa-semana-del-18-al-22-de-mayo-de-2020.pdf\">(Pincha aqu\u00ed si no has podido descargar la tarea de esa semana)<\/a><\/td>\n<\/tr>\n<tr style=\"height: 25px\">\n<td style=\"width: 304px;height: 25px;text-align: center\" colspan=\"2\">&nbsp;<\/td>\n<\/tr>\n<tr style=\"height: 25px\">\n<td style=\"width: 304px;height: 25px;text-align: center\" colspan=\"2\"><em><span style=\"text-decoration: underline\"><strong>10\u00aa semana (del 25 al 29 de mayo de 2020)<\/strong><\/span><\/em><\/td>\n<\/tr>\n<tr style=\"height: 25px\">\n<td style=\"width: 304px;height: 25px;text-align: center\" colspan=\"2\"><a href=\"https:\/\/blogsaverroes.juntadeandalucia.es\/colegiojuanvalera\/files\/2020\/05\/4\u00baA-10\u00aa-semana-del-25-al-29-de-mayo-de-2020.pdf\">(Pincha aqu\u00ed si no has podido descargar la tarea de esa semana)<\/a><\/td>\n<\/tr>\n<tr style=\"height: 25px\">\n<td style=\"width: 304px;height: 25px;text-align: center\" colspan=\"2\">&nbsp;<\/td>\n<\/tr>\n<tr style=\"height: 25px\">\n<td style=\"width: 304px;height: 25px;text-align: center\" colspan=\"2\"><em><span style=\"text-decoration: underline\"><strong>11\u00aa semana (del 1 al 5 de junio de 2020)<\/strong><\/span><\/em><\/td>\n<\/tr>\n<tr style=\"height: 25px\">\n<td style=\"width: 304px;height: 25px;text-align: center\" colspan=\"2\"><a href=\"https:\/\/blogsaverroes.juntadeandalucia.es\/colegiojuanvalera\/files\/2020\/06\/4\u00ba-A-11\u00aa-semana-del-1-al-5-de-junio-de-2020.pdf\">(Pincha aqu\u00ed si no has podido descargar la tarea de esa semana)<\/a><\/td>\n<\/tr>\n<tr style=\"height: 25px\">\n<td style=\"width: 304px;height: 25px;text-align: center\" colspan=\"2\">&nbsp;<\/td>\n<\/tr>\n<tr style=\"height: 25px\">\n<td style=\"width: 304px;height: 25px;text-align: center\" colspan=\"2\"><em><span style=\"text-decoration: underline\"><strong>12\u00aa semana (del 8 al 12 de junio de 2020)<\/strong><\/span><\/em><\/td>\n<\/tr>\n<tr style=\"height: 25px\">\n<td style=\"width: 304px;height: 25px;text-align: center\" colspan=\"2\"><a href=\"https:\/\/blogsaverroes.juntadeandalucia.es\/colegiojuanvalera\/files\/2020\/06\/4\u00baA-12\u00aa-semana-del-8-al-12-de-junio-de-2020.pdf\">(Pincha aqu\u00ed si no has podido descargar la tarea de esa semana)<\/a><\/td>\n<\/tr>\n<tr style=\"height: 25px\">\n<td style=\"width: 304px;height: 25px;text-align: center\" colspan=\"2\">&nbsp;<\/td>\n<\/tr>\n<tr style=\"height: 25px\">\n<td style=\"width: 304px;height: 25px;text-align: center\" colspan=\"2\"><em><span style=\"text-decoration: underline\"><strong>13\u00aa semana (del 15 al 19 de junio de 2020)<\/strong><\/span><\/em><\/td>\n<\/tr>\n<tr style=\"height: 25px\">\n<td style=\"width: 304px;height: 25px;text-align: center\" colspan=\"2\"><a href=\"https:\/\/blogsaverroes.juntadeandalucia.es\/colegiojuanvalera\/files\/2020\/06\/tarea-\u00faltima-semana-4\u00baA.pdf\">(Pincha aqu\u00ed para descargar la tarea de esa semana)<\/a><\/td>\n<\/tr>\n<tr style=\"height: 25px\">\n<td style=\"width: 304px;height: 25px\">&nbsp;<\/td>\n<td style=\"width: 552px;height: 25px\">&nbsp;<\/td>\n<\/tr>\n<\/tbody>\n<\/table>\n<h3 style=\"text-align: center\"><span style=\"text-decoration: underline\"><strong>FRANC\u00c9S<\/strong><\/span><\/h3>\n<p><a href=\"https:\/\/blogsaverroes.juntadeandalucia.es\/colegiojuanvalera\/frances\/\">https:\/\/blogsaverroes.juntadeandalucia.es\/colegiojuanvalera\/frances\/<\/a><\/p>\n<h3 style=\"text-align: center\"><span style=\"text-decoration: underline;color: #ff00ff\"><strong>INGL\u00c9S<\/strong><\/span><\/h3>\n<p>Un saludo a todos.<br \/>\nOs env\u00edo el enlace de mi blog (<a href=\"https:\/\/blogsaverroes.juntadeandalucia.es\/elblogdeanita\/\">https:\/\/blogsaverroes.juntadeandalucia.es\/elblogdeanita\/<\/a>)donde aparece las tareas de las tres sesiones semanales.<br \/>\nDesde la barra de herramientas de arriba: Online lessons, acced\u00e9is a las tareas. S\u00f3lo deb\u00e9is hacerlo desde ah\u00ed.<\/p>\n<p style=\"text-align: center\"><em><span style=\"text-decoration: underline\"><span style=\"color: #ffcc00;text-decoration: underline\"><span style=\"color: #99ccff\"><strong>M\u00daSICA<\/strong><\/span><\/span><\/span><\/em><\/p>\n<p style=\"text-align: center\"><em><span style=\"text-decoration: underline\"><span style=\"color: #ffcc00;text-decoration: underline\"><a href=\"https:\/\/blogsaverroes.juntadeandalucia.es\/colegiojuanvalera\/files\/2020\/05\/Tarea-coronavirus-mu\u0301sica-mayo-4\u00ba.pdf\">Pincha aqu\u00ed para descargar la tarea.<\/a><\/span><\/span><\/em><\/p>\n<h3 style=\"text-align: center\"><em><span style=\"text-decoration: underline\"><span style=\"color: #ffcc00;text-decoration: underline\">RELIGI\u00d3N<\/span><\/span><\/em><\/h3>\n<p style=\"text-align: center\"><a href=\"https:\/\/blogsaverroes.juntadeandalucia.es\/colegiojuanvalera\/files\/2020\/04\/RELIGIO\u0301N-CATO\u0301LICA-4\u00ba.pdf\">Pincha aqu\u00ed para descargar la tarea<\/a><\/p>\n<h3 style=\"text-align: center\"><em><span style=\"text-decoration: underline\"><span style=\"color: #ff99cc;text-decoration: underline\">VALORES SOCIALES Y C\u00cdVICOS<\/span><\/span><\/em><\/h3>\n<p style=\"text-align: center\"><a href=\"https:\/\/blogsaverroes.juntadeandalucia.es\/colegiojuanvalera\/files\/2020\/04\/carta-para-sanitarios-4\u00ba.pdf\">Pincha aqu\u00ed para descargar la tarea.<\/a><\/p>\n","protected":false},"excerpt":{"rendered":"<p>CUARTO DE PRIMARIA (4\u00baA) 1\u00aa semana (del 16 al 20 de marzo de 2020) (Pincha aqu\u00ed si no has podido descargar la tarea de esa semana)\u200b &nbsp; 2\u00aa semana (del 23 al 27 de marzo de 2020) (Pincha aqu\u00ed si no has podido descargar la tarea de esa semana) &nbsp; 3\u00aa semana (del 30 de &hellip; <\/p>\n<p><a class=\"more-link btn\" href=\"https:\/\/blogsaverroes.juntadeandalucia.es\/colegiojuanvalera\/4o-a\/\">Seguir leyendo<\/a><\/p>\n","protected":false},"author":3037,"featured_media":0,"parent":0,"menu_order":0,"comment_status":"closed","ping_status":"closed","template":"page-template-full.php","meta":{"ngg_post_thumbnail":0,"footnotes":"","_mc_calendar":[]},"aioseo_notices":[],"_links":{"self":[{"href":"https:\/\/blogsaverroes.juntadeandalucia.es\/colegiojuanvalera\/wp-json\/wp\/v2\/pages\/4625"}],"collection":[{"href":"https:\/\/blogsaverroes.juntadeandalucia.es\/colegiojuanvalera\/wp-json\/wp\/v2\/pages"}],"about":[{"href":"https:\/\/blogsaverroes.juntadeandalucia.es\/colegiojuanvalera\/wp-json\/wp\/v2\/types\/page"}],"author":[{"embeddable":true,"href":"https:\/\/blogsaverroes.juntadeandalucia.es\/colegiojuanvalera\/wp-json\/wp\/v2\/users\/3037"}],"replies":[{"embeddable":true,"href":"https:\/\/blogsaverroes.juntadeandalucia.es\/colegiojuanvalera\/wp-json\/wp\/v2\/comments?post=4625"}],"version-history":[{"count":92,"href":"https:\/\/blogsaverroes.juntadeandalucia.es\/colegiojuanvalera\/wp-json\/wp\/v2\/pages\/4625\/revisions"}],"predecessor-version":[{"id":7174,"href":"https:\/\/blogsaverroes.juntadeandalucia.es\/colegiojuanvalera\/wp-json\/wp\/v2\/pages\/4625\/revisions\/7174"}],"wp:attachment":[{"href":"https:\/\/blogsaverroes.juntadeandalucia.es\/colegiojuanvalera\/wp-json\/wp\/v2\/media?parent=4625"}],"curies":[{"name":"wp","href":"https:\/\/api.w.org\/{rel}","templated":true}]}}