{"id":4635,"date":"2020-03-14T14:59:35","date_gmt":"2020-03-14T12:59:35","guid":{"rendered":"http:\/\/blogsaverroes.juntadeandalucia.es\/colegiojuanvalera\/?page_id=4635"},"modified":"2021-06-03T10:38:50","modified_gmt":"2021-06-03T08:38:50","slug":"6o-b","status":"publish","type":"page","link":"https:\/\/blogsaverroes.juntadeandalucia.es\/colegiojuanvalera\/6o-b\/","title":{"rendered":"6\u00ba B"},"content":{"rendered":"<h1 style=\"text-align: center\"><span style=\"text-decoration: underline\"><strong><em>CLASES ONLINE PERIODO CONFINAMIENTO CORONAVIRUS<\/em><\/strong><\/span><\/h1>\n<p>Los alumnos de Sexto B seguir\u00e1n su proceso educativo accediendo a la aplicaci\u00f3n classroom de Google mediante el c\u00f3digo&nbsp;&nbsp;<\/p>\n<h2>dvn7x7b&nbsp;<\/h2>\n<p><a href=\"https:\/\/classroom.google.com\/\">Pincha aqu\u00ed para acceder<\/a><\/p>\n<p><a href=\"https:\/\/classroom.google.com\/\"><img loading=\"lazy\" decoding=\"async\" class=\"aligncenter wp-image-4669 size-large\" src=\"https:\/\/blogsaverroes.juntadeandalucia.es\/colegiojuanvalera\/files\/2020\/03\/Captura-de-pantalla-2020-03-15-a-las-16.02.29-1024x190.png\" alt=\"\" width=\"1024\" height=\"190\" srcset=\"https:\/\/blogsaverroes.juntadeandalucia.es\/colegiojuanvalera\/files\/2020\/03\/Captura-de-pantalla-2020-03-15-a-las-16.02.29-1024x190.png 1024w, https:\/\/blogsaverroes.juntadeandalucia.es\/colegiojuanvalera\/files\/2020\/03\/Captura-de-pantalla-2020-03-15-a-las-16.02.29-300x56.png 300w, https:\/\/blogsaverroes.juntadeandalucia.es\/colegiojuanvalera\/files\/2020\/03\/Captura-de-pantalla-2020-03-15-a-las-16.02.29-768x142.png 768w, https:\/\/blogsaverroes.juntadeandalucia.es\/colegiojuanvalera\/files\/2020\/03\/Captura-de-pantalla-2020-03-15-a-las-16.02.29-24x4.png 24w, https:\/\/blogsaverroes.juntadeandalucia.es\/colegiojuanvalera\/files\/2020\/03\/Captura-de-pantalla-2020-03-15-a-las-16.02.29-36x7.png 36w, https:\/\/blogsaverroes.juntadeandalucia.es\/colegiojuanvalera\/files\/2020\/03\/Captura-de-pantalla-2020-03-15-a-las-16.02.29-48x9.png 48w, https:\/\/blogsaverroes.juntadeandalucia.es\/colegiojuanvalera\/files\/2020\/03\/Captura-de-pantalla-2020-03-15-a-las-16.02.29.png 1600w\" sizes=\"(max-width: 1024px) 100vw, 1024px\" \/><\/a><\/p>\n","protected":false},"excerpt":{"rendered":"<p>CLASES ONLINE PERIODO CONFINAMIENTO CORONAVIRUS Los alumnos de Sexto B seguir\u00e1n su proceso educativo accediendo a la aplicaci\u00f3n classroom de Google mediante el c\u00f3digo&nbsp;&nbsp; dvn7x7b&nbsp; Pincha aqu\u00ed para acceder<\/p>\n","protected":false},"author":3037,"featured_media":0,"parent":0,"menu_order":0,"comment_status":"closed","ping_status":"closed","template":"page-template-full.php","meta":{"ngg_post_thumbnail":0,"footnotes":"","_mc_calendar":[]},"aioseo_notices":[],"_links":{"self":[{"href":"https:\/\/blogsaverroes.juntadeandalucia.es\/colegiojuanvalera\/wp-json\/wp\/v2\/pages\/4635"}],"collection":[{"href":"https:\/\/blogsaverroes.juntadeandalucia.es\/colegiojuanvalera\/wp-json\/wp\/v2\/pages"}],"about":[{"href":"https:\/\/blogsaverroes.juntadeandalucia.es\/colegiojuanvalera\/wp-json\/wp\/v2\/types\/page"}],"author":[{"embeddable":true,"href":"https:\/\/blogsaverroes.juntadeandalucia.es\/colegiojuanvalera\/wp-json\/wp\/v2\/users\/3037"}],"replies":[{"embeddable":true,"href":"https:\/\/blogsaverroes.juntadeandalucia.es\/colegiojuanvalera\/wp-json\/wp\/v2\/comments?post=4635"}],"version-history":[{"count":3,"href":"https:\/\/blogsaverroes.juntadeandalucia.es\/colegiojuanvalera\/wp-json\/wp\/v2\/pages\/4635\/revisions"}],"predecessor-version":[{"id":7181,"href":"https:\/\/blogsaverroes.juntadeandalucia.es\/colegiojuanvalera\/wp-json\/wp\/v2\/pages\/4635\/revisions\/7181"}],"wp:attachment":[{"href":"https:\/\/blogsaverroes.juntadeandalucia.es\/colegiojuanvalera\/wp-json\/wp\/v2\/media?parent=4635"}],"curies":[{"name":"wp","href":"https:\/\/api.w.org\/{rel}","templated":true}]}}