{"id":7306,"date":"2021-06-10T10:34:13","date_gmt":"2021-06-10T08:34:13","guid":{"rendered":"http:\/\/blogsaverroes.juntadeandalucia.es\/colegiojuanvalera\/?page_id=7306"},"modified":"2021-06-11T09:27:23","modified_gmt":"2021-06-11T07:27:23","slug":"halloween-2016","status":"publish","type":"page","link":"https:\/\/blogsaverroes.juntadeandalucia.es\/colegiojuanvalera\/halloween-2016\/","title":{"rendered":"Halloween 2016"},"content":{"rendered":"<p>Aqu\u00ed os dejamos una terror\u00edfica muestra de nuestra celebraci\u00f3n&nbsp;de Halloween. Espero que la disfrut\u00e9is!!!<\/p>\n<div class=\"embed-container\"><iframe loading=\"lazy\" title=\"Halloween 2016\" width=\"750\" height=\"563\" src=\"https:\/\/www.youtube.com\/embed\/O6fSzPZbb_4?feature=oembed\" frameborder=\"0\" allow=\"accelerometer; autoplay; clipboard-write; encrypted-media; gyroscope; picture-in-picture; web-share\" referrerpolicy=\"strict-origin-when-cross-origin\" allowfullscreen><\/iframe><\/div>\n","protected":false},"excerpt":{"rendered":"<p>Aqu\u00ed os dejamos una terror\u00edfica muestra de nuestra celebraci\u00f3n&nbsp;de Halloween. Espero que la disfrut\u00e9is!!!<\/p>\n","protected":false},"author":3037,"featured_media":0,"parent":0,"menu_order":0,"comment_status":"closed","ping_status":"closed","template":"page-template-full.php","meta":{"ngg_post_thumbnail":0,"footnotes":"","_mc_calendar":[]},"aioseo_notices":[],"_links":{"self":[{"href":"https:\/\/blogsaverroes.juntadeandalucia.es\/colegiojuanvalera\/wp-json\/wp\/v2\/pages\/7306"}],"collection":[{"href":"https:\/\/blogsaverroes.juntadeandalucia.es\/colegiojuanvalera\/wp-json\/wp\/v2\/pages"}],"about":[{"href":"https:\/\/blogsaverroes.juntadeandalucia.es\/colegiojuanvalera\/wp-json\/wp\/v2\/types\/page"}],"author":[{"embeddable":true,"href":"https:\/\/blogsaverroes.juntadeandalucia.es\/colegiojuanvalera\/wp-json\/wp\/v2\/users\/3037"}],"replies":[{"embeddable":true,"href":"https:\/\/blogsaverroes.juntadeandalucia.es\/colegiojuanvalera\/wp-json\/wp\/v2\/comments?post=7306"}],"version-history":[{"count":2,"href":"https:\/\/blogsaverroes.juntadeandalucia.es\/colegiojuanvalera\/wp-json\/wp\/v2\/pages\/7306\/revisions"}],"predecessor-version":[{"id":7566,"href":"https:\/\/blogsaverroes.juntadeandalucia.es\/colegiojuanvalera\/wp-json\/wp\/v2\/pages\/7306\/revisions\/7566"}],"wp:attachment":[{"href":"https:\/\/blogsaverroes.juntadeandalucia.es\/colegiojuanvalera\/wp-json\/wp\/v2\/media?parent=7306"}],"curies":[{"name":"wp","href":"https:\/\/api.w.org\/{rel}","templated":true}]}}