{"id":7327,"date":"2021-06-10T10:40:13","date_gmt":"2021-06-10T08:40:13","guid":{"rendered":"http:\/\/blogsaverroes.juntadeandalucia.es\/colegiojuanvalera\/?page_id=7327"},"modified":"2021-06-11T09:30:16","modified_gmt":"2021-06-11T07:30:16","slug":"halloween-2020","status":"publish","type":"page","link":"https:\/\/blogsaverroes.juntadeandalucia.es\/colegiojuanvalera\/halloween-2020\/","title":{"rendered":"Halloween 2020"},"content":{"rendered":"<p>Aqu\u00ed os dejamos una terror\u00edfica muestra de nuestra at\u00edpica celebraci\u00f3n de Halloween. Espero que la disfrut\u00e9is!!! El a\u00f1o que viene con t\u00fanel del miedo, jejeje<\/p>\n<div class=\"embed-container\"><iframe loading=\"lazy\" title=\"Halloween 2020\" width=\"750\" height=\"422\" src=\"https:\/\/www.youtube.com\/embed\/EFogTCQxkK8?feature=oembed\" frameborder=\"0\" allow=\"accelerometer; autoplay; clipboard-write; encrypted-media; gyroscope; picture-in-picture; web-share\" referrerpolicy=\"strict-origin-when-cross-origin\" allowfullscreen><\/iframe><\/div>\n","protected":false},"excerpt":{"rendered":"<p>Aqu\u00ed os dejamos una terror\u00edfica muestra de nuestra at\u00edpica celebraci\u00f3n de Halloween. Espero que la disfrut\u00e9is!!! El a\u00f1o que viene con t\u00fanel del miedo, jejeje<\/p>\n","protected":false},"author":3037,"featured_media":0,"parent":0,"menu_order":0,"comment_status":"closed","ping_status":"closed","template":"page-template-full.php","meta":{"ngg_post_thumbnail":0,"footnotes":"","_mc_calendar":[]},"aioseo_notices":[],"_links":{"self":[{"href":"https:\/\/blogsaverroes.juntadeandalucia.es\/colegiojuanvalera\/wp-json\/wp\/v2\/pages\/7327"}],"collection":[{"href":"https:\/\/blogsaverroes.juntadeandalucia.es\/colegiojuanvalera\/wp-json\/wp\/v2\/pages"}],"about":[{"href":"https:\/\/blogsaverroes.juntadeandalucia.es\/colegiojuanvalera\/wp-json\/wp\/v2\/types\/page"}],"author":[{"embeddable":true,"href":"https:\/\/blogsaverroes.juntadeandalucia.es\/colegiojuanvalera\/wp-json\/wp\/v2\/users\/3037"}],"replies":[{"embeddable":true,"href":"https:\/\/blogsaverroes.juntadeandalucia.es\/colegiojuanvalera\/wp-json\/wp\/v2\/comments?post=7327"}],"version-history":[{"count":2,"href":"https:\/\/blogsaverroes.juntadeandalucia.es\/colegiojuanvalera\/wp-json\/wp\/v2\/pages\/7327\/revisions"}],"predecessor-version":[{"id":7570,"href":"https:\/\/blogsaverroes.juntadeandalucia.es\/colegiojuanvalera\/wp-json\/wp\/v2\/pages\/7327\/revisions\/7570"}],"wp:attachment":[{"href":"https:\/\/blogsaverroes.juntadeandalucia.es\/colegiojuanvalera\/wp-json\/wp\/v2\/media?parent=7327"}],"curies":[{"name":"wp","href":"https:\/\/api.w.org\/{rel}","templated":true}]}}