{"id":7406,"date":"2021-06-10T11:39:19","date_gmt":"2021-06-10T09:39:19","guid":{"rendered":"http:\/\/blogsaverroes.juntadeandalucia.es\/colegiojuanvalera\/?page_id=7406"},"modified":"2021-06-10T12:03:32","modified_gmt":"2021-06-10T10:03:32","slug":"nos-vamos-de-excursion-2010","status":"publish","type":"page","link":"https:\/\/blogsaverroes.juntadeandalucia.es\/colegiojuanvalera\/nos-vamos-de-excursion-2010\/","title":{"rendered":"\u00a1Nos vamos de excursi\u00f3n! (2010)"},"content":{"rendered":"<p>Aqu\u00ed os dejamos un v\u00eddeo resumen del teatro que representaron los alumnos de sexto de primaria el d\u00eda 15 de junio de 2010.<\/p>\n<div class=\"embed-container\"><iframe loading=\"lazy\" title=\"Teatro &quot;Nos vamos de excursi\u00f3n&quot;\" width=\"750\" height=\"422\" src=\"https:\/\/www.youtube.com\/embed\/f5bs0qp5TMc?feature=oembed\" frameborder=\"0\" allow=\"accelerometer; autoplay; clipboard-write; encrypted-media; gyroscope; picture-in-picture; web-share\" referrerpolicy=\"strict-origin-when-cross-origin\" allowfullscreen><\/iframe><\/div>\n","protected":false},"excerpt":{"rendered":"<p>Aqu\u00ed os dejamos un v\u00eddeo resumen del teatro que representaron los alumnos de sexto de primaria el d\u00eda 15 de junio de 2010.<\/p>\n","protected":false},"author":3037,"featured_media":0,"parent":0,"menu_order":0,"comment_status":"closed","ping_status":"closed","template":"page-template-full.php","meta":{"ngg_post_thumbnail":0,"footnotes":"","_mc_calendar":[]},"aioseo_notices":[],"_links":{"self":[{"href":"https:\/\/blogsaverroes.juntadeandalucia.es\/colegiojuanvalera\/wp-json\/wp\/v2\/pages\/7406"}],"collection":[{"href":"https:\/\/blogsaverroes.juntadeandalucia.es\/colegiojuanvalera\/wp-json\/wp\/v2\/pages"}],"about":[{"href":"https:\/\/blogsaverroes.juntadeandalucia.es\/colegiojuanvalera\/wp-json\/wp\/v2\/types\/page"}],"author":[{"embeddable":true,"href":"https:\/\/blogsaverroes.juntadeandalucia.es\/colegiojuanvalera\/wp-json\/wp\/v2\/users\/3037"}],"replies":[{"embeddable":true,"href":"https:\/\/blogsaverroes.juntadeandalucia.es\/colegiojuanvalera\/wp-json\/wp\/v2\/comments?post=7406"}],"version-history":[{"count":3,"href":"https:\/\/blogsaverroes.juntadeandalucia.es\/colegiojuanvalera\/wp-json\/wp\/v2\/pages\/7406\/revisions"}],"predecessor-version":[{"id":7459,"href":"https:\/\/blogsaverroes.juntadeandalucia.es\/colegiojuanvalera\/wp-json\/wp\/v2\/pages\/7406\/revisions\/7459"}],"wp:attachment":[{"href":"https:\/\/blogsaverroes.juntadeandalucia.es\/colegiojuanvalera\/wp-json\/wp\/v2\/media?parent=7406"}],"curies":[{"name":"wp","href":"https:\/\/api.w.org\/{rel}","templated":true}]}}