{"id":8687,"date":"2024-08-06T12:18:51","date_gmt":"2024-08-06T10:18:51","guid":{"rendered":"https:\/\/blogsaverroes.juntadeandalucia.es\/colegiojuanvalera\/?page_id=8687"},"modified":"2024-08-06T12:18:51","modified_gmt":"2024-08-06T10:18:51","slug":"programa-cima","status":"publish","type":"page","link":"https:\/\/blogsaverroes.juntadeandalucia.es\/colegiojuanvalera\/programa-cima\/","title":{"rendered":"Programa CIMA"},"content":{"rendered":"<p><a href=\"https:\/\/blogsaverroes.juntadeandalucia.es\/colegiojuanvalera\/files\/2024\/08\/Loco-cima-modificado.png\"><img loading=\"lazy\" decoding=\"async\" class=\"aligncenter size-medium wp-image-8688\" src=\"https:\/\/blogsaverroes.juntadeandalucia.es\/colegiojuanvalera\/files\/2024\/08\/Loco-cima-modificado-300x234.png\" alt=\"\" width=\"300\" height=\"234\" srcset=\"https:\/\/blogsaverroes.juntadeandalucia.es\/colegiojuanvalera\/files\/2024\/08\/Loco-cima-modificado-300x234.png 300w, https:\/\/blogsaverroes.juntadeandalucia.es\/colegiojuanvalera\/files\/2024\/08\/Loco-cima-modificado.png 384w\" sizes=\"(max-width: 300px) 100vw, 300px\" \/><\/a><\/p>\n<h2><em><span style=\"text-decoration: underline\">1. Introducci\u00f3n.<\/span><\/em><\/h2>\n<p>La Consejer\u00eda de Desarrollo Educativo y Formaci\u00f3n Profesional pone a disposici\u00f3n de los centros el Programa para la Innovaci\u00f3n y la Mejora del Aprendizaje, Programa CIMA, una herramienta para el desarrollo de las pr\u00e1cticas educativas innovadoras que permite integrarlas en la planificaci\u00f3n anual y en las programaciones did\u00e1cticas del profesorado participante, y al mismo tiempo fomenta el trabajo cooperativo y reconoce al profesorado como docente innovador y al centro docente como centro innovador.<\/p>\n<p>Los cambios en la sociedad de la informaci\u00f3n y la conectividad, las investigaciones en innovaci\u00f3n y evaluaci\u00f3n educativa y la experiencia acumulada aconseja una nueva organizaci\u00f3n y un nuevo funcionamiento de los programas educativos que d\u00e9 respuesta a las necesidades actuales desde los fundamentos normativos, cient\u00edficos y pedag\u00f3gicos, as\u00ed como d\u00e9 soluci\u00f3n a las problem\u00e1ticas manifestadas por la comunidad educativa para impulsar proyectos de innovaci\u00f3n en sus centros, dotando de modelos de referencia de \u00e9xito en la pr\u00e1ctica docente.<\/p>\n<p>Con este Programa, por tanto, se pretende reforzar y consolidar una iniciativa de la Consejer\u00eda de Desarrollo Educativo y Formaci\u00f3n Profesional para situar al sistema educativo andaluz en una senda acorde con los objetivos adoptados a nivel mundial para la construcci\u00f3n de una sociedad m\u00e1s sostenible e inclusiva desde el \u00e1mbito educativo.<\/p>\n<p>Para saber m\u00e1s:<\/p>\n<p>Resoluci\u00f3n de 3 de noviembre de 2023, de la Direcci\u00f3n General de Tecnolog\u00edas Avanzadas y Transformaci\u00f3n Educativa, sobre los Programas para la Innovaci\u00f3n y la Mejora del Aprendizaje, Programa CIMA, y su convocatoria para el curso acad\u00e9mico 2023\/2024<\/p>\n<h2><em><span style=\"text-decoration: underline\">2. Objetivos<\/span><\/em><\/h2>\n<p>Son objetivos de este Programa para la innovaci\u00f3n educativa:<\/p>\n<p>a) Dise\u00f1ar modelos m\u00e1s eficientes de simplificaci\u00f3n administrativa, desde la reestructuraci\u00f3n del proceso de gesti\u00f3n de los programas, proyectos y actuaciones en los centros.<\/p>\n<p>b) Facilitar el desarrollo de proyectos para la innovaci\u00f3n y mejora del aprendizaje personalizados e inclusivos que supongan una transformaci\u00f3n efectiva y eficaz de los Proyectos Educativos del centro (en adelante, PE).<\/p>\n<p>c) Promover la transformaci\u00f3n a partir del estudio de las posibilidades de intervenci\u00f3n, desde el an\u00e1lisis de las necesidades y realidades educativas del centro, y desde la adaptaci\u00f3n de nuevos modelos de aprendizaje.<\/p>\n<p>d) Promover cambios en la gesti\u00f3n y cultura organizativa del centro desde el liderazgo en redarqu\u00eda de los equipos directivos.<\/p>\n<p>e) Capacitar a los equipos docentes para la transformaci\u00f3n de los PE.<\/p>\n<p>f) Potenciar actuaciones que favorezcan la aplicaci\u00f3n de metodolog\u00edas activas que contribuyan a pr\u00e1cticas docentes orientadas a la transformaci\u00f3n educativa.<\/p>\n<p>g) Fomentar una cultura de la participaci\u00f3n, la reflexi\u00f3n y el an\u00e1lisis compartido para el desarrollo de proyectos innovadores en los centros educativos.<\/p>\n<p>h) Favorecer la participaci\u00f3n del alumnado y las familias en las actuaciones innovadoras de los centros.<\/p>\n<p>i) Acompa\u00f1ar a los centros y a toda la comunidad educativa en el proceso de transformaci\u00f3n de los PE.<\/p>\n<p>j) Impulsar procesos evaluativos, de difusi\u00f3n y comunicaci\u00f3n de pr\u00e1cticas de \u00e9xito educativo.<\/p>\n<h2><em><span style=\"text-decoration: underline\">3. Centros de inter\u00e9s:<\/span><\/em><\/h2>\n<p><a href=\"https:\/\/blogsaverroes.juntadeandalucia.es\/colegiojuanvalera\/files\/2024\/08\/Captura-de-pantalla-2024-08-06-a-las-12.15.30.png\"><img loading=\"lazy\" decoding=\"async\" class=\"aligncenter wp-image-8689 size-large\" src=\"https:\/\/blogsaverroes.juntadeandalucia.es\/colegiojuanvalera\/files\/2024\/08\/Captura-de-pantalla-2024-08-06-a-las-12.15.30-1024x621.png\" alt=\"\" width=\"1024\" height=\"621\" srcset=\"https:\/\/blogsaverroes.juntadeandalucia.es\/colegiojuanvalera\/files\/2024\/08\/Captura-de-pantalla-2024-08-06-a-las-12.15.30-1024x621.png 1024w, https:\/\/blogsaverroes.juntadeandalucia.es\/colegiojuanvalera\/files\/2024\/08\/Captura-de-pantalla-2024-08-06-a-las-12.15.30-300x182.png 300w, https:\/\/blogsaverroes.juntadeandalucia.es\/colegiojuanvalera\/files\/2024\/08\/Captura-de-pantalla-2024-08-06-a-las-12.15.30-768x466.png 768w, https:\/\/blogsaverroes.juntadeandalucia.es\/colegiojuanvalera\/files\/2024\/08\/Captura-de-pantalla-2024-08-06-a-las-12.15.30.png 1154w\" sizes=\"(max-width: 1024px) 100vw, 1024px\" \/><\/a> <a href=\"https:\/\/blogsaverroes.juntadeandalucia.es\/colegiojuanvalera\/files\/2024\/08\/Captura-de-pantalla-2024-08-06-a-las-12.15.40.png\"><img loading=\"lazy\" decoding=\"async\" class=\"aligncenter wp-image-8690 size-large\" src=\"https:\/\/blogsaverroes.juntadeandalucia.es\/colegiojuanvalera\/files\/2024\/08\/Captura-de-pantalla-2024-08-06-a-las-12.15.40-1024x783.png\" alt=\"\" width=\"1024\" height=\"783\" srcset=\"https:\/\/blogsaverroes.juntadeandalucia.es\/colegiojuanvalera\/files\/2024\/08\/Captura-de-pantalla-2024-08-06-a-las-12.15.40-1024x783.png 1024w, https:\/\/blogsaverroes.juntadeandalucia.es\/colegiojuanvalera\/files\/2024\/08\/Captura-de-pantalla-2024-08-06-a-las-12.15.40-300x229.png 300w, https:\/\/blogsaverroes.juntadeandalucia.es\/colegiojuanvalera\/files\/2024\/08\/Captura-de-pantalla-2024-08-06-a-las-12.15.40-768x587.png 768w, https:\/\/blogsaverroes.juntadeandalucia.es\/colegiojuanvalera\/files\/2024\/08\/Captura-de-pantalla-2024-08-06-a-las-12.15.40.png 1146w\" sizes=\"(max-width: 1024px) 100vw, 1024px\" \/><\/a><\/p>\n<p>&nbsp;<\/p>\n","protected":false},"excerpt":{"rendered":"<p>1. Introducci\u00f3n. La Consejer\u00eda de Desarrollo Educativo y Formaci\u00f3n Profesional pone a disposici\u00f3n de los centros el Programa para la Innovaci\u00f3n y la Mejora del Aprendizaje, Programa CIMA, una herramienta para el desarrollo de las pr\u00e1cticas educativas innovadoras que permite integrarlas en la planificaci\u00f3n anual y en las programaciones did\u00e1cticas del profesorado participante, y al &hellip; <\/p>\n<p><a class=\"more-link btn\" href=\"https:\/\/blogsaverroes.juntadeandalucia.es\/colegiojuanvalera\/programa-cima\/\">Seguir leyendo<\/a><\/p>\n","protected":false},"author":3037,"featured_media":0,"parent":0,"menu_order":0,"comment_status":"closed","ping_status":"closed","template":"page-template-full.php","meta":{"ngg_post_thumbnail":0,"footnotes":"","_mc_calendar":[]},"aioseo_notices":[],"_links":{"self":[{"href":"https:\/\/blogsaverroes.juntadeandalucia.es\/colegiojuanvalera\/wp-json\/wp\/v2\/pages\/8687"}],"collection":[{"href":"https:\/\/blogsaverroes.juntadeandalucia.es\/colegiojuanvalera\/wp-json\/wp\/v2\/pages"}],"about":[{"href":"https:\/\/blogsaverroes.juntadeandalucia.es\/colegiojuanvalera\/wp-json\/wp\/v2\/types\/page"}],"author":[{"embeddable":true,"href":"https:\/\/blogsaverroes.juntadeandalucia.es\/colegiojuanvalera\/wp-json\/wp\/v2\/users\/3037"}],"replies":[{"embeddable":true,"href":"https:\/\/blogsaverroes.juntadeandalucia.es\/colegiojuanvalera\/wp-json\/wp\/v2\/comments?post=8687"}],"version-history":[{"count":1,"href":"https:\/\/blogsaverroes.juntadeandalucia.es\/colegiojuanvalera\/wp-json\/wp\/v2\/pages\/8687\/revisions"}],"predecessor-version":[{"id":8691,"href":"https:\/\/blogsaverroes.juntadeandalucia.es\/colegiojuanvalera\/wp-json\/wp\/v2\/pages\/8687\/revisions\/8691"}],"wp:attachment":[{"href":"https:\/\/blogsaverroes.juntadeandalucia.es\/colegiojuanvalera\/wp-json\/wp\/v2\/media?parent=8687"}],"curies":[{"name":"wp","href":"https:\/\/api.w.org\/{rel}","templated":true}]}}