{"id":113,"date":"2015-03-16T08:06:00","date_gmt":"2015-03-16T08:06:00","guid":{"rendered":"http:\/\/blogsaverroes.juntadeandalucia.es\/pre\/ceip\/?page_id=113"},"modified":"2025-05-26T13:21:47","modified_gmt":"2025-05-26T11:21:47","slug":"biblioteca","status":"publish","type":"page","link":"https:\/\/blogsaverroes.juntadeandalucia.es\/colegiolamarquesa\/biblioteca\/","title":{"rendered":"Biblioteca"},"content":{"rendered":"\t\t<div data-elementor-type=\"wp-page\" data-elementor-id=\"113\" class=\"elementor elementor-113\">\n\t\t\t\t\t\t<section class=\"elementor-section elementor-top-section elementor-element elementor-element-1d14b306 elementor-section-boxed elementor-section-height-default elementor-section-height-default\" data-id=\"1d14b306\" data-element_type=\"section\">\n\t\t\t\t\t\t<div class=\"elementor-container elementor-column-gap-default\">\n\t\t\t\t\t<div class=\"elementor-column elementor-col-100 elementor-top-column elementor-element elementor-element-856b4eb\" data-id=\"856b4eb\" data-element_type=\"column\">\n\t\t\t<div class=\"elementor-widget-wrap elementor-element-populated\">\n\t\t\t\t\t\t<div class=\"elementor-element elementor-element-5ccf68af elementor-widget elementor-widget-text-editor\" data-id=\"5ccf68af\" data-element_type=\"widget\" data-widget_type=\"text-editor.default\">\n\t\t\t\t<div class=\"elementor-widget-container\">\n\t\t\t\t\t\t\t\t\tEn la actualidad tenemos m\u00e1s de 3.500 libros catalogados. Un buen fondo bibliogr\u00e1fico en cont\u00ednuo crecimiento y desarrollo.\r\n\r\nDe la mano de su coordinadora, Teresa Cabrera Leonis, se&nbsp;abordan tareas de dinamizaci\u00f3n y animaci\u00f3n a la lectura y de acondicionamiento del espacio: mobiliario, sillas y mesas de diferentes alturas, acolchado zona de lectura de suelo, ordenador,&#8230;\r\n\r\n<em>\u00abLa&nbsp;<\/em><strong><em>lectura<\/em><\/strong><em>&nbsp;es el viaje de los que no pueden tomar el tren.\u00bb<\/em>\r\n<strong>F. de Croisset<\/strong>\r\n\r\n&nbsp;\r\n<h1>Cat\u00e1logo:<\/h1>\r\nLa imagen de abajo enlaza a nuestro programa de gesti\u00f3n en el que pueden consultar todo el CAT\u00c1LOGO de libros disponibles en nuestra biblioteca.\r\n\r\n<a href=\"https:\/\/www.juntadeandalucia.es\/educacion\/senecav2\/seneca\/biblioweb\/portal\/11006607\"><img fetchpriority=\"high\" decoding=\"async\" class=\"aligncenter wp-image-2276 size-full\" src=\"https:\/\/blogsaverroes.juntadeandalucia.es\/colegiolamarquesa\/files\/2025\/03\/biblioteca.png\" alt=\"\" width=\"387\" height=\"510\" srcset=\"https:\/\/blogsaverroes.juntadeandalucia.es\/colegiolamarquesa\/files\/2025\/03\/biblioteca.png 387w, https:\/\/blogsaverroes.juntadeandalucia.es\/colegiolamarquesa\/files\/2025\/03\/biblioteca-228x300.png 228w\" sizes=\"(max-width: 387px) 100vw, 387px\" \/><\/a>\t\t\t\t\t\t\t\t<\/div>\n\t\t\t\t<\/div>\n\t\t\t\t\t<\/div>\n\t\t<\/div>\n\t\t\t\t\t<\/div>\n\t\t<\/section>\n\t\t\t\t<section class=\"elementor-section elementor-top-section elementor-element elementor-element-0e5cb9d elementor-section-boxed elementor-section-height-default elementor-section-height-default\" data-id=\"0e5cb9d\" data-element_type=\"section\">\n\t\t\t\t\t\t<div class=\"elementor-container elementor-column-gap-default\">\n\t\t\t\t\t<div class=\"elementor-column elementor-col-100 elementor-top-column elementor-element elementor-element-51badfe\" data-id=\"51badfe\" data-element_type=\"column\">\n\t\t\t<div class=\"elementor-widget-wrap elementor-element-populated\">\n\t\t\t\t\t\t<div class=\"elementor-element elementor-element-09f44da elementor-widget elementor-widget-video\" data-id=\"09f44da\" data-element_type=\"widget\" data-settings=\"{&quot;youtube_url&quot;:&quot;https:\\\/\\\/youtu.be\\\/6zNzdzk1gEk&quot;,&quot;video_type&quot;:&quot;youtube&quot;,&quot;controls&quot;:&quot;yes&quot;}\" data-widget_type=\"video.default\">\n\t\t\t\t<div class=\"elementor-widget-container\">\n\t\t\t\t\t\t\t<div class=\"elementor-wrapper elementor-open-inline\">\n\t\t\t<div class=\"elementor-video\"><\/div>\t\t<\/div>\n\t\t\t\t\t\t<\/div>\n\t\t\t\t<\/div>\n\t\t\t\t\t<\/div>\n\t\t<\/div>\n\t\t\t\t\t<\/div>\n\t\t<\/section>\n\t\t\t\t<\/div>\n\t\t","protected":false},"excerpt":{"rendered":"<p>En la actualidad tenemos m\u00e1s de 3.500 libros catalogados. Un buen fondo bibliogr\u00e1fico en cont\u00ednuo crecimiento y desarrollo. De la mano de su coordinadora, Teresa Cabrera Leonis, se&nbsp;abordan tareas de dinamizaci\u00f3n y animaci\u00f3n a&#46;&#46;&#46;<\/p>\n","protected":false},"author":1,"featured_media":551,"parent":0,"menu_order":0,"comment_status":"closed","ping_status":"open","template":"","meta":{"ngg_post_thumbnail":0,"footnotes":"","_mc_calendar":[]},"aioseo_notices":[],"_links":{"self":[{"href":"https:\/\/blogsaverroes.juntadeandalucia.es\/colegiolamarquesa\/wp-json\/wp\/v2\/pages\/113"}],"collection":[{"href":"https:\/\/blogsaverroes.juntadeandalucia.es\/colegiolamarquesa\/wp-json\/wp\/v2\/pages"}],"about":[{"href":"https:\/\/blogsaverroes.juntadeandalucia.es\/colegiolamarquesa\/wp-json\/wp\/v2\/types\/page"}],"author":[{"embeddable":true,"href":"https:\/\/blogsaverroes.juntadeandalucia.es\/colegiolamarquesa\/wp-json\/wp\/v2\/users\/1"}],"replies":[{"embeddable":true,"href":"https:\/\/blogsaverroes.juntadeandalucia.es\/colegiolamarquesa\/wp-json\/wp\/v2\/comments?post=113"}],"version-history":[{"count":20,"href":"https:\/\/blogsaverroes.juntadeandalucia.es\/colegiolamarquesa\/wp-json\/wp\/v2\/pages\/113\/revisions"}],"predecessor-version":[{"id":2611,"href":"https:\/\/blogsaverroes.juntadeandalucia.es\/colegiolamarquesa\/wp-json\/wp\/v2\/pages\/113\/revisions\/2611"}],"wp:featuredmedia":[{"embeddable":true,"href":"https:\/\/blogsaverroes.juntadeandalucia.es\/colegiolamarquesa\/wp-json\/wp\/v2\/media\/551"}],"wp:attachment":[{"href":"https:\/\/blogsaverroes.juntadeandalucia.es\/colegiolamarquesa\/wp-json\/wp\/v2\/media?parent=113"}],"curies":[{"name":"wp","href":"https:\/\/api.w.org\/{rel}","templated":true}]}}