{"id":42,"date":"2015-03-13T08:40:47","date_gmt":"2015-03-13T08:40:47","guid":{"rendered":"http:\/\/blogsaverroes.juntadeandalucia.es\/pre\/ceip\/?page_id=42"},"modified":"2025-05-28T09:21:07","modified_gmt":"2025-05-28T07:21:07","slug":"equipo-directivo","status":"publish","type":"page","link":"https:\/\/blogsaverroes.juntadeandalucia.es\/colegiolamarquesa\/equipo-directivo\/","title":{"rendered":"Equipo directivo"},"content":{"rendered":"<p><span style=\"color: #3366ff\"><strong>DIRECCI\u00d3N:<\/strong><\/span><\/p>\n<p>ROC\u00cdO LE\u00d3N RODR\u00cdGUEZ<\/p>\n<p><span style=\"color: #3366ff\"><strong>JEFATURA DE ESTUDIOS:<\/strong><\/span><\/p>\n<p>PATRICIO ESPEJO<\/p>\n<p><span style=\"color: #3366ff\"><strong>SECRETAR\u00cdA:<\/strong><\/span><\/p>\n<p>ABEL VILLENA<\/p>\n<p><span style=\"color: #3366ff\"><strong>ADMINISTRACI\u00d3N:<\/strong><\/span><\/p>\n<p>NIEVES GIR\u00d3N<\/p>\n","protected":false},"excerpt":{"rendered":"<p>DIRECCI\u00d3N: ROC\u00cdO LE\u00d3N RODR\u00cdGUEZ JEFATURA DE ESTUDIOS: PATRICIO ESPEJO SECRETAR\u00cdA: ABEL VILLENA ADMINISTRACI\u00d3N: NIEVES GIR\u00d3N<\/p>\n","protected":false},"author":1,"featured_media":2072,"parent":0,"menu_order":0,"comment_status":"closed","ping_status":"open","template":"","meta":{"ngg_post_thumbnail":0,"footnotes":"","_mc_calendar":[]},"aioseo_notices":[],"_links":{"self":[{"href":"https:\/\/blogsaverroes.juntadeandalucia.es\/colegiolamarquesa\/wp-json\/wp\/v2\/pages\/42"}],"collection":[{"href":"https:\/\/blogsaverroes.juntadeandalucia.es\/colegiolamarquesa\/wp-json\/wp\/v2\/pages"}],"about":[{"href":"https:\/\/blogsaverroes.juntadeandalucia.es\/colegiolamarquesa\/wp-json\/wp\/v2\/types\/page"}],"author":[{"embeddable":true,"href":"https:\/\/blogsaverroes.juntadeandalucia.es\/colegiolamarquesa\/wp-json\/wp\/v2\/users\/1"}],"replies":[{"embeddable":true,"href":"https:\/\/blogsaverroes.juntadeandalucia.es\/colegiolamarquesa\/wp-json\/wp\/v2\/comments?post=42"}],"version-history":[{"count":9,"href":"https:\/\/blogsaverroes.juntadeandalucia.es\/colegiolamarquesa\/wp-json\/wp\/v2\/pages\/42\/revisions"}],"predecessor-version":[{"id":2314,"href":"https:\/\/blogsaverroes.juntadeandalucia.es\/colegiolamarquesa\/wp-json\/wp\/v2\/pages\/42\/revisions\/2314"}],"wp:featuredmedia":[{"embeddable":true,"href":"https:\/\/blogsaverroes.juntadeandalucia.es\/colegiolamarquesa\/wp-json\/wp\/v2\/media\/2072"}],"wp:attachment":[{"href":"https:\/\/blogsaverroes.juntadeandalucia.es\/colegiolamarquesa\/wp-json\/wp\/v2\/media?parent=42"}],"curies":[{"name":"wp","href":"https:\/\/api.w.org\/{rel}","templated":true}]}}