{"id":426,"date":"2015-03-20T07:05:49","date_gmt":"2015-03-20T07:05:49","guid":{"rendered":"http:\/\/blogsaverroes.juntadeandalucia.es\/pre\/ceip\/?page_id=426"},"modified":"2025-05-05T13:51:43","modified_gmt":"2025-05-05T11:51:43","slug":"materiales-recursos","status":"publish","type":"page","link":"https:\/\/blogsaverroes.juntadeandalucia.es\/colegiolamarquesa\/educacion-infantil\/materiales-recursos\/","title":{"rendered":"E.I. Materiales, recursos&#8230;"},"content":{"rendered":"<h4>El zoo de las letras<\/h4>\n<p>&nbsp;<\/p>\n<p>Presentaci\u00f3n multimedia que utiliza un m\u00e9todo sint\u00e9tico para el aprendizaje de la lecto-escritura de los ni\u00f1os y ni\u00f1as de Educaci\u00f3n Infantil. A trav\u00e9s de la pantalla del ordenador, en la Web del zoo, mediante una animaci\u00f3n a base de canciones, cuentos y otros recursos interactivos el alumnado va introduci\u00e9ndose en el aprendizaje de la lectura y la escritura. MENCI\u00d3N ESPECIAL XXIII Edici\u00f3n PREMIOS ANTONIO DOM\u00cdNGUEZ ORTIZ a investigaciones, experiencias y materiales dirigidos a la innovaci\u00f3n y mejora de la pr\u00e1ctica educativa.<\/p>\n<p>&nbsp;<\/p>\n<h4>\u00bfJugamos?<\/h4>\n<p><a title=\"Jugamos geometr\u00eda\" href=\"http:\/\/agrega.juntadeandalucia.es\/visualizar\/es\/es_2008052713_0201200\/false\" target=\"_blank\" rel=\"noopener\"><img fetchpriority=\"high\" decoding=\"async\" class=\"alignnone size-medium wp-image-1607\" src=\"https:\/\/blogsaverroes.juntadeandalucia.es\/colegiolamarquesa\/files\/2015\/03\/jugamos_geometria-300x183.jpg\" alt=\"jugamos_geometria\" width=\"300\" height=\"183\" srcset=\"https:\/\/blogsaverroes.juntadeandalucia.es\/colegiolamarquesa\/files\/2015\/03\/jugamos_geometria-300x183.jpg 300w, https:\/\/blogsaverroes.juntadeandalucia.es\/colegiolamarquesa\/files\/2015\/03\/jugamos_geometria.jpg 752w\" sizes=\"(max-width: 300px) 100vw, 300px\" \/><\/a><\/p>\n<p>Secuencia did\u00e1ctica para trabajar las formas geom\u00e9tricas b\u00e1sicas, su situaci\u00f3n en el espacio y clasificaci\u00f3n en funci\u00f3n de los colores.<\/p>\n","protected":false},"excerpt":{"rendered":"<p>El zoo de las letras &nbsp; Presentaci\u00f3n multimedia que utiliza un m\u00e9todo sint\u00e9tico para el aprendizaje de la lecto-escritura de los ni\u00f1os y ni\u00f1as de Educaci\u00f3n Infantil. A trav\u00e9s de la pantalla del ordenador,&#46;&#46;&#46;<\/p>\n","protected":false},"author":1,"featured_media":0,"parent":424,"menu_order":0,"comment_status":"closed","ping_status":"open","template":"","meta":{"ngg_post_thumbnail":0,"footnotes":"","_mc_calendar":[]},"aioseo_notices":[],"_links":{"self":[{"href":"https:\/\/blogsaverroes.juntadeandalucia.es\/colegiolamarquesa\/wp-json\/wp\/v2\/pages\/426"}],"collection":[{"href":"https:\/\/blogsaverroes.juntadeandalucia.es\/colegiolamarquesa\/wp-json\/wp\/v2\/pages"}],"about":[{"href":"https:\/\/blogsaverroes.juntadeandalucia.es\/colegiolamarquesa\/wp-json\/wp\/v2\/types\/page"}],"author":[{"embeddable":true,"href":"https:\/\/blogsaverroes.juntadeandalucia.es\/colegiolamarquesa\/wp-json\/wp\/v2\/users\/1"}],"replies":[{"embeddable":true,"href":"https:\/\/blogsaverroes.juntadeandalucia.es\/colegiolamarquesa\/wp-json\/wp\/v2\/comments?post=426"}],"version-history":[{"count":8,"href":"https:\/\/blogsaverroes.juntadeandalucia.es\/colegiolamarquesa\/wp-json\/wp\/v2\/pages\/426\/revisions"}],"predecessor-version":[{"id":2574,"href":"https:\/\/blogsaverroes.juntadeandalucia.es\/colegiolamarquesa\/wp-json\/wp\/v2\/pages\/426\/revisions\/2574"}],"up":[{"embeddable":true,"href":"https:\/\/blogsaverroes.juntadeandalucia.es\/colegiolamarquesa\/wp-json\/wp\/v2\/pages\/424"}],"wp:attachment":[{"href":"https:\/\/blogsaverroes.juntadeandalucia.es\/colegiolamarquesa\/wp-json\/wp\/v2\/media?parent=426"}],"curies":[{"name":"wp","href":"https:\/\/api.w.org\/{rel}","templated":true}]}}