{"id":200,"date":"2015-03-17T10:04:24","date_gmt":"2015-03-17T10:04:24","guid":{"rendered":"http:\/\/blogsaverroes.juntadeandalucia.es\/pre\/ceip\/?page_id=200"},"modified":"2024-02-08T11:31:52","modified_gmt":"2024-02-08T11:31:52","slug":"hazte_socio","status":"publish","type":"page","link":"https:\/\/blogsaverroes.juntadeandalucia.es\/colegiolanoria\/hazte_socio\/","title":{"rendered":"HAZTE SOCIO"},"content":{"rendered":"<p>La Asociaci\u00f3n de Madres y Padres <em>CEIP LA NORIA<\/em>, est\u00e1 constituida por las familias, y gestionada por una &nbsp;<strong>Junta Directiva<\/strong>. Disponemos de un espacio f\u00edsico en el Edificio de Educaci\u00f3n Infantil.<\/p>\n<p>Relaci\u00f3n de las personas que forman parte de la Junta Directiva:<\/p>\n<p><strong>Presidente: <\/strong>Miriam P\u00e9rez.<\/p>\n<p><strong>Tesorera:<\/strong>&nbsp;<span style=\"font-family: 'Open Sans', sans-serif;font-size: 15px;font-style: normal;font-weight: 400\">Lilian Ballesteros.&nbsp;<\/span><\/p>\n<p><strong>Secretaria:<\/strong> <span style=\"font-family: 'Open Sans', sans-serif;font-size: 15px;font-style: normal;font-weight: 400\">Lilian Ballesteros.&nbsp;<\/span><\/p>\n<p><strong>Contacto:<\/strong> ampa.colegiolanoria@gmail.com<\/p>\n<p><a href=\"https:\/\/blogsaverroes.juntadeandalucia.es\/colegiolanoria\/files\/2024\/02\/ampa-23.jpg\" rel=\"prettyPhoto[200]\"><img loading=\"lazy\" decoding=\"async\" class=\"size-medium wp-image-2989 alignleft\" src=\"https:\/\/blogsaverroes.juntadeandalucia.es\/colegiolanoria\/files\/2024\/02\/ampa-23-196x300.jpg\" alt=\"\" width=\"196\" height=\"300\" srcset=\"https:\/\/blogsaverroes.juntadeandalucia.es\/colegiolanoria\/files\/2024\/02\/ampa-23-196x300.jpg 196w, https:\/\/blogsaverroes.juntadeandalucia.es\/colegiolanoria\/files\/2024\/02\/ampa-23.jpg 503w\" sizes=\"(max-width: 196px) 100vw, 196px\" \/><\/a><\/p>\n","protected":false},"excerpt":{"rendered":"<p>La Asociaci\u00f3n de Madres y Padres CEIP LA NORIA, est\u00e1 constituida por las familias, y gestionada por una &nbsp;Junta Directiva. Disponemos de un espacio f\u00edsico en el Edificio de Educaci\u00f3n Infantil. Relaci\u00f3n de las personas que forman parte de la Junta Directiva: Presidente: Miriam P\u00e9rez. Tesorera:&nbsp;Lilian Ballesteros.&nbsp; Secretaria: Lilian Ballesteros.&nbsp; Contacto: ampa.colegiolanoria@gmail.com<\/p>\n","protected":false},"author":1,"featured_media":0,"parent":0,"menu_order":0,"comment_status":"closed","ping_status":"open","template":"","meta":{"ngg_post_thumbnail":0,"footnotes":"","_mc_calendar":[]},"aioseo_notices":[],"_links":{"self":[{"href":"https:\/\/blogsaverroes.juntadeandalucia.es\/colegiolanoria\/wp-json\/wp\/v2\/pages\/200"}],"collection":[{"href":"https:\/\/blogsaverroes.juntadeandalucia.es\/colegiolanoria\/wp-json\/wp\/v2\/pages"}],"about":[{"href":"https:\/\/blogsaverroes.juntadeandalucia.es\/colegiolanoria\/wp-json\/wp\/v2\/types\/page"}],"author":[{"embeddable":true,"href":"https:\/\/blogsaverroes.juntadeandalucia.es\/colegiolanoria\/wp-json\/wp\/v2\/users\/1"}],"replies":[{"embeddable":true,"href":"https:\/\/blogsaverroes.juntadeandalucia.es\/colegiolanoria\/wp-json\/wp\/v2\/comments?post=200"}],"version-history":[{"count":12,"href":"https:\/\/blogsaverroes.juntadeandalucia.es\/colegiolanoria\/wp-json\/wp\/v2\/pages\/200\/revisions"}],"predecessor-version":[{"id":2990,"href":"https:\/\/blogsaverroes.juntadeandalucia.es\/colegiolanoria\/wp-json\/wp\/v2\/pages\/200\/revisions\/2990"}],"wp:attachment":[{"href":"https:\/\/blogsaverroes.juntadeandalucia.es\/colegiolanoria\/wp-json\/wp\/v2\/media?parent=200"}],"curies":[{"name":"wp","href":"https:\/\/api.w.org\/{rel}","templated":true}]}}