{"id":2541,"date":"2018-06-14T09:55:46","date_gmt":"2018-06-14T09:55:46","guid":{"rendered":"https:\/\/blogsaverroes.juntadeandalucia.es\/colegiolanoria\/?page_id=2541"},"modified":"2024-02-08T12:38:09","modified_gmt":"2024-02-08T12:38:09","slug":"libros-de-primaria","status":"publish","type":"page","link":"https:\/\/blogsaverroes.juntadeandalucia.es\/colegiolanoria\/libros-de-primaria\/","title":{"rendered":"Libros de Primaria"},"content":{"rendered":"<h2><a href=\"https:\/\/blogsaverroes.juntadeandalucia.es\/colegiolanoria\/files\/2018\/06\/santillana.png\" rel=\"prettyPhoto[2541]\"><img loading=\"lazy\" decoding=\"async\" class=\"size-full wp-image-2565 aligncenter\" src=\"https:\/\/blogsaverroes.juntadeandalucia.es\/colegiolanoria\/files\/2018\/06\/santillana.png\" alt=\"\" width=\"184\" height=\"44\" srcset=\"https:\/\/blogsaverroes.juntadeandalucia.es\/colegiolanoria\/files\/2018\/06\/santillana.png 184w, https:\/\/blogsaverroes.juntadeandalucia.es\/colegiolanoria\/files\/2018\/06\/santillana-24x6.png 24w, https:\/\/blogsaverroes.juntadeandalucia.es\/colegiolanoria\/files\/2018\/06\/santillana-36x9.png 36w, https:\/\/blogsaverroes.juntadeandalucia.es\/colegiolanoria\/files\/2018\/06\/santillana-48x11.png 48w\" sizes=\"(max-width: 184px) 100vw, 184px\" \/><\/a><\/h2>\n<h2>1\u00ba, 2\u00ba, 3\u00ba, 4\u00ba, 5\u00ba y 6\u00ba<\/h2>\n<p>Recordamos que en 1\u00ba y 2\u00ba los libros son material fungible, renov\u00e1ndose cada a\u00f1o. Para ello las familias deben recoger el cheque libro en su tutor\u00eda y en su defecto en la Secretar\u00eda del Centro a finales de Junio.<\/p>\n<p><a href=\"https:\/\/blogsaverroes.juntadeandalucia.es\/colegiolanoria\/files\/2024\/02\/libros-de-texto.pdf\">Libros de texto<\/a><\/p>\n<p>&nbsp;<\/p>\n<p><a href=\"https:\/\/construyendomundos.santillana.es\/proyecto-construyendo-mundos-en-profundidad\/#primaria\"><img loading=\"lazy\" decoding=\"async\" class=\"alignleft wp-image-3008 size-large\" src=\"https:\/\/blogsaverroes.juntadeandalucia.es\/colegiolanoria\/files\/2024\/02\/construyendo-mundos-1024x425.png\" alt=\"\" width=\"660\" height=\"274\" srcset=\"https:\/\/blogsaverroes.juntadeandalucia.es\/colegiolanoria\/files\/2024\/02\/construyendo-mundos-1024x425.png 1024w, https:\/\/blogsaverroes.juntadeandalucia.es\/colegiolanoria\/files\/2024\/02\/construyendo-mundos-300x125.png 300w, https:\/\/blogsaverroes.juntadeandalucia.es\/colegiolanoria\/files\/2024\/02\/construyendo-mundos-768x319.png 768w, https:\/\/blogsaverroes.juntadeandalucia.es\/colegiolanoria\/files\/2024\/02\/construyendo-mundos-1536x638.png 1536w, https:\/\/blogsaverroes.juntadeandalucia.es\/colegiolanoria\/files\/2024\/02\/construyendo-mundos-700x291.png 700w, https:\/\/blogsaverroes.juntadeandalucia.es\/colegiolanoria\/files\/2024\/02\/construyendo-mundos.png 1600w\" sizes=\"(max-width: 660px) 100vw, 660px\" \/><\/a><\/p>\n","protected":false},"excerpt":{"rendered":"<p>1\u00ba, 2\u00ba, 3\u00ba, 4\u00ba, 5\u00ba y 6\u00ba Recordamos que en 1\u00ba y 2\u00ba los libros son material fungible, renov\u00e1ndose cada a\u00f1o. Para ello las familias deben recoger el cheque libro en su tutor\u00eda y en su defecto en la Secretar\u00eda del Centro a finales de Junio. Libros de texto &nbsp;<\/p>\n","protected":false},"author":6344,"featured_media":0,"parent":0,"menu_order":0,"comment_status":"closed","ping_status":"closed","template":"","meta":{"ngg_post_thumbnail":0,"footnotes":"","_mc_calendar":[]},"aioseo_notices":[],"_links":{"self":[{"href":"https:\/\/blogsaverroes.juntadeandalucia.es\/colegiolanoria\/wp-json\/wp\/v2\/pages\/2541"}],"collection":[{"href":"https:\/\/blogsaverroes.juntadeandalucia.es\/colegiolanoria\/wp-json\/wp\/v2\/pages"}],"about":[{"href":"https:\/\/blogsaverroes.juntadeandalucia.es\/colegiolanoria\/wp-json\/wp\/v2\/types\/page"}],"author":[{"embeddable":true,"href":"https:\/\/blogsaverroes.juntadeandalucia.es\/colegiolanoria\/wp-json\/wp\/v2\/users\/6344"}],"replies":[{"embeddable":true,"href":"https:\/\/blogsaverroes.juntadeandalucia.es\/colegiolanoria\/wp-json\/wp\/v2\/comments?post=2541"}],"version-history":[{"count":14,"href":"https:\/\/blogsaverroes.juntadeandalucia.es\/colegiolanoria\/wp-json\/wp\/v2\/pages\/2541\/revisions"}],"predecessor-version":[{"id":3010,"href":"https:\/\/blogsaverroes.juntadeandalucia.es\/colegiolanoria\/wp-json\/wp\/v2\/pages\/2541\/revisions\/3010"}],"wp:attachment":[{"href":"https:\/\/blogsaverroes.juntadeandalucia.es\/colegiolanoria\/wp-json\/wp\/v2\/media?parent=2541"}],"curies":[{"name":"wp","href":"https:\/\/api.w.org\/{rel}","templated":true}]}}