{"id":428,"date":"2015-03-20T07:06:21","date_gmt":"2015-03-20T07:06:21","guid":{"rendered":"http:\/\/blogsaverroes.juntadeandalucia.es\/pre\/ceip\/?page_id=428"},"modified":"2024-02-08T12:52:17","modified_gmt":"2024-02-08T12:52:17","slug":"ed-primaria","status":"publish","type":"page","link":"https:\/\/blogsaverroes.juntadeandalucia.es\/colegiolanoria\/ed-primaria\/","title":{"rendered":"Ed. Primaria"},"content":{"rendered":"<p>&nbsp;<\/p>\n<h3>ETAPA DE PRIMARIA<\/h3>\n<p>&nbsp;<\/p>\n<p><strong>Descripci\u00f3n y objetivos de la Educaci\u00f3n Primaria<\/strong><\/p>\n<p>La Educaci\u00f3n Primaria comprende seis cursos acad\u00e9micos, desde los 6 a los 12 a\u00f1os, y tiene car\u00e1cter obligatorio. Esta es la primera etapa obligatoria del sistema educativo por lo que deben incorporarse a ella todos los ni\u00f1os de 6 a\u00f1os independientemente de si han realizado o no la Educaci\u00f3n Infantil.<\/p>\n<p>Es una etapa educativa obligatoria y gratuita.<\/p>\n<p>Su finalidad es facilitarles aprendizajes como la expresi\u00f3n y comprensi\u00f3n oral, la escritura, la lectura, el c\u00e1lculo, la adquisici\u00f3n de nociones b\u00e1sicas de la cultura, los h\u00e1bitos de convivencia, estudio y trabajo, el sentido art\u00edstico, la creatividad y la afectividad; con el fin de garantizarles una formaci\u00f3n integral y prepararles para la Educaci\u00f3n Secundaria Obligatoria.<\/p>\n<p>La metodolog\u00eda did\u00e1ctica tiene un car\u00e1cter personal y se adapta a los distintos ritmos de aprendizaje de cada ni\u00f1o.<\/p>\n<p>La evaluaci\u00f3n es continua y global, y se tiene en cuenta su progreso en el conjunto de \u00e1reas.&nbsp;<\/p>\n<p>La promoci\u00f3n del alumnado a los cursos y etapas siguientes ser hace teniendo en cuenta la adquisici\u00f3n de los objetivos y competencias definidos para cada uno de los cursos.<\/p>\n<p><strong>Estructura de la Educaci\u00f3n Primaria<\/strong><\/p>\n<p>Las asignaturas de la Educaci\u00f3n Primaria son las siguientes:<\/p>\n<p>Asignaturas troncales:<br \/>\nLengua Castellana y Literatura<br \/>\nMatem\u00e1ticas<br \/>\nCiencias de la Naturaleza<br \/>\nCiencias Sociales<br \/>\nPrimera Lengua Extranjera<br \/>\nAsignaturas espec\u00edficas:<br \/>\nEducaci\u00f3n F\u00edsica<br \/>\nReligi\u00f3n o Valores Sociales y C\u00edvicos<br \/>\nAl menos 1 de las siguientes:<br \/>\nEducaci\u00f3n Art\u00edstica<br \/>\nSegunda Lengua Extranjera<br \/>\nSi las familias o tutores legales no la han elegido anteriormente:<br \/>\nReligi\u00f3n<br \/>\nValores Sociales y C\u00edvicos<br \/>\nAsignaturas de libre configuraci\u00f3n:<br \/>\nLengua Cooficial y Literatura (recibir\u00e1 un tratamiento an\u00e1logo al \u00e1rea de Lengua Castellana y Literatura).<br \/>\nAsignaturas espec\u00edficas no cursadas o \u00e1reas por determinar.<br \/>\nProfundizaci\u00f3n o refuerzo de las troncales o \u00e1reas por determinar.<\/p>\n<h4>CURRICULUM DE PRIMARIA<\/h4>\n<p>(<a title=\"Orden 17\/03\/2015\" href=\"http:\/\/www.adideandalucia.es\/normas\/ordenes\/Orden17marzo2015CurriculoPrimaria.pdf\" target=\"_blank\" rel=\"noopener noreferrer\"> Orden de 30 de mayo de 2023<\/a>, por la que se desarrolla el curr\u00edculo correspondiente a la educaci\u00f3n Primaria en Andaluc\u00eda)<\/p>\n<h4>ORGANIZACI\u00d3N DEL SISTEMA EDUCATIVO<\/h4>\n<p><a href=\"https:\/\/blogsaverroes.juntadeandalucia.es\/colegiolanoria\/files\/2015\/03\/esquema.png\" rel=\"prettyPhoto[428]\"><img loading=\"lazy\" decoding=\"async\" class=\"size-full wp-image-2439 aligncenter\" src=\"https:\/\/blogsaverroes.juntadeandalucia.es\/colegiolanoria\/files\/2015\/03\/esquema.png\" alt=\"\" width=\"700\" height=\"992\" srcset=\"https:\/\/blogsaverroes.juntadeandalucia.es\/colegiolanoria\/files\/2015\/03\/esquema.png 700w, https:\/\/blogsaverroes.juntadeandalucia.es\/colegiolanoria\/files\/2015\/03\/esquema-212x300.png 212w, https:\/\/blogsaverroes.juntadeandalucia.es\/colegiolanoria\/files\/2015\/03\/esquema-17x24.png 17w, https:\/\/blogsaverroes.juntadeandalucia.es\/colegiolanoria\/files\/2015\/03\/esquema-25x36.png 25w, https:\/\/blogsaverroes.juntadeandalucia.es\/colegiolanoria\/files\/2015\/03\/esquema-34x48.png 34w\" sizes=\"(max-width: 700px) 100vw, 700px\" \/><\/a><\/p>\n","protected":false},"excerpt":{"rendered":"<p>&nbsp; ETAPA DE PRIMARIA &nbsp; Descripci\u00f3n y objetivos de la Educaci\u00f3n Primaria La Educaci\u00f3n Primaria comprende seis cursos acad\u00e9micos, desde los 6 a los 12 a\u00f1os, y tiene car\u00e1cter obligatorio. Esta es la primera etapa obligatoria del sistema educativo por lo que deben incorporarse a ella todos los ni\u00f1os de 6 a\u00f1os independientemente de si [&hellip;]<\/p>\n","protected":false},"author":1,"featured_media":0,"parent":0,"menu_order":0,"comment_status":"closed","ping_status":"open","template":"","meta":{"ngg_post_thumbnail":0,"footnotes":"","_mc_calendar":[]},"aioseo_notices":[],"_links":{"self":[{"href":"https:\/\/blogsaverroes.juntadeandalucia.es\/colegiolanoria\/wp-json\/wp\/v2\/pages\/428"}],"collection":[{"href":"https:\/\/blogsaverroes.juntadeandalucia.es\/colegiolanoria\/wp-json\/wp\/v2\/pages"}],"about":[{"href":"https:\/\/blogsaverroes.juntadeandalucia.es\/colegiolanoria\/wp-json\/wp\/v2\/types\/page"}],"author":[{"embeddable":true,"href":"https:\/\/blogsaverroes.juntadeandalucia.es\/colegiolanoria\/wp-json\/wp\/v2\/users\/1"}],"replies":[{"embeddable":true,"href":"https:\/\/blogsaverroes.juntadeandalucia.es\/colegiolanoria\/wp-json\/wp\/v2\/comments?post=428"}],"version-history":[{"count":7,"href":"https:\/\/blogsaverroes.juntadeandalucia.es\/colegiolanoria\/wp-json\/wp\/v2\/pages\/428\/revisions"}],"predecessor-version":[{"id":3013,"href":"https:\/\/blogsaverroes.juntadeandalucia.es\/colegiolanoria\/wp-json\/wp\/v2\/pages\/428\/revisions\/3013"}],"wp:attachment":[{"href":"https:\/\/blogsaverroes.juntadeandalucia.es\/colegiolanoria\/wp-json\/wp\/v2\/media?parent=428"}],"curies":[{"name":"wp","href":"https:\/\/api.w.org\/{rel}","templated":true}]}}