{"id":44,"date":"2015-03-13T08:42:15","date_gmt":"2015-03-13T08:42:15","guid":{"rendered":"http:\/\/blogsaverroes.juntadeandalucia.es\/pre\/ceip\/?page_id=44"},"modified":"2025-10-23T09:18:29","modified_gmt":"2025-10-23T09:18:29","slug":"planes-y-proyectos","status":"publish","type":"page","link":"https:\/\/blogsaverroes.juntadeandalucia.es\/colegiolanoria\/planes-y-proyectos\/","title":{"rendered":"Planes y Programas"},"content":{"rendered":"<p>Los&nbsp;<strong>Planes y Programas<\/strong>&nbsp;que tiene nuestro Centro son:<\/p>\n<p>&nbsp;<\/p>\n<ul>\n<li><strong>Plan de igualdad: <\/strong>para fomentar la igualdad entre hombres y mujeres. <span style=\"color: #008000\">COORDINA: Cristina Pineda. <a href=\"https:\/\/view.genial.ly\/57b87b245e34d612c4d56b75\">Enlace<\/a><\/span><\/li>\n<li><strong>Plan de apertura: <\/strong>aula matinal, comedor y actividades extraescolares. <span style=\"color: #008000\">COORDINA: Jos\u00e9 Muelas. <a href=\"https:\/\/www.juntadeandalucia.es\/educacion\/portals\/web\/ced\/plan-apertura\">Enlace.<\/a><\/span><\/li>\n<li><strong>Convivencia escolar<\/strong>: promueve la convivencia en el colegio. <span style=\"color: #008000\">COORDINA: Jos\u00e9 Muelas.<\/span> <a href=\"https:\/\/juntadeandalucia.es\/temas\/estudiar\/primaria-eso\/convivencia.html\">Enlace.<\/a><\/li>\n<li><strong>Escuela TDE:<\/strong> uso de las nuevas tecnolog\u00edas en educaci\u00f3n. <span style=\"color: #008000\">COORDINA: Juanma Est\u00e9vez<\/span>. <a href=\"https:\/\/www.juntadeandalucia.es\/educacion\/portals\/web\/transformacion-digital-educativa\/contenidos\/-\/contenidos\/detalle\/tde_portada_presentacion\">Enlace.<\/a><\/li>\n<li><strong>Aldea. Plan de educaci\u00f3n ambiental<\/strong>: procura el cuidado y la concienciaci\u00f3n medioambiental. <span style=\"color: #008000\">COORDINA: Yolanda Molina.<\/span> <a href=\"https:\/\/www.juntadeandalucia.es\/educacion\/portals\/web\/aldea\/programa-aldea\">Enlace.<\/a><\/li>\n<\/ul>\n<p>&nbsp;<\/p>\n","protected":false},"excerpt":{"rendered":"<p>Los&nbsp;Planes y Programas&nbsp;que tiene nuestro Centro son: &nbsp; Plan de igualdad: para fomentar la igualdad entre hombres y mujeres. COORDINA: Cristina Pineda. Enlace Plan de apertura: aula matinal, comedor y actividades extraescolares. COORDINA: Jos\u00e9 Muelas. Enlace. Convivencia escolar: promueve la convivencia en el colegio. COORDINA: Jos\u00e9 Muelas. Enlace. Escuela TDE: uso de las nuevas tecnolog\u00edas [&hellip;]<\/p>\n","protected":false},"author":1,"featured_media":0,"parent":0,"menu_order":0,"comment_status":"closed","ping_status":"closed","template":"","meta":{"ngg_post_thumbnail":0,"footnotes":"","_mc_calendar":[]},"aioseo_notices":[],"_links":{"self":[{"href":"https:\/\/blogsaverroes.juntadeandalucia.es\/colegiolanoria\/wp-json\/wp\/v2\/pages\/44"}],"collection":[{"href":"https:\/\/blogsaverroes.juntadeandalucia.es\/colegiolanoria\/wp-json\/wp\/v2\/pages"}],"about":[{"href":"https:\/\/blogsaverroes.juntadeandalucia.es\/colegiolanoria\/wp-json\/wp\/v2\/types\/page"}],"author":[{"embeddable":true,"href":"https:\/\/blogsaverroes.juntadeandalucia.es\/colegiolanoria\/wp-json\/wp\/v2\/users\/1"}],"replies":[{"embeddable":true,"href":"https:\/\/blogsaverroes.juntadeandalucia.es\/colegiolanoria\/wp-json\/wp\/v2\/comments?post=44"}],"version-history":[{"count":25,"href":"https:\/\/blogsaverroes.juntadeandalucia.es\/colegiolanoria\/wp-json\/wp\/v2\/pages\/44\/revisions"}],"predecessor-version":[{"id":3090,"href":"https:\/\/blogsaverroes.juntadeandalucia.es\/colegiolanoria\/wp-json\/wp\/v2\/pages\/44\/revisions\/3090"}],"wp:attachment":[{"href":"https:\/\/blogsaverroes.juntadeandalucia.es\/colegiolanoria\/wp-json\/wp\/v2\/media?parent=44"}],"curies":[{"name":"wp","href":"https:\/\/api.w.org\/{rel}","templated":true}]}}