{"id":2297,"date":"2016-11-10T10:52:06","date_gmt":"2016-11-10T10:52:06","guid":{"rendered":"http:\/\/blogsaverroes.juntadeandalucia.es\/colegiolapaloma\/?page_id=2297"},"modified":"2016-11-22T12:12:10","modified_gmt":"2016-11-22T12:12:10","slug":"plan-de-trabajo","status":"publish","type":"page","link":"https:\/\/blogsaverroes.juntadeandalucia.es\/colegiolapaloma\/plan-de-trabajo\/","title":{"rendered":"Plan de trabajo"},"content":{"rendered":"<p><a href=\"http:\/\/blogsaverroes.juntadeandalucia.es\/colegiolapaloma\/files\/2016\/11\/PLAN-DE-TRABAJO-DE-LA-BIBLIOTECA-ESCOLAR.pdf\"><strong><span style=\"text-decoration: underline\">PLAN DE TRABAJO DE LA BIBLIOTECA \u00a0 ESCOLAR<\/span>\u00a0\u00a0 <\/strong><\/a><\/p>\n<p><a href=\"http:\/\/blogsaverroes.juntadeandalucia.es\/colegiolapaloma\/files\/2016\/11\/bibliotecas-escolares-madrid.jpg\"><img loading=\"lazy\" decoding=\"async\" class=\"  wp-image-2329 alignright\" src=\"http:\/\/blogsaverroes.juntadeandalucia.es\/colegiolapaloma\/files\/2016\/11\/bibliotecas-escolares-madrid-280x300.jpg\" alt=\"bibliotecas-escolares-madrid\" width=\"170\" height=\"170\" srcset=\"https:\/\/blogsaverroes.juntadeandalucia.es\/colegiolapaloma\/files\/2016\/11\/bibliotecas-escolares-madrid-150x150.jpg 150w, https:\/\/blogsaverroes.juntadeandalucia.es\/colegiolapaloma\/files\/2016\/11\/bibliotecas-escolares-madrid-100x100.jpg 100w, https:\/\/blogsaverroes.juntadeandalucia.es\/colegiolapaloma\/files\/2016\/11\/bibliotecas-escolares-madrid-432x432.jpg 432w, https:\/\/blogsaverroes.juntadeandalucia.es\/colegiolapaloma\/files\/2016\/11\/bibliotecas-escolares-madrid-268x268.jpg 268w\" sizes=\"(max-width: 170px) 100vw, 170px\" \/><\/a><\/p>\n<p><strong>PUNTO DE PARTIDA:<br \/>\n<\/strong><\/p>\n<p>Actualmente nuestra biblioteca est\u00e1 puesta en marcha:<\/p>\n<ul>\n<li>Disponemos de un volumen considerable de fondos catalogados.<\/li>\n<li>Funciona el servicio de pr\u00e9stamos durante el recreo.<\/li>\n<li>Y existe un horario establecido para cada curso en el que se realizan actividades de animaci\u00f3n lectora y otras relacionadas con la consulta y b\u00fasqueda de informaci\u00f3n.<\/li>\n<li>Nuestra biblioteca se utiliza como un recurso m\u00e1s en la ense\u00f1anza aprendizaje de las distintas \u00e1reas<a href=\"http:\/\/blogsaverroes.juntadeandalucia.es\/colegiolapaloma\/files\/2016\/11\/PLAN-DE-TRABAJO-DE-LA-BIBLIOTECA-ESCOLAR.pdf\">&#8230; (m\u00e1s)<\/a><\/li>\n<\/ul>\n","protected":false},"excerpt":{"rendered":"<p>PLAN DE TRABAJO DE LA BIBLIOTECA \u00a0 ESCOLAR\u00a0\u00a0 PUNTO DE PARTIDA: Actualmente nuestra biblioteca est\u00e1 puesta en marcha: Disponemos de un volumen considerable de fondos catalogados. Funciona el servicio de pr\u00e9stamos durante el recreo.&#46;&#46;&#46;<\/p>\n","protected":false},"author":3281,"featured_media":0,"parent":0,"menu_order":0,"comment_status":"open","ping_status":"open","template":"","meta":{"ngg_post_thumbnail":0,"footnotes":"","_mc_calendar":[]},"aioseo_notices":[],"_links":{"self":[{"href":"https:\/\/blogsaverroes.juntadeandalucia.es\/colegiolapaloma\/wp-json\/wp\/v2\/pages\/2297"}],"collection":[{"href":"https:\/\/blogsaverroes.juntadeandalucia.es\/colegiolapaloma\/wp-json\/wp\/v2\/pages"}],"about":[{"href":"https:\/\/blogsaverroes.juntadeandalucia.es\/colegiolapaloma\/wp-json\/wp\/v2\/types\/page"}],"author":[{"embeddable":true,"href":"https:\/\/blogsaverroes.juntadeandalucia.es\/colegiolapaloma\/wp-json\/wp\/v2\/users\/3281"}],"replies":[{"embeddable":true,"href":"https:\/\/blogsaverroes.juntadeandalucia.es\/colegiolapaloma\/wp-json\/wp\/v2\/comments?post=2297"}],"version-history":[{"count":6,"href":"https:\/\/blogsaverroes.juntadeandalucia.es\/colegiolapaloma\/wp-json\/wp\/v2\/pages\/2297\/revisions"}],"predecessor-version":[{"id":2340,"href":"https:\/\/blogsaverroes.juntadeandalucia.es\/colegiolapaloma\/wp-json\/wp\/v2\/pages\/2297\/revisions\/2340"}],"wp:attachment":[{"href":"https:\/\/blogsaverroes.juntadeandalucia.es\/colegiolapaloma\/wp-json\/wp\/v2\/media?parent=2297"}],"curies":[{"name":"wp","href":"https:\/\/api.w.org\/{rel}","templated":true}]}}