{"id":2537,"date":"2017-03-27T09:54:56","date_gmt":"2017-03-27T09:54:56","guid":{"rendered":"http:\/\/blogsaverroes.juntadeandalucia.es\/colegiolapaloma\/?page_id=2537"},"modified":"2026-02-19T09:44:25","modified_gmt":"2026-02-19T09:44:25","slug":"historia-del-colegio","status":"publish","type":"page","link":"https:\/\/blogsaverroes.juntadeandalucia.es\/colegiolapaloma\/historia-del-colegio\/","title":{"rendered":"Historia del colegio"},"content":{"rendered":"<p>&nbsp; &nbsp; &nbsp; &nbsp; &nbsp; &nbsp; &nbsp; &nbsp;&nbsp;<a href=\"http:\/\/blogsaverroes.juntadeandalucia.es\/colegiolapaloma\/files\/2017\/03\/lapaloma.jpg\"><img loading=\"lazy\" decoding=\"async\" class=\"size-medium wp-image-2557 aligncenter\" src=\"http:\/\/blogsaverroes.juntadeandalucia.es\/colegiolapaloma\/files\/2017\/03\/lapaloma-300x53.jpg\" alt=\"\" width=\"300\" height=\"53\" srcset=\"https:\/\/blogsaverroes.juntadeandalucia.es\/colegiolapaloma\/files\/2017\/03\/lapaloma-300x53.jpg 300w, https:\/\/blogsaverroes.juntadeandalucia.es\/colegiolapaloma\/files\/2017\/03\/lapaloma-24x4.jpg 24w, https:\/\/blogsaverroes.juntadeandalucia.es\/colegiolapaloma\/files\/2017\/03\/lapaloma-36x6.jpg 36w, https:\/\/blogsaverroes.juntadeandalucia.es\/colegiolapaloma\/files\/2017\/03\/lapaloma-48x8.jpg 48w, https:\/\/blogsaverroes.juntadeandalucia.es\/colegiolapaloma\/files\/2017\/03\/lapaloma.jpg 392w\" sizes=\"(max-width: 300px) 100vw, 300px\" \/><\/a><a href=\"http:\/\/blogsaverroes.juntadeandalucia.es\/colegiolapaloma\/files\/2017\/03\/historia.jpg\"><img loading=\"lazy\" decoding=\"async\" class=\"size-full wp-image-2538 aligncenter\" src=\"http:\/\/blogsaverroes.juntadeandalucia.es\/colegiolapaloma\/files\/2017\/03\/historia.jpg\" alt=\"\" width=\"282\" height=\"75\" srcset=\"https:\/\/blogsaverroes.juntadeandalucia.es\/colegiolapaloma\/files\/2017\/03\/historia.jpg 282w, https:\/\/blogsaverroes.juntadeandalucia.es\/colegiolapaloma\/files\/2017\/03\/historia-24x6.jpg 24w, https:\/\/blogsaverroes.juntadeandalucia.es\/colegiolapaloma\/files\/2017\/03\/historia-36x10.jpg 36w, https:\/\/blogsaverroes.juntadeandalucia.es\/colegiolapaloma\/files\/2017\/03\/historia-48x13.jpg 48w\" sizes=\"(max-width: 282px) 100vw, 282px\" \/><\/a><\/p>\n<p>&nbsp;<\/p>\n<p style=\"text-align: justify\"><strong>En el BOJA DEL 15-05-89 se publica la resoluci\u00f3n por la que se hace <a href=\"https:\/\/blogsaverroes.juntadeandalucia.es\/colegiolapaloma\/files\/2017\/03\/Imagen-003.jpg\"><img loading=\"lazy\" decoding=\"async\" class=\"size-medium wp-image-2539 alignright\" src=\"https:\/\/blogsaverroes.juntadeandalucia.es\/colegiolapaloma\/files\/2017\/03\/Imagen-003-254x300.jpg\" alt=\"\" width=\"254\" height=\"300\" srcset=\"https:\/\/blogsaverroes.juntadeandalucia.es\/colegiolapaloma\/files\/2017\/03\/Imagen-003-254x300.jpg 254w, https:\/\/blogsaverroes.juntadeandalucia.es\/colegiolapaloma\/files\/2017\/03\/Imagen-003-20x24.jpg 20w, https:\/\/blogsaverroes.juntadeandalucia.es\/colegiolapaloma\/files\/2017\/03\/Imagen-003-30x36.jpg 30w, https:\/\/blogsaverroes.juntadeandalucia.es\/colegiolapaloma\/files\/2017\/03\/Imagen-003-41x48.jpg 41w, https:\/\/blogsaverroes.juntadeandalucia.es\/colegiolapaloma\/files\/2017\/03\/Imagen-003.jpg 423w\" sizes=\"(max-width: 254px) 100vw, 254px\" \/><\/a>p\u00fablica la adjudicaci\u00f3n definitiva del contrato de obras para la construcci\u00f3n del C.P. La Paloma con 10 unidades.<\/strong><\/p>\n<p style=\"text-align: justify\"><strong>El colegio \u00abLa Paloma\u00bb fue levantado por la Consejer\u00eda de la Junta de Andaluc\u00eda tras la cesi\u00f3n de los terrenos por parte del Ayuntamiento. El centro fue ubicado entre el recito ferial y el&nbsp;reci\u00e9n inaugurado parque La Paloma, muy pr\u00f3ximo al centro urbano de Arroyo de la Miel.<\/strong><\/p>\n<p style=\"text-align: justify\">&nbsp;<\/p>\n<p style=\"text-align: justify\"><a href=\"https:\/\/blogsaverroes.juntadeandalucia.es\/colegiolapaloma\/files\/2017\/03\/Imagen-004.jpg\"><img loading=\"lazy\" decoding=\"async\" class=\"size-medium wp-image-2540 alignleft\" src=\"https:\/\/blogsaverroes.juntadeandalucia.es\/colegiolapaloma\/files\/2017\/03\/Imagen-004-300x200.jpg\" alt=\"\" width=\"300\" height=\"200\" srcset=\"https:\/\/blogsaverroes.juntadeandalucia.es\/colegiolapaloma\/files\/2017\/03\/Imagen-004-300x200.jpg 300w, https:\/\/blogsaverroes.juntadeandalucia.es\/colegiolapaloma\/files\/2017\/03\/Imagen-004-24x16.jpg 24w, https:\/\/blogsaverroes.juntadeandalucia.es\/colegiolapaloma\/files\/2017\/03\/Imagen-004-36x24.jpg 36w, https:\/\/blogsaverroes.juntadeandalucia.es\/colegiolapaloma\/files\/2017\/03\/Imagen-004-48x32.jpg 48w, https:\/\/blogsaverroes.juntadeandalucia.es\/colegiolapaloma\/files\/2017\/03\/Imagen-004.jpg 500w\" sizes=\"(max-width: 300px) 100vw, 300px\" \/><\/a><\/p>\n<p style=\"text-align: justify\">&nbsp;<\/p>\n<p style=\"text-align: justify\">&nbsp;<\/p>\n<p style=\"text-align: justify\">&nbsp;<\/p>\n<p style=\"text-align: justify\">&nbsp;<\/p>\n<p style=\"text-align: justify\">&nbsp;<\/p>\n<p style=\"text-align: justify\"><strong>Estaba previsto ser terminado en tres meses, seg\u00fan la concejala Alejandra P\u00e9rez Roca. En este plazo de tiempo la empresa s\u00f3lo pudo levantar los cimientos y los 150 alumnos matric<a href=\"https:\/\/blogsaverroes.juntadeandalucia.es\/colegiolapaloma\/files\/2017\/03\/Imagen-0081.jpg\"><img loading=\"lazy\" decoding=\"async\" class=\"size-medium wp-image-2555 alignleft\" src=\"https:\/\/blogsaverroes.juntadeandalucia.es\/colegiolapaloma\/files\/2017\/03\/Imagen-0081-300x218.jpg\" alt=\"\" width=\"300\" height=\"218\" srcset=\"https:\/\/blogsaverroes.juntadeandalucia.es\/colegiolapaloma\/files\/2017\/03\/Imagen-0081-300x218.jpg 300w, https:\/\/blogsaverroes.juntadeandalucia.es\/colegiolapaloma\/files\/2017\/03\/Imagen-0081-24x17.jpg 24w, https:\/\/blogsaverroes.juntadeandalucia.es\/colegiolapaloma\/files\/2017\/03\/Imagen-0081-36x26.jpg 36w, https:\/\/blogsaverroes.juntadeandalucia.es\/colegiolapaloma\/files\/2017\/03\/Imagen-0081-48x35.jpg 48w, https:\/\/blogsaverroes.juntadeandalucia.es\/colegiolapaloma\/files\/2017\/03\/Imagen-0081.jpg 500w\" sizes=\"(max-width: 300px) 100vw, 300px\" \/><\/a>ulados para el curso 89-90 en este centro tuvieron que ser distribuidos en distintas escuelas de la localidad como: \u00abEl Tomillar\u00bb, \u00abLa Leala\u00bb o \u00abEl Poeta Salvador Rueda\u00bb. Para ello se habilitaron las aulas necesarias y as\u00ed los alumnos de \u00abLa Paloma\u00bb pudieron dar sus clases mientras se prolongaba la construcci\u00f3n de dicho centro.<\/strong>&nbsp;<\/p>\n<p style=\"text-align: justify\">&nbsp;<\/p>\n<p style=\"text-align: right\"><a href=\"https:\/\/blogsaverroes.juntadeandalucia.es\/colegiolapaloma\/files\/2017\/03\/Imagen-005.jpg\"><img loading=\"lazy\" decoding=\"async\" class=\"alignnone size-medium wp-image-2541\" src=\"https:\/\/blogsaverroes.juntadeandalucia.es\/colegiolapaloma\/files\/2017\/03\/Imagen-005-300x212.jpg\" alt=\"\" width=\"300\" height=\"212\" srcset=\"https:\/\/blogsaverroes.juntadeandalucia.es\/colegiolapaloma\/files\/2017\/03\/Imagen-005-300x212.jpg 300w, https:\/\/blogsaverroes.juntadeandalucia.es\/colegiolapaloma\/files\/2017\/03\/Imagen-005-24x17.jpg 24w, https:\/\/blogsaverroes.juntadeandalucia.es\/colegiolapaloma\/files\/2017\/03\/Imagen-005-36x25.jpg 36w, https:\/\/blogsaverroes.juntadeandalucia.es\/colegiolapaloma\/files\/2017\/03\/Imagen-005-48x34.jpg 48w, https:\/\/blogsaverroes.juntadeandalucia.es\/colegiolapaloma\/files\/2017\/03\/Imagen-005.jpg 500w\" sizes=\"(max-width: 300px) 100vw, 300px\" \/><\/a><a href=\"https:\/\/blogsaverroes.juntadeandalucia.es\/colegiolapaloma\/files\/2017\/03\/Imagen-00811.jpg\"><img loading=\"lazy\" decoding=\"async\" class=\"alignnone size-medium wp-image-2556 alignleft\" src=\"https:\/\/blogsaverroes.juntadeandalucia.es\/colegiolapaloma\/files\/2017\/03\/Imagen-00811-300x127.jpg\" alt=\"\" width=\"300\" height=\"127\" srcset=\"https:\/\/blogsaverroes.juntadeandalucia.es\/colegiolapaloma\/files\/2017\/03\/Imagen-00811-300x127.jpg 300w, https:\/\/blogsaverroes.juntadeandalucia.es\/colegiolapaloma\/files\/2017\/03\/Imagen-00811-24x10.jpg 24w, https:\/\/blogsaverroes.juntadeandalucia.es\/colegiolapaloma\/files\/2017\/03\/Imagen-00811-36x15.jpg 36w, https:\/\/blogsaverroes.juntadeandalucia.es\/colegiolapaloma\/files\/2017\/03\/Imagen-00811-48x20.jpg 48w, https:\/\/blogsaverroes.juntadeandalucia.es\/colegiolapaloma\/files\/2017\/03\/Imagen-00811.jpg 500w\" sizes=\"(max-width: 300px) 100vw, 300px\" \/><\/a><\/p>\n<div>&nbsp;<strong><span style=\"font-size: large\">Las obras se reanudaron el 16 de Septiembre de 1989, cuando los Servicios T\u00e9cnicos Municipales informaron favorablemente sobre la canalizaci\u00f3n subterr\u00e1ne<a href=\"https:\/\/blogsaverroes.juntadeandalucia.es\/colegiolapaloma\/files\/2017\/03\/Imagen-011.jpg\"><img loading=\"lazy\" decoding=\"async\" class=\"wp-image-2546 alignright\" src=\"https:\/\/blogsaverroes.juntadeandalucia.es\/colegiolapaloma\/files\/2017\/03\/Imagen-011-300x211.jpg\" alt=\"\" width=\"314\" height=\"221\" srcset=\"https:\/\/blogsaverroes.juntadeandalucia.es\/colegiolapaloma\/files\/2017\/03\/Imagen-011-300x211.jpg 300w, https:\/\/blogsaverroes.juntadeandalucia.es\/colegiolapaloma\/files\/2017\/03\/Imagen-011-24x17.jpg 24w, https:\/\/blogsaverroes.juntadeandalucia.es\/colegiolapaloma\/files\/2017\/03\/Imagen-011-36x25.jpg 36w, https:\/\/blogsaverroes.juntadeandalucia.es\/colegiolapaloma\/files\/2017\/03\/Imagen-011-48x34.jpg 48w, https:\/\/blogsaverroes.juntadeandalucia.es\/colegiolapaloma\/files\/2017\/03\/Imagen-011.jpg 500w\" sizes=\"(max-width: 314px) 100vw, 314px\" \/><\/a>a de un cable el\u00e9ctrico. <\/span><\/strong>&nbsp;<\/div>\n<p style=\"text-align: justify\">&nbsp;<\/p>\n<p style=\"text-align: justify\">&nbsp;<a href=\"https:\/\/blogsaverroes.juntadeandalucia.es\/colegiolapaloma\/files\/2017\/03\/Imagen-013.jpg\"><img loading=\"lazy\" decoding=\"async\" class=\"alignnone size-medium wp-image-2548\" src=\"https:\/\/blogsaverroes.juntadeandalucia.es\/colegiolapaloma\/files\/2017\/03\/Imagen-013-300x203.jpg\" alt=\"\" width=\"300\" height=\"203\" srcset=\"https:\/\/blogsaverroes.juntadeandalucia.es\/colegiolapaloma\/files\/2017\/03\/Imagen-013-300x203.jpg 300w, https:\/\/blogsaverroes.juntadeandalucia.es\/colegiolapaloma\/files\/2017\/03\/Imagen-013-24x16.jpg 24w, https:\/\/blogsaverroes.juntadeandalucia.es\/colegiolapaloma\/files\/2017\/03\/Imagen-013-36x24.jpg 36w, https:\/\/blogsaverroes.juntadeandalucia.es\/colegiolapaloma\/files\/2017\/03\/Imagen-013-48x33.jpg 48w, https:\/\/blogsaverroes.juntadeandalucia.es\/colegiolapaloma\/files\/2017\/03\/Imagen-013.jpg 500w\" sizes=\"(max-width: 300px) 100vw, 300px\" \/><\/a><\/p>\n<p style=\"text-align: justify\">&nbsp;Una vez terminada la primera fase, la escuela contaba con grandes deficiencias: no exist\u00edan accesos adecuados al centro, ni pistas polideportivas ni espacios para recreo del alumnado. Tampoco hab\u00eda se\u00f1alizaciones viales, ni exist\u00eda presencia policial.&nbsp;<\/p>\n<p style=\"text-align: justify\">&nbsp;<a href=\"https:\/\/blogsaverroes.juntadeandalucia.es\/colegiolapaloma\/files\/2017\/03\/Imagen-007.jpg\"><img loading=\"lazy\" decoding=\"async\" class=\"alignnone size-medium wp-image-2543\" src=\"https:\/\/blogsaverroes.juntadeandalucia.es\/colegiolapaloma\/files\/2017\/03\/Imagen-007-300x222.jpg\" alt=\"\" width=\"300\" height=\"222\" srcset=\"https:\/\/blogsaverroes.juntadeandalucia.es\/colegiolapaloma\/files\/2017\/03\/Imagen-007-300x222.jpg 300w, https:\/\/blogsaverroes.juntadeandalucia.es\/colegiolapaloma\/files\/2017\/03\/Imagen-007-24x18.jpg 24w, https:\/\/blogsaverroes.juntadeandalucia.es\/colegiolapaloma\/files\/2017\/03\/Imagen-007-36x27.jpg 36w, https:\/\/blogsaverroes.juntadeandalucia.es\/colegiolapaloma\/files\/2017\/03\/Imagen-007-48x36.jpg 48w, https:\/\/blogsaverroes.juntadeandalucia.es\/colegiolapaloma\/files\/2017\/03\/Imagen-007.jpg 500w\" sizes=\"(max-width: 300px) 100vw, 300px\" \/><\/a>&nbsp; &nbsp;<a href=\"https:\/\/blogsaverroes.juntadeandalucia.es\/colegiolapaloma\/files\/2017\/03\/Imagen-006.jpg\"><img loading=\"lazy\" decoding=\"async\" class=\"alignnone size-medium wp-image-2542\" src=\"https:\/\/blogsaverroes.juntadeandalucia.es\/colegiolapaloma\/files\/2017\/03\/Imagen-006-300x214.jpg\" alt=\"\" width=\"300\" height=\"214\" srcset=\"https:\/\/blogsaverroes.juntadeandalucia.es\/colegiolapaloma\/files\/2017\/03\/Imagen-006-300x214.jpg 300w, https:\/\/blogsaverroes.juntadeandalucia.es\/colegiolapaloma\/files\/2017\/03\/Imagen-006-24x17.jpg 24w, https:\/\/blogsaverroes.juntadeandalucia.es\/colegiolapaloma\/files\/2017\/03\/Imagen-006-36x26.jpg 36w, https:\/\/blogsaverroes.juntadeandalucia.es\/colegiolapaloma\/files\/2017\/03\/Imagen-006-48x34.jpg 48w, https:\/\/blogsaverroes.juntadeandalucia.es\/colegiolapaloma\/files\/2017\/03\/Imagen-006.jpg 500w\" sizes=\"(max-width: 300px) 100vw, 300px\" \/><\/a><\/p>\n<p style=\"text-align: justify\">&nbsp;<strong><span style=\"font-size: large\">Esto, unido a otros hechos, como encontrar una tuber\u00eda de alta presi\u00f3n en la inmediaciones del centro, motivo la protesta de profesores, padres y alumnos.<\/span><\/strong><\/p>\n<p style=\"text-align: justify\"><a href=\"https:\/\/blogsaverroes.juntadeandalucia.es\/colegiolapaloma\/files\/2017\/03\/Imagen-012.jpg\"><img loading=\"lazy\" decoding=\"async\" class=\"size-medium wp-image-2547 alignleft\" src=\"https:\/\/blogsaverroes.juntadeandalucia.es\/colegiolapaloma\/files\/2017\/03\/Imagen-012-224x300.jpg\" alt=\"\" width=\"224\" height=\"300\" srcset=\"https:\/\/blogsaverroes.juntadeandalucia.es\/colegiolapaloma\/files\/2017\/03\/Imagen-012-224x300.jpg 224w, https:\/\/blogsaverroes.juntadeandalucia.es\/colegiolapaloma\/files\/2017\/03\/Imagen-012-18x24.jpg 18w, https:\/\/blogsaverroes.juntadeandalucia.es\/colegiolapaloma\/files\/2017\/03\/Imagen-012-27x36.jpg 27w, https:\/\/blogsaverroes.juntadeandalucia.es\/colegiolapaloma\/files\/2017\/03\/Imagen-012-36x48.jpg 36w, https:\/\/blogsaverroes.juntadeandalucia.es\/colegiolapaloma\/files\/2017\/03\/Imagen-012.jpg 500w\" sizes=\"(max-width: 224px) 100vw, 224px\" \/><\/a><\/p>\n<p style=\"text-align: justify\">&nbsp; &nbsp;<\/p>\n<p style=\"text-align: justify\">&nbsp;<a href=\"https:\/\/blogsaverroes.juntadeandalucia.es\/colegiolapaloma\/files\/2017\/03\/Imagen-019.jpg\"><img loading=\"lazy\" decoding=\"async\" class=\"size-medium wp-image-2554 alignleft\" src=\"https:\/\/blogsaverroes.juntadeandalucia.es\/colegiolapaloma\/files\/2017\/03\/Imagen-019-300x209.jpg\" alt=\"\" width=\"300\" height=\"209\" srcset=\"https:\/\/blogsaverroes.juntadeandalucia.es\/colegiolapaloma\/files\/2017\/03\/Imagen-019-300x209.jpg 300w, https:\/\/blogsaverroes.juntadeandalucia.es\/colegiolapaloma\/files\/2017\/03\/Imagen-019-24x17.jpg 24w, https:\/\/blogsaverroes.juntadeandalucia.es\/colegiolapaloma\/files\/2017\/03\/Imagen-019-36x25.jpg 36w, https:\/\/blogsaverroes.juntadeandalucia.es\/colegiolapaloma\/files\/2017\/03\/Imagen-019-48x34.jpg 48w, https:\/\/blogsaverroes.juntadeandalucia.es\/colegiolapaloma\/files\/2017\/03\/Imagen-019.jpg 500w\" sizes=\"(max-width: 300px) 100vw, 300px\" \/><\/a><\/p>\n<p style=\"text-align: justify\">&nbsp;<\/p>\n<p style=\"text-align: justify\">&nbsp;<\/p>\n<p style=\"text-align: justify\">&nbsp;<\/p>\n<p style=\"text-align: justify\">&nbsp;<\/p>\n<p>&nbsp;<\/p>\n<p style=\"text-align: justify\">&nbsp;<strong><span style=\"font-size: large\">Se llevaron a cabo charlas con el alcalde. De estas se acord\u00f3 la construcci\u00f3n de un muro de contenci\u00f3n que desplazara el terreno y poder construir as\u00ed, las pista y los patios necesarios para el alumnado.<\/span><\/strong><\/p>\n<p style=\"text-align: justify\"><a href=\"https:\/\/blogsaverroes.juntadeandalucia.es\/colegiolapaloma\/files\/2017\/03\/Imagen-016.jpg\"><img loading=\"lazy\" decoding=\"async\" class=\"alignnone size-medium wp-image-2551\" src=\"https:\/\/blogsaverroes.juntadeandalucia.es\/colegiolapaloma\/files\/2017\/03\/Imagen-016-300x208.jpg\" alt=\"\" width=\"300\" height=\"208\" srcset=\"https:\/\/blogsaverroes.juntadeandalucia.es\/colegiolapaloma\/files\/2017\/03\/Imagen-016-300x208.jpg 300w, https:\/\/blogsaverroes.juntadeandalucia.es\/colegiolapaloma\/files\/2017\/03\/Imagen-016-24x17.jpg 24w, https:\/\/blogsaverroes.juntadeandalucia.es\/colegiolapaloma\/files\/2017\/03\/Imagen-016-36x25.jpg 36w, https:\/\/blogsaverroes.juntadeandalucia.es\/colegiolapaloma\/files\/2017\/03\/Imagen-016-48x33.jpg 48w, https:\/\/blogsaverroes.juntadeandalucia.es\/colegiolapaloma\/files\/2017\/03\/Imagen-016.jpg 500w\" sizes=\"(max-width: 300px) 100vw, 300px\" \/><\/a>&nbsp;<a href=\"https:\/\/blogsaverroes.juntadeandalucia.es\/colegiolapaloma\/files\/2017\/03\/Imagen-018.jpg\"><img loading=\"lazy\" decoding=\"async\" class=\"alignnone size-medium wp-image-2553\" src=\"https:\/\/blogsaverroes.juntadeandalucia.es\/colegiolapaloma\/files\/2017\/03\/Imagen-018-300x209.jpg\" alt=\"\" width=\"300\" height=\"209\" srcset=\"https:\/\/blogsaverroes.juntadeandalucia.es\/colegiolapaloma\/files\/2017\/03\/Imagen-018-300x209.jpg 300w, https:\/\/blogsaverroes.juntadeandalucia.es\/colegiolapaloma\/files\/2017\/03\/Imagen-018-24x17.jpg 24w, https:\/\/blogsaverroes.juntadeandalucia.es\/colegiolapaloma\/files\/2017\/03\/Imagen-018-36x25.jpg 36w, https:\/\/blogsaverroes.juntadeandalucia.es\/colegiolapaloma\/files\/2017\/03\/Imagen-018-48x33.jpg 48w, https:\/\/blogsaverroes.juntadeandalucia.es\/colegiolapaloma\/files\/2017\/03\/Imagen-018.jpg 500w\" sizes=\"(max-width: 300px) 100vw, 300px\" \/><\/a><a href=\"https:\/\/blogsaverroes.juntadeandalucia.es\/colegiolapaloma\/files\/2017\/03\/Imagen-017.jpg\"><img loading=\"lazy\" decoding=\"async\" class=\"alignnone size-medium wp-image-2552\" src=\"https:\/\/blogsaverroes.juntadeandalucia.es\/colegiolapaloma\/files\/2017\/03\/Imagen-017-300x208.jpg\" alt=\"\" width=\"300\" height=\"208\" srcset=\"https:\/\/blogsaverroes.juntadeandalucia.es\/colegiolapaloma\/files\/2017\/03\/Imagen-017-300x208.jpg 300w, https:\/\/blogsaverroes.juntadeandalucia.es\/colegiolapaloma\/files\/2017\/03\/Imagen-017-24x17.jpg 24w, https:\/\/blogsaverroes.juntadeandalucia.es\/colegiolapaloma\/files\/2017\/03\/Imagen-017-36x25.jpg 36w, https:\/\/blogsaverroes.juntadeandalucia.es\/colegiolapaloma\/files\/2017\/03\/Imagen-017-48x33.jpg 48w, https:\/\/blogsaverroes.juntadeandalucia.es\/colegiolapaloma\/files\/2017\/03\/Imagen-017.jpg 500w\" sizes=\"(max-width: 300px) 100vw, 300px\" \/><\/a><\/p>\n<p style=\"text-align: justify\"><strong><span style=\"font-size: large\">Tras algunos problemas y retrasos en la construcci\u00f3n del colegio, se inaugura oficialmente en el curso 1990\/91.<\/span><\/strong><br \/>\n<a href=\"https:\/\/blogsaverroes.juntadeandalucia.es\/colegiolapaloma\/files\/2017\/03\/Imagen-009.jpg\"><img loading=\"lazy\" decoding=\"async\" class=\"size-medium wp-image-2544 alignleft\" src=\"https:\/\/blogsaverroes.juntadeandalucia.es\/colegiolapaloma\/files\/2017\/03\/Imagen-009-300x207.jpg\" alt=\"\" width=\"300\" height=\"207\" srcset=\"https:\/\/blogsaverroes.juntadeandalucia.es\/colegiolapaloma\/files\/2017\/03\/Imagen-009-300x207.jpg 300w, https:\/\/blogsaverroes.juntadeandalucia.es\/colegiolapaloma\/files\/2017\/03\/Imagen-009-24x17.jpg 24w, https:\/\/blogsaverroes.juntadeandalucia.es\/colegiolapaloma\/files\/2017\/03\/Imagen-009-36x25.jpg 36w, https:\/\/blogsaverroes.juntadeandalucia.es\/colegiolapaloma\/files\/2017\/03\/Imagen-009-48x33.jpg 48w, https:\/\/blogsaverroes.juntadeandalucia.es\/colegiolapaloma\/files\/2017\/03\/Imagen-009.jpg 500w\" sizes=\"(max-width: 300px) 100vw, 300px\" \/><\/a><\/p>\n<p style=\"text-align: justify\"><strong>Hasta el d\u00eda 26 de Marzo de 1990, aproximadamente, no recibi\u00f3 el nombre de \u00abLa Paloma\u00bb y puesto que fue bautizado as\u00ed , la calle en la que estaba situado el centro se denomin\u00f3 Avenida de la Paz.<\/strong><\/p>\n<p>&nbsp;<\/p>\n<p>&nbsp;<\/p>\n<p>&nbsp;<\/p>\n<p style=\"text-align: justify\"><strong><span style=\"font-size: large\">En 1993 se re<a href=\"https:\/\/blogsaverroes.juntadeandalucia.es\/colegiolapaloma\/files\/2017\/03\/Imagen-014.jpg\"><img loading=\"lazy\" decoding=\"async\" class=\"size-medium wp-image-2549 alignleft\" src=\"https:\/\/blogsaverroes.juntadeandalucia.es\/colegiolapaloma\/files\/2017\/03\/Imagen-014-300x199.jpg\" alt=\"\" width=\"300\" height=\"199\" srcset=\"https:\/\/blogsaverroes.juntadeandalucia.es\/colegiolapaloma\/files\/2017\/03\/Imagen-014-300x199.jpg 300w, https:\/\/blogsaverroes.juntadeandalucia.es\/colegiolapaloma\/files\/2017\/03\/Imagen-014-24x16.jpg 24w, https:\/\/blogsaverroes.juntadeandalucia.es\/colegiolapaloma\/files\/2017\/03\/Imagen-014-36x24.jpg 36w, https:\/\/blogsaverroes.juntadeandalucia.es\/colegiolapaloma\/files\/2017\/03\/Imagen-014-48x32.jpg 48w, https:\/\/blogsaverroes.juntadeandalucia.es\/colegiolapaloma\/files\/2017\/03\/Imagen-014.jpg 500w\" sizes=\"(max-width: 300px) 100vw, 300px\" \/><\/a>alizan obras de reforma para 150 alumnos m\u00e1s (6 aulas y vivienda del conserje).<\/span><\/strong><\/p>\n<p style=\"text-align: justify\"><strong>Poco a poco se ha completado su estructura actual, siendo la mas destacado la puesta en marcha del comedor escolar que comenzo a funcionar el 1 de Marzo de 1993.<\/strong><\/p>\n<p style=\"text-align: justify\">&nbsp;<\/p>\n<p style=\"text-align: justify\">&nbsp;<\/p>\n<p style=\"text-align: justify\"><strong><span style=\"font-size: large\">El curso 2002\/2003 se han completado los espacios de recreo del centro, contando actualmente con varias partes diferenciadas: el patio de infantil, dos pistas polideportivas y un porche cubierto para formaci\u00f3n de las filas de entrada.<a href=\"https:\/\/blogsaverroes.juntadeandalucia.es\/colegiolapaloma\/files\/2017\/03\/looooo1.jpg\"><img loading=\"lazy\" decoding=\"async\" class=\"size-medium wp-image-2558 alignright\" src=\"https:\/\/blogsaverroes.juntadeandalucia.es\/colegiolapaloma\/files\/2017\/03\/looooo1-300x224.jpg\" alt=\"\" width=\"300\" height=\"224\" srcset=\"https:\/\/blogsaverroes.juntadeandalucia.es\/colegiolapaloma\/files\/2017\/03\/looooo1-300x224.jpg 300w, https:\/\/blogsaverroes.juntadeandalucia.es\/colegiolapaloma\/files\/2017\/03\/looooo1-24x18.jpg 24w, https:\/\/blogsaverroes.juntadeandalucia.es\/colegiolapaloma\/files\/2017\/03\/looooo1-36x27.jpg 36w, https:\/\/blogsaverroes.juntadeandalucia.es\/colegiolapaloma\/files\/2017\/03\/looooo1-48x36.jpg 48w, https:\/\/blogsaverroes.juntadeandalucia.es\/colegiolapaloma\/files\/2017\/03\/looooo1.jpg 369w\" sizes=\"(max-width: 300px) 100vw, 300px\" \/><\/a><\/span><\/strong><\/p>\n<p style=\"text-align: justify\">&nbsp;<\/p>\n<p style=\"text-align: justify\">&nbsp;<\/p>\n<p style=\"text-align: justify\">&nbsp;<\/p>\n<p style=\"text-align: justify\">&nbsp;<\/p>\n<p>&nbsp;<\/p>\n","protected":false},"excerpt":{"rendered":"<p>&nbsp; &nbsp; &nbsp; &nbsp; &nbsp; &nbsp; &nbsp; &nbsp;&nbsp; &nbsp; En el BOJA DEL 15-05-89 se publica la resoluci\u00f3n por la que se hace p\u00fablica la adjudicaci\u00f3n definitiva del contrato de obras para la construcci\u00f3n&#46;&#46;&#46;<\/p>\n","protected":false},"author":3281,"featured_media":0,"parent":0,"menu_order":0,"comment_status":"closed","ping_status":"closed","template":"","meta":{"ngg_post_thumbnail":0,"footnotes":"","_mc_calendar":[]},"aioseo_notices":[],"_links":{"self":[{"href":"https:\/\/blogsaverroes.juntadeandalucia.es\/colegiolapaloma\/wp-json\/wp\/v2\/pages\/2537"}],"collection":[{"href":"https:\/\/blogsaverroes.juntadeandalucia.es\/colegiolapaloma\/wp-json\/wp\/v2\/pages"}],"about":[{"href":"https:\/\/blogsaverroes.juntadeandalucia.es\/colegiolapaloma\/wp-json\/wp\/v2\/types\/page"}],"author":[{"embeddable":true,"href":"https:\/\/blogsaverroes.juntadeandalucia.es\/colegiolapaloma\/wp-json\/wp\/v2\/users\/3281"}],"replies":[{"embeddable":true,"href":"https:\/\/blogsaverroes.juntadeandalucia.es\/colegiolapaloma\/wp-json\/wp\/v2\/comments?post=2537"}],"version-history":[{"count":18,"href":"https:\/\/blogsaverroes.juntadeandalucia.es\/colegiolapaloma\/wp-json\/wp\/v2\/pages\/2537\/revisions"}],"predecessor-version":[{"id":3357,"href":"https:\/\/blogsaverroes.juntadeandalucia.es\/colegiolapaloma\/wp-json\/wp\/v2\/pages\/2537\/revisions\/3357"}],"wp:attachment":[{"href":"https:\/\/blogsaverroes.juntadeandalucia.es\/colegiolapaloma\/wp-json\/wp\/v2\/media?parent=2537"}],"curies":[{"name":"wp","href":"https:\/\/api.w.org\/{rel}","templated":true}]}}