{"id":42,"date":"2015-03-13T08:40:47","date_gmt":"2015-03-13T08:40:47","guid":{"rendered":"http:\/\/blogsaverroes.juntadeandalucia.es\/pre\/ceip\/?page_id=42"},"modified":"2017-09-20T08:21:17","modified_gmt":"2017-09-20T08:21:17","slug":"equipo-directivo","status":"publish","type":"page","link":"https:\/\/blogsaverroes.juntadeandalucia.es\/colegiolapaloma\/equipo-directivo\/","title":{"rendered":"Equipo directivo"},"content":{"rendered":"<p>&nbsp;<\/p>\n<p><strong>Direcci\u00f3n: Tom\u00e1s Rueda Calle<br \/>\n<\/strong><\/p>\n<p><strong>Jefatura de estudios: &nbsp;Cristina Bao Salazar<br \/>\n<\/strong><\/p>\n<p><strong>Secretar\u00eda: Noem\u00ed R\u00edus Garc\u00eda<br \/>\n<\/strong><\/p>\n<p><a href=\"http:\/\/blogsaverroes.juntadeandalucia.es\/colegiolapaloma\/files\/2015\/03\/junta.jpeg\"><img loading=\"lazy\" decoding=\"async\" class=\" size-medium wp-image-2218 aligncenter\" src=\"http:\/\/blogsaverroes.juntadeandalucia.es\/colegiolapaloma\/files\/2015\/03\/junta-300x142.jpeg\" alt=\"junta\" width=\"300\" height=\"142\" srcset=\"https:\/\/blogsaverroes.juntadeandalucia.es\/colegiolapaloma\/files\/2015\/03\/junta-300x142.jpeg 300w, https:\/\/blogsaverroes.juntadeandalucia.es\/colegiolapaloma\/files\/2015\/03\/junta.jpeg 530w\" sizes=\"(max-width: 300px) 100vw, 300px\" \/><\/a><\/p>\n","protected":false},"excerpt":{"rendered":"<p>&nbsp; Direcci\u00f3n: Tom\u00e1s Rueda Calle Jefatura de estudios: &nbsp;Cristina Bao Salazar Secretar\u00eda: Noem\u00ed R\u00edus Garc\u00eda<\/p>\n","protected":false},"author":1,"featured_media":0,"parent":0,"menu_order":0,"comment_status":"closed","ping_status":"open","template":"","meta":{"ngg_post_thumbnail":0,"footnotes":"","_mc_calendar":[]},"aioseo_notices":[],"_links":{"self":[{"href":"https:\/\/blogsaverroes.juntadeandalucia.es\/colegiolapaloma\/wp-json\/wp\/v2\/pages\/42"}],"collection":[{"href":"https:\/\/blogsaverroes.juntadeandalucia.es\/colegiolapaloma\/wp-json\/wp\/v2\/pages"}],"about":[{"href":"https:\/\/blogsaverroes.juntadeandalucia.es\/colegiolapaloma\/wp-json\/wp\/v2\/types\/page"}],"author":[{"embeddable":true,"href":"https:\/\/blogsaverroes.juntadeandalucia.es\/colegiolapaloma\/wp-json\/wp\/v2\/users\/1"}],"replies":[{"embeddable":true,"href":"https:\/\/blogsaverroes.juntadeandalucia.es\/colegiolapaloma\/wp-json\/wp\/v2\/comments?post=42"}],"version-history":[{"count":5,"href":"https:\/\/blogsaverroes.juntadeandalucia.es\/colegiolapaloma\/wp-json\/wp\/v2\/pages\/42\/revisions"}],"predecessor-version":[{"id":2666,"href":"https:\/\/blogsaverroes.juntadeandalucia.es\/colegiolapaloma\/wp-json\/wp\/v2\/pages\/42\/revisions\/2666"}],"wp:attachment":[{"href":"https:\/\/blogsaverroes.juntadeandalucia.es\/colegiolapaloma\/wp-json\/wp\/v2\/media?parent=42"}],"curies":[{"name":"wp","href":"https:\/\/api.w.org\/{rel}","templated":true}]}}