{"id":1136,"date":"2019-03-13T10:02:13","date_gmt":"2019-03-13T10:02:13","guid":{"rendered":"https:\/\/blogsaverroes.juntadeandalucia.es\/colegiolosrosales\/?page_id=1136"},"modified":"2025-04-25T11:53:03","modified_gmt":"2025-04-25T11:53:03","slug":"contacto","status":"publish","type":"page","link":"https:\/\/blogsaverroes.juntadeandalucia.es\/colegiolosrosales\/contacto\/","title":{"rendered":"Contacto"},"content":{"rendered":"<div class=\"contenedor\">\n<div class=\"mapa\">\n<h3>D\u00f3nde estamos<\/h3>\n<p><iframe loading=\"lazy\" src=\"https:\/\/www.google.com\/maps\/embed?pb=!1m18!1m12!1m3!1d3878.308217647375!2d-6.92705158429173!3d37.26154857985604!2m3!1f0!2f0!3f0!3m2!1i1024!2i768!4f13.1!3m3!1m2!1s0xd11d0017f6ada3b%3A0xfb399f68a5fceadd!2sColegio%20P%C3%BAblico%20los%20Rosales!5e1!3m2!1ses!2ses!4v1676884904535!5m2!1ses!2ses\" width=\"350\" height=\"300\"><br \/>\n<\/iframe>\n<\/div>\n<div class=\"contacto\">\n<p>Ven a vernos, haznos una llamada o escr\u00edbenos:<\/p>\n<p>Direcci\u00f3n: Calle Rocinante, s\/n -21007 Huelva<\/p>\n<p>Tel\u00e9fono: 959 527 147<\/p>\n<p>e-mail: 21003840.edu@juntadeandalucia.es<\/p>\n<\/div>\n<\/div>\n","protected":false},"excerpt":{"rendered":"<p>D\u00f3nde estamos Ven a vernos, haznos una llamada o escr\u00edbenos: Direcci\u00f3n: Calle Rocinante, s\/n -21007 Huelva Tel\u00e9fono: 959 527 147 e-mail: 21003840.edu@juntadeandalucia.es<\/p>\n","protected":false},"author":5962,"featured_media":0,"parent":0,"menu_order":0,"comment_status":"closed","ping_status":"closed","template":"","meta":{"_exactmetrics_skip_tracking":false,"_exactmetrics_sitenote_active":false,"_exactmetrics_sitenote_note":"","_exactmetrics_sitenote_category":0,"ngg_post_thumbnail":0,"footnotes":""},"aioseo_notices":[],"_links":{"self":[{"href":"https:\/\/blogsaverroes.juntadeandalucia.es\/colegiolosrosales\/wp-json\/wp\/v2\/pages\/1136"}],"collection":[{"href":"https:\/\/blogsaverroes.juntadeandalucia.es\/colegiolosrosales\/wp-json\/wp\/v2\/pages"}],"about":[{"href":"https:\/\/blogsaverroes.juntadeandalucia.es\/colegiolosrosales\/wp-json\/wp\/v2\/types\/page"}],"author":[{"embeddable":true,"href":"https:\/\/blogsaverroes.juntadeandalucia.es\/colegiolosrosales\/wp-json\/wp\/v2\/users\/5962"}],"replies":[{"embeddable":true,"href":"https:\/\/blogsaverroes.juntadeandalucia.es\/colegiolosrosales\/wp-json\/wp\/v2\/comments?post=1136"}],"version-history":[{"count":95,"href":"https:\/\/blogsaverroes.juntadeandalucia.es\/colegiolosrosales\/wp-json\/wp\/v2\/pages\/1136\/revisions"}],"predecessor-version":[{"id":3350,"href":"https:\/\/blogsaverroes.juntadeandalucia.es\/colegiolosrosales\/wp-json\/wp\/v2\/pages\/1136\/revisions\/3350"}],"wp:attachment":[{"href":"https:\/\/blogsaverroes.juntadeandalucia.es\/colegiolosrosales\/wp-json\/wp\/v2\/media?parent=1136"}],"curies":[{"name":"wp","href":"https:\/\/api.w.org\/{rel}","templated":true}]}}