{"id":125,"date":"2018-05-07T17:25:03","date_gmt":"2018-05-07T17:25:03","guid":{"rendered":"https:\/\/blogsaverroes.juntadeandalucia.es\/colegiolosrosales\/?page_id=125"},"modified":"2025-06-01T13:55:02","modified_gmt":"2025-06-01T13:55:02","slug":"centro","status":"publish","type":"page","link":"https:\/\/blogsaverroes.juntadeandalucia.es\/colegiolosrosales\/centro\/","title":{"rendered":"Centro"},"content":{"rendered":"<div class=\"seccion-inicio\">\nEl edificio se inaugur\u00f3 en el a\u00f1o 1984, construido en dos plantas, con amplios jardines delanteros y pistas polideportivas.\n<\/div>\n<p><a href=\"https:\/\/blogsaverroes.juntadeandalucia.es\/colegiolosrosales\/files\/2019\/03\/2.jpg\"><img loading=\"lazy\" decoding=\"async\" class=\"aligncenter wp-image-444 size-large\" title=\"Colegio Los Rosales\" src=\"https:\/\/blogsaverroes.juntadeandalucia.es\/colegiolosrosales\/files\/2019\/03\/2-1024x576.jpg\" alt=\"Edificio del colegio\" width=\"1024\" height=\"576\" srcset=\"https:\/\/blogsaverroes.juntadeandalucia.es\/colegiolosrosales\/files\/2019\/03\/2.jpg 1024w, https:\/\/blogsaverroes.juntadeandalucia.es\/colegiolosrosales\/files\/2019\/03\/2-150x84.jpg 150w, https:\/\/blogsaverroes.juntadeandalucia.es\/colegiolosrosales\/files\/2019\/03\/2-300x169.jpg 300w, https:\/\/blogsaverroes.juntadeandalucia.es\/colegiolosrosales\/files\/2019\/03\/2-768x432.jpg 768w, https:\/\/blogsaverroes.juntadeandalucia.es\/colegiolosrosales\/files\/2019\/03\/2-24x14.jpg 24w, https:\/\/blogsaverroes.juntadeandalucia.es\/colegiolosrosales\/files\/2019\/03\/2-36x20.jpg 36w, https:\/\/blogsaverroes.juntadeandalucia.es\/colegiolosrosales\/files\/2019\/03\/2-48x27.jpg 48w\" sizes=\"(max-width: 1024px) 100vw, 1024px\" \/><\/a><\/p>\n<div class=\"seccion-inicio\">\nEl Centro se halla ubicado en un barrio perif\u00e9rico de la ciudad que comenz\u00f3 a formarse a principios de los ochenta. Inicialmente la poblaci\u00f3n estaba formada por familias j\u00f3venes cuyo nivel cultural y poder adquisitivo podr\u00eda encuadrarse dentro de una clase media, con muy buenas expectativas a la hora de generar nuestra poblaci\u00f3n escolar.<br \/>\nLos planes urban\u00edsticos de nuestra ciudad dieron lugar a un tipo de vivienda y de poblaci\u00f3n m\u00e1s variada. Todo ello nos hace ser m\u00e1s conscientes cada vez de lo diverso de nuestra poblaci\u00f3n escolar, no s\u00f3lo por sus capacidades sino por sus ambientes familiares y de entorno.\n<\/div>\n<ul id=\"menu-centro\" class=\"menu\"><li id=\"menu-item-4481\" class=\"menu-item menu-item-type-post_type menu-item-object-page menu-item-4481\"><a href=\"https:\/\/blogsaverroes.juntadeandalucia.es\/colegiolosrosales\/normativa\/\">Plan de Centro<\/a><\/li>\n<li id=\"menu-item-4483\" class=\"menu-item menu-item-type-post_type menu-item-object-page menu-item-has-children menu-item-4483\"><a href=\"https:\/\/blogsaverroes.juntadeandalucia.es\/colegiolosrosales\/proyectos\/\">Planes y Proyectos<span class=\"nav-icon-angle\">&nbsp;<\/span><\/a>\n<ul class=\"sub-menu sub-lv-0\">\n\t<li id=\"menu-item-4862\" class=\"menu-item menu-item-type-post_type menu-item-object-page menu-item-4862\"><a href=\"https:\/\/blogsaverroes.juntadeandalucia.es\/colegiolosrosales\/prevencion-de-la-violencia-de-genero\/\">Prevenci\u00f3n de la Violencia de G\u00e9nero<\/a><\/li>\n\t<li id=\"menu-item-4482\" class=\"menu-item menu-item-type-post_type menu-item-object-page menu-item-4482\"><a href=\"https:\/\/blogsaverroes.juntadeandalucia.es\/colegiolosrosales\/proyecto-retotech-endesa\/\">Proyecto Retotech Endesa<\/a><\/li>\n\t<li id=\"menu-item-4480\" class=\"menu-item menu-item-type-post_type menu-item-object-page menu-item-4480\"><a href=\"https:\/\/blogsaverroes.juntadeandalucia.es\/colegiolosrosales\/aula-djaque\/\">Aula Djaque<\/a><\/li>\n<\/ul>\n<\/li>\n<li id=\"menu-item-4488\" class=\"menu-item menu-item-type-post_type menu-item-object-page menu-item-4488\"><a href=\"https:\/\/blogsaverroes.juntadeandalucia.es\/colegiolosrosales\/biblioteca\/\">Biblioteca<\/a><\/li>\n<li id=\"menu-item-4484\" class=\"menu-item menu-item-type-post_type menu-item-object-page menu-item-has-children menu-item-4484\"><a href=\"https:\/\/blogsaverroes.juntadeandalucia.es\/colegiolosrosales\/servicios-ofertados\/\">Servicios Ofertados<span class=\"nav-icon-angle\">&nbsp;<\/span><\/a>\n<ul class=\"sub-menu sub-lv-0\">\n\t<li id=\"menu-item-4485\" class=\"menu-item menu-item-type-post_type menu-item-object-page menu-item-4485\"><a href=\"https:\/\/blogsaverroes.juntadeandalucia.es\/colegiolosrosales\/servicios-ofertados\/actividades-extraescolares\/\">Actividades extraescolares<\/a><\/li>\n\t<li id=\"menu-item-4486\" class=\"menu-item menu-item-type-post_type menu-item-object-page menu-item-4486\"><a href=\"https:\/\/blogsaverroes.juntadeandalucia.es\/colegiolosrosales\/servicios-ofertados\/comedor\/\">Comedor<\/a><\/li>\n\t<li id=\"menu-item-4487\" class=\"menu-item menu-item-type-post_type menu-item-object-page menu-item-4487\"><a href=\"https:\/\/blogsaverroes.juntadeandalucia.es\/colegiolosrosales\/servicios-ofertados\/aula-matinal\/\">Aula Matinal<\/a><\/li>\n<\/ul>\n<\/li>\n<\/ul>\n","protected":false},"excerpt":{"rendered":"<p>El edificio se inaugur\u00f3 en el a\u00f1o 1984, construido en dos plantas, con amplios jardines delanteros y pistas polideportivas. El Centro se halla ubicado en&hellip;<\/p>\n","protected":false},"author":5962,"featured_media":0,"parent":0,"menu_order":0,"comment_status":"closed","ping_status":"closed","template":"","meta":{"_exactmetrics_skip_tracking":false,"_exactmetrics_sitenote_active":false,"_exactmetrics_sitenote_note":"","_exactmetrics_sitenote_category":0,"ngg_post_thumbnail":0,"footnotes":""},"aioseo_notices":[],"_links":{"self":[{"href":"https:\/\/blogsaverroes.juntadeandalucia.es\/colegiolosrosales\/wp-json\/wp\/v2\/pages\/125"}],"collection":[{"href":"https:\/\/blogsaverroes.juntadeandalucia.es\/colegiolosrosales\/wp-json\/wp\/v2\/pages"}],"about":[{"href":"https:\/\/blogsaverroes.juntadeandalucia.es\/colegiolosrosales\/wp-json\/wp\/v2\/types\/page"}],"author":[{"embeddable":true,"href":"https:\/\/blogsaverroes.juntadeandalucia.es\/colegiolosrosales\/wp-json\/wp\/v2\/users\/5962"}],"replies":[{"embeddable":true,"href":"https:\/\/blogsaverroes.juntadeandalucia.es\/colegiolosrosales\/wp-json\/wp\/v2\/comments?post=125"}],"version-history":[{"count":9,"href":"https:\/\/blogsaverroes.juntadeandalucia.es\/colegiolosrosales\/wp-json\/wp\/v2\/pages\/125\/revisions"}],"predecessor-version":[{"id":4489,"href":"https:\/\/blogsaverroes.juntadeandalucia.es\/colegiolosrosales\/wp-json\/wp\/v2\/pages\/125\/revisions\/4489"}],"wp:attachment":[{"href":"https:\/\/blogsaverroes.juntadeandalucia.es\/colegiolosrosales\/wp-json\/wp\/v2\/media?parent=125"}],"curies":[{"name":"wp","href":"https:\/\/api.w.org\/{rel}","templated":true}]}}