{"id":128,"date":"2018-05-07T17:28:04","date_gmt":"2018-05-07T17:28:04","guid":{"rendered":"https:\/\/blogsaverroes.juntadeandalucia.es\/colegiolosrosales\/?page_id=128"},"modified":"2025-06-01T13:59:26","modified_gmt":"2025-06-01T13:59:26","slug":"documentos","status":"publish","type":"page","link":"https:\/\/blogsaverroes.juntadeandalucia.es\/colegiolosrosales\/documentos\/","title":{"rendered":"Modelos de documentos"},"content":{"rendered":"<div class=\"seccion-inicio\">\n<h3 style=\"text-align: left;border-bottom: solid 1px #084184\">Proceso de escolarizaci\u00f3n<\/h3>\n<p><a title=\"Pulse para visualizar, se abrir\u00e1 una nueva ventana\" href=\"https:\/\/www.juntadeandalucia.es\/educacion\/portales\/web\/escolarizacion\/infantil-a-bachillerato\/\" target=\"_blank\" rel=\"noopener noreferrer\">Informaci\u00f3n general del proceso de esolarizaci\u00f3n.<\/a><\/p>\n<p>Tendr\u00e1 acceso a:<br \/>\nLos impresos (rellenables para despu\u00e9s imprimir) para presentar la solicitud f\u00edsicamente en el colegio.<br \/>\nNormativa vigente relativa a los niveles educativos desde 2\u00ba Ciclo de Educaci\u00f3n Infantil a Bachillerato. .<br \/>\nCalendario.<br \/>\nPreguntas frecuentes relacionadas con el proceso de admisi\u00f3n en Infantil a Bachillerato.<br \/>\nY m\u00e1s&#8230;<\/p>\n<\/div>\n<div class=\"seccion-inicio\">\n<h3 style=\"text-align: left;border-bottom: solid 1px #084184\">Plantillas y modelos de documentos<\/h3>\n<div style=\"padding: 0.540791em 0 0.540791em;border-bottom: solid 1px #084184\"><span style=\"color: #008000\"><em><img loading=\"lazy\" decoding=\"async\" class=\"size-full wp-image-296 alignleft\" src=\"https:\/\/blogsaverroes.juntadeandalucia.es\/colegiolosrosales\/files\/2018\/05\/icon_pdf.png\" alt=\"\" width=\"18\" height=\"25\" srcset=\"https:\/\/blogsaverroes.juntadeandalucia.es\/colegiolosrosales\/files\/2018\/05\/icon_pdf.png 18w, https:\/\/blogsaverroes.juntadeandalucia.es\/colegiolosrosales\/files\/2018\/05\/icon_pdf-17x24.png 17w\" sizes=\"(max-width: 18px) 100vw, 18px\" \/><a title=\"Pulse para visualizar el documento, se abrir\u00e1 en una nueva ventana\" href=\"https:\/\/drive.google.com\/file\/d\/1IxrcU09Z_8t3rB_9QPys5qYql_ccQA5j\/view?usp=sharing\" target=\"_blank\" rel=\"noopener noreferrer\">Modelo de declaraci\u00f3n jurada.<\/span><\/a><\/em><\/div>\n<\/div>\n","protected":false},"excerpt":{"rendered":"<p>Proceso de escolarizaci\u00f3n Informaci\u00f3n general del proceso de esolarizaci\u00f3n. Tendr\u00e1 acceso a: Los impresos (rellenables para despu\u00e9s imprimir) para presentar la solicitud f\u00edsicamente en el&hellip;<\/p>\n","protected":false},"author":5962,"featured_media":0,"parent":0,"menu_order":0,"comment_status":"closed","ping_status":"closed","template":"","meta":{"_exactmetrics_skip_tracking":false,"_exactmetrics_sitenote_active":false,"_exactmetrics_sitenote_note":"","_exactmetrics_sitenote_category":0,"ngg_post_thumbnail":0,"footnotes":""},"aioseo_notices":[],"_links":{"self":[{"href":"https:\/\/blogsaverroes.juntadeandalucia.es\/colegiolosrosales\/wp-json\/wp\/v2\/pages\/128"}],"collection":[{"href":"https:\/\/blogsaverroes.juntadeandalucia.es\/colegiolosrosales\/wp-json\/wp\/v2\/pages"}],"about":[{"href":"https:\/\/blogsaverroes.juntadeandalucia.es\/colegiolosrosales\/wp-json\/wp\/v2\/types\/page"}],"author":[{"embeddable":true,"href":"https:\/\/blogsaverroes.juntadeandalucia.es\/colegiolosrosales\/wp-json\/wp\/v2\/users\/5962"}],"replies":[{"embeddable":true,"href":"https:\/\/blogsaverroes.juntadeandalucia.es\/colegiolosrosales\/wp-json\/wp\/v2\/comments?post=128"}],"version-history":[{"count":93,"href":"https:\/\/blogsaverroes.juntadeandalucia.es\/colegiolosrosales\/wp-json\/wp\/v2\/pages\/128\/revisions"}],"predecessor-version":[{"id":4810,"href":"https:\/\/blogsaverroes.juntadeandalucia.es\/colegiolosrosales\/wp-json\/wp\/v2\/pages\/128\/revisions\/4810"}],"wp:attachment":[{"href":"https:\/\/blogsaverroes.juntadeandalucia.es\/colegiolosrosales\/wp-json\/wp\/v2\/media?parent=128"}],"curies":[{"name":"wp","href":"https:\/\/api.w.org\/{rel}","templated":true}]}}