{"id":219,"date":"2018-11-18T21:40:44","date_gmt":"2018-11-18T21:40:44","guid":{"rendered":"https:\/\/blogsaverroes.juntadeandalucia.es\/colegiolosrosales\/?page_id=219"},"modified":"2025-06-01T14:01:14","modified_gmt":"2025-06-01T14:01:14","slug":"profesionales","status":"publish","type":"page","link":"https:\/\/blogsaverroes.juntadeandalucia.es\/colegiolosrosales\/profesionales\/","title":{"rendered":"Profesionales"},"content":{"rendered":"<div class=\"pt-cv-wrapper\"><div class=\"pt-cv-view pt-cv-grid pt-cv-colsys pt-cv-nolf\" id=\"pt-cv-view-3616aafu91\"><div data-id=\"pt-cv-page-1\" class=\"pt-cv-page\" data-cvc=\"3\"><div class=\"col-md-4 col-sm-6 col-xs-12 pt-cv-content-item pt-cv-1-col\" ><div class='pt-cv-ifield'><a href=\"https:\/\/blogsaverroes.juntadeandalucia.es\/colegiolosrosales\/language-assistant\/\" class=\"_self pt-cv-href-thumbnail pt-cv-thumb-default\" target=\"_self\" ><img loading=\"lazy\" decoding=\"async\" width=\"248\" height=\"266\" src=\"https:\/\/blogsaverroes.juntadeandalucia.es\/colegiolosrosales\/files\/2022\/04\/language-assistant.png\" class=\"pt-cv-thumbnail\" alt=\"\" srcset=\"https:\/\/blogsaverroes.juntadeandalucia.es\/colegiolosrosales\/files\/2022\/04\/language-assistant.png 248w, https:\/\/blogsaverroes.juntadeandalucia.es\/colegiolosrosales\/files\/2022\/04\/language-assistant-140x150.png 140w\" sizes=\"(max-width: 248px) 100vw, 248px\" \/><\/a>\n<h4 class=\"pt-cv-title\"><a href=\"https:\/\/blogsaverroes.juntadeandalucia.es\/colegiolosrosales\/language-assistant\/\" class=\"_self\" target=\"_self\" >Language assistant<\/a><\/h4>\n<div class=\"pt-cv-content\">Informaci\u00f3n para Auxiliares de Conversaci\u00f3n Information for Language Assistants El pasado d\u00eda 2 de octubre recibimos en nuestro colegio a ...<br \/><div class=\"pt-cv-rmwrap\"><a href=\"https:\/\/blogsaverroes.juntadeandalucia.es\/colegiolosrosales\/language-assistant\/\" class=\"_self pt-cv-readmore btn btn-success\" target=\"_self\">Leer M\u00e1s<\/a><\/div><\/div><\/div><\/div><\/div><\/div><\/div>\n","protected":false},"excerpt":{"rendered":"","protected":false},"author":5962,"featured_media":0,"parent":0,"menu_order":0,"comment_status":"closed","ping_status":"closed","template":"","meta":{"_exactmetrics_skip_tracking":false,"_exactmetrics_sitenote_active":false,"_exactmetrics_sitenote_note":"","_exactmetrics_sitenote_category":0,"ngg_post_thumbnail":0,"footnotes":""},"aioseo_notices":[],"_links":{"self":[{"href":"https:\/\/blogsaverroes.juntadeandalucia.es\/colegiolosrosales\/wp-json\/wp\/v2\/pages\/219"}],"collection":[{"href":"https:\/\/blogsaverroes.juntadeandalucia.es\/colegiolosrosales\/wp-json\/wp\/v2\/pages"}],"about":[{"href":"https:\/\/blogsaverroes.juntadeandalucia.es\/colegiolosrosales\/wp-json\/wp\/v2\/types\/page"}],"author":[{"embeddable":true,"href":"https:\/\/blogsaverroes.juntadeandalucia.es\/colegiolosrosales\/wp-json\/wp\/v2\/users\/5962"}],"replies":[{"embeddable":true,"href":"https:\/\/blogsaverroes.juntadeandalucia.es\/colegiolosrosales\/wp-json\/wp\/v2\/comments?post=219"}],"version-history":[{"count":7,"href":"https:\/\/blogsaverroes.juntadeandalucia.es\/colegiolosrosales\/wp-json\/wp\/v2\/pages\/219\/revisions"}],"predecessor-version":[{"id":2287,"href":"https:\/\/blogsaverroes.juntadeandalucia.es\/colegiolosrosales\/wp-json\/wp\/v2\/pages\/219\/revisions\/2287"}],"wp:attachment":[{"href":"https:\/\/blogsaverroes.juntadeandalucia.es\/colegiolosrosales\/wp-json\/wp\/v2\/media?parent=219"}],"curies":[{"name":"wp","href":"https:\/\/api.w.org\/{rel}","templated":true}]}}