{"id":2246,"date":"2022-04-08T09:42:10","date_gmt":"2022-04-08T09:42:10","guid":{"rendered":"https:\/\/blogsaverroes.juntadeandalucia.es\/colegiolosrosales\/?page_id=2246"},"modified":"2025-02-08T13:00:59","modified_gmt":"2025-02-08T13:00:59","slug":"language-assistant","status":"publish","type":"page","link":"https:\/\/blogsaverroes.juntadeandalucia.es\/colegiolosrosales\/language-assistant\/","title":{"rendered":"Language assistant"},"content":{"rendered":"<div class=\"assistant\">\n<p><a href=\"https:\/\/blogsaverroes.juntadeandalucia.es\/colegiolosrosales\/profesionales\/language-assistant\/\"><img decoding=\"async\" class=\"aligncenter size-full wp-image-2299\" src=\"https:\/\/blogsaverroes.juntadeandalucia.es\/colegiolosrosales\/files\/2023\/03\/languaje-assistant-icon-1.png\" alt=\"\" width=\"80\" height=\"auto\"><\/a><\/p>\n<div><a href=\"https:\/\/blogsaverroes.juntadeandalucia.es\/colegiolosrosales\/profesionales\/language-assistant\/\">Informaci\u00f3n para Auxiliares de Conversaci\u00f3n<\/a><br \/>\n<a href=\"https:\/\/blogsaverroes.juntadeandalucia.es\/colegiolosrosales\/profesionales\/language-assistant\/\">Information for Language Assistants<\/a><\/div>\n<\/div>\n<div>\n<div>El pasado d\u00eda 2 de octubre recibimos en nuestro colegio a la auxiliar ling\u00fc\u00edstica, Camryn. Viene de Wisconsin (USA).<\/div>\n<div>&nbsp;<\/div>\n<div><a href=\"https:\/\/blogsaverroes.juntadeandalucia.es\/colegiolosrosales\/files\/2023\/10\/CAMRYN-1.jpg\"><img loading=\"lazy\" decoding=\"async\" class=\"size-medium wp-image-2735 alignleft\" src=\"https:\/\/blogsaverroes.juntadeandalucia.es\/colegiolosrosales\/files\/2023\/10\/CAMRYN-1-300x224.jpg\" alt=\"\" width=\"300\" height=\"224\" srcset=\"https:\/\/blogsaverroes.juntadeandalucia.es\/colegiolosrosales\/files\/2023\/10\/CAMRYN-1-300x224.jpg 300w, https:\/\/blogsaverroes.juntadeandalucia.es\/colegiolosrosales\/files\/2023\/10\/CAMRYN-1-1024x766.jpg 1024w, https:\/\/blogsaverroes.juntadeandalucia.es\/colegiolosrosales\/files\/2023\/10\/CAMRYN-1-150x112.jpg 150w, https:\/\/blogsaverroes.juntadeandalucia.es\/colegiolosrosales\/files\/2023\/10\/CAMRYN-1-768x575.jpg 768w, https:\/\/blogsaverroes.juntadeandalucia.es\/colegiolosrosales\/files\/2023\/10\/CAMRYN-1-1536x1149.jpg 1536w, https:\/\/blogsaverroes.juntadeandalucia.es\/colegiolosrosales\/files\/2023\/10\/CAMRYN-1.jpg 1600w\" sizes=\"(max-width: 300px) 100vw, 300px\" \/><\/a><a href=\"https:\/\/blogsaverroes.juntadeandalucia.es\/colegiolosrosales\/files\/2023\/10\/CAMRYN-2.jpg\"><img loading=\"lazy\" decoding=\"async\" class=\"aligncenter size-medium wp-image-2736\" src=\"https:\/\/blogsaverroes.juntadeandalucia.es\/colegiolosrosales\/files\/2023\/10\/CAMRYN-2-300x224.jpg\" alt=\"\" width=\"300\" height=\"224\" srcset=\"https:\/\/blogsaverroes.juntadeandalucia.es\/colegiolosrosales\/files\/2023\/10\/CAMRYN-2-300x224.jpg 300w, https:\/\/blogsaverroes.juntadeandalucia.es\/colegiolosrosales\/files\/2023\/10\/CAMRYN-2-1024x766.jpg 1024w, https:\/\/blogsaverroes.juntadeandalucia.es\/colegiolosrosales\/files\/2023\/10\/CAMRYN-2-150x112.jpg 150w, https:\/\/blogsaverroes.juntadeandalucia.es\/colegiolosrosales\/files\/2023\/10\/CAMRYN-2-768x575.jpg 768w, https:\/\/blogsaverroes.juntadeandalucia.es\/colegiolosrosales\/files\/2023\/10\/CAMRYN-2-1536x1149.jpg 1536w, https:\/\/blogsaverroes.juntadeandalucia.es\/colegiolosrosales\/files\/2023\/10\/CAMRYN-2.jpg 1600w\" sizes=\"(max-width: 300px) 100vw, 300px\" \/><\/a><\/div>\n<\/div>\n<div>&nbsp;<\/div>\n<div class=\"seccion-inicio \">Desde el curso 2008\/2009 estamos desarrollando el Programa de centro biling\u00fce &#8211; Ingl\u00e9s.<br \/>\nEste Programa lo estamos desarrollando en las \u00e1reas de Natural Science y Social Science.<\/div>\n<div>El curso 2023\/2024 ha finalizado y nuestra auxiliar de conversaci\u00f3n, Camryn, termin\u00f3 el pasado 31 de mayo. Ha sido un placer conocerla y trabajar estos meses con ella. Ha pasado una hora a la semana con cada uno de los grupos escolares de nuestro colegio en la asignatura de Conocimiento del Medio, junto con los maestros y maestras especialistas en biling\u00fcismo.<\/div>\n<div>&nbsp;<\/div>\n<div>En este enlace se puede acceder a las diferentes presentaciones que ha creado para trabajar los contenidos de Science:<\/div>\n<div>&nbsp;<\/div>\n<div><a href=\"https:\/\/drive.google.com\/drive\/folders\/1O4tA3NR_8ESvCRmqhVF5yQ6GiWQlOfR3?usp=drive_link\" target=\"_blank\" rel=\"noopener\"><img loading=\"lazy\" decoding=\"async\" class=\"size-full wp-image-2766 alignleft\" src=\"https:\/\/blogsaverroes.juntadeandalucia.es\/colegiolosrosales\/files\/2024\/06\/SCIENCE-1.jpg\" alt=\"\" width=\"198\" height=\"255\" srcset=\"https:\/\/blogsaverroes.juntadeandalucia.es\/colegiolosrosales\/files\/2024\/06\/SCIENCE-1.jpg 198w, https:\/\/blogsaverroes.juntadeandalucia.es\/colegiolosrosales\/files\/2024\/06\/SCIENCE-1-116x150.jpg 116w\" sizes=\"(max-width: 198px) 100vw, 198px\" \/><\/a><\/div>\n<div><a href=\"https:\/\/drive.google.com\/drive\/folders\/1SDk97J3Ue3RflrhMZduwitHtiBsE6_Ur?usp=drive_link\" rel=\"noopener\"><img loading=\"lazy\" decoding=\"async\" class=\"size-full wp-image-2767 alignleft\" src=\"https:\/\/blogsaverroes.juntadeandalucia.es\/colegiolosrosales\/files\/2024\/06\/SCIENCE-2.jpg\" alt=\"\" width=\"198\" height=\"255\" srcset=\"https:\/\/blogsaverroes.juntadeandalucia.es\/colegiolosrosales\/files\/2024\/06\/SCIENCE-2.jpg 198w, https:\/\/blogsaverroes.juntadeandalucia.es\/colegiolosrosales\/files\/2024\/06\/SCIENCE-2-116x150.jpg 116w\" sizes=\"(max-width: 198px) 100vw, 198px\" \/><\/a><\/div>\n<div><a href=\"https:\/\/drive.google.com\/drive\/folders\/1_zohisdHrlHzrxgXXoZKBzk4D4nwMVwv?usp=drive_link\" target=\"_blank\" rel=\"noopener\"><img loading=\"lazy\" decoding=\"async\" class=\"size-full wp-image-2768 alignleft\" style=\"color: #0000ee\" src=\"https:\/\/blogsaverroes.juntadeandalucia.es\/colegiolosrosales\/files\/2024\/06\/SCIENCE-3.jpg\" alt=\"\" width=\"198\" height=\"255\" srcset=\"https:\/\/blogsaverroes.juntadeandalucia.es\/colegiolosrosales\/files\/2024\/06\/SCIENCE-3.jpg 198w, https:\/\/blogsaverroes.juntadeandalucia.es\/colegiolosrosales\/files\/2024\/06\/SCIENCE-3-116x150.jpg 116w\" sizes=\"(max-width: 198px) 100vw, 198px\" \/><\/a><\/div>\n<div>&nbsp;<\/div>\n<div>&nbsp;<\/div>\n<div>&nbsp;<\/div>\n<div>&nbsp;<\/div>\n<div>&nbsp;<\/div>\n<div>&nbsp;<\/div>\n<div>&nbsp;<\/div>\n<div>&nbsp;<\/div>\n<div>&nbsp;<\/div>\n<div>&nbsp;<\/div>\n<div>&nbsp;<\/div>\n<div>&nbsp;<\/div>\n<div>&nbsp;<\/div>\n<div><a href=\"https:\/\/drive.google.com\/drive\/folders\/1X5ULmZOmrGevz6xz655NdM2VpioW1Yo-?usp=drive_link\" target=\"_blank\" rel=\"noopener\"><img loading=\"lazy\" decoding=\"async\" class=\"size-full wp-image-2769 alignleft\" src=\"https:\/\/blogsaverroes.juntadeandalucia.es\/colegiolosrosales\/files\/2024\/06\/SCIENCE-4.jpg\" alt=\"\" width=\"198\" height=\"255\" srcset=\"https:\/\/blogsaverroes.juntadeandalucia.es\/colegiolosrosales\/files\/2024\/06\/SCIENCE-4.jpg 198w, https:\/\/blogsaverroes.juntadeandalucia.es\/colegiolosrosales\/files\/2024\/06\/SCIENCE-4-116x150.jpg 116w\" sizes=\"(max-width: 198px) 100vw, 198px\" \/><\/a><\/div>\n<div><a href=\"https:\/\/drive.google.com\/drive\/folders\/1drULKFBWwiPcrM7JiwvUoqcJ9M1bKeEs?usp=drive_link\" target=\"_blank\" rel=\"noopener\"><img loading=\"lazy\" decoding=\"async\" class=\"size-full wp-image-2770 alignleft\" src=\"https:\/\/blogsaverroes.juntadeandalucia.es\/colegiolosrosales\/files\/2024\/06\/SCIENCE-5.jpg\" alt=\"\" width=\"198\" height=\"255\" srcset=\"https:\/\/blogsaverroes.juntadeandalucia.es\/colegiolosrosales\/files\/2024\/06\/SCIENCE-5.jpg 198w, https:\/\/blogsaverroes.juntadeandalucia.es\/colegiolosrosales\/files\/2024\/06\/SCIENCE-5-116x150.jpg 116w\" sizes=\"(max-width: 198px) 100vw, 198px\" \/><\/a><\/div>\n<div><a href=\"https:\/\/drive.google.com\/drive\/folders\/18VEk59IwXJuGdg4B1P7oVAEGQuQdr_kk?usp=drive_link\" target=\"_blank\" rel=\"noopener\"><img loading=\"lazy\" decoding=\"async\" class=\"size-full wp-image-2771 alignleft\" src=\"https:\/\/blogsaverroes.juntadeandalucia.es\/colegiolosrosales\/files\/2024\/06\/SCIENCE-6.jpg\" alt=\"\" width=\"198\" height=\"255\" srcset=\"https:\/\/blogsaverroes.juntadeandalucia.es\/colegiolosrosales\/files\/2024\/06\/SCIENCE-6.jpg 198w, https:\/\/blogsaverroes.juntadeandalucia.es\/colegiolosrosales\/files\/2024\/06\/SCIENCE-6-116x150.jpg 116w\" sizes=\"(max-width: 198px) 100vw, 198px\" \/><\/div>\n<div>&nbsp;<\/div>\n<div>&nbsp;<\/div>\n<div>&nbsp;<\/div>\n<div>&nbsp;<\/div>\n<div>&nbsp;<\/div>\n<div>&nbsp;<\/div>\n<div>&nbsp;<\/div>\n<div>&nbsp;<\/div>\n<div>&nbsp;<\/div>\n<div>&nbsp;<\/div>\n<div>&nbsp;<\/div>\n<div>&nbsp;<\/div>\n<div class=\"seccion-inicio \">\n<table class=\"tabla-centrada\">\n<tbody>\n<tr>\n<td><a title=\"Pulse para visualizar el documento, se abrir\u00e1 en una nueva ventana\" href=\"https:\/\/drive.google.com\/file\/d\/1CzoMr7v6gZTL0Ash0dLHNnNQ9Jl3qFrp\/view?usp=drive_link\" target=\"_blank\" rel=\"noopener noreferrer\"><span style=\"color: #216b14\">Information Sheet for Language Assistants<\/span><\/a><\/td>\n<td><a title=\"Pulse para visualizar el documento, se abrir\u00e1 en una nueva ventana\" href=\"https:\/\/drive.google.com\/file\/d\/1QsX3SHdwpuxS4TmIDq0zZx4MUFoJy0CQ\/view?usp=drive_link\" target=\"_blank\" rel=\"noopener noreferrer\"><span style=\"color: #216b14\">Ficha de Informaci\u00f3n para Auxiliares de Conversaci\u00f3n<\/span><\/a><\/td>\n<\/tr>\n<tr>\n<td><a href=\"https:\/\/aee.educacionfpydeportes.gob.es\/recursos\/publicaciones\/guias\/auxiliares-conversacion.html\" target=\"_blank\" rel=\"noopener noreferrer\"><span style=\"color: #216b14\">Language Assistants Guide. Language Assistants in Spain<\/span><\/a><\/td>\n<td><a href=\"https:\/\/aee.educacionfpydeportes.gob.es\/recursos\/publicaciones\/guias\/auxiliares-conversacion.html\" target=\"_blank\" rel=\"noopener noreferrer\"><span style=\"color: #216b14\">Gu\u00eda del Auxiliar. Auxiliares de Conversaci\u00f3n en Espa\u00f1a<\/span><\/a><\/td>\n<\/tr>\n<tr>\n<td><a href=\"https:\/\/www.uhu.es\/comunicacion\/sites\/comunicacion\/files\/2023-05\/University%20Tourist%20Guide_ENgl.pdf\" target=\"_blank\" rel=\"noopener noreferrer\"><span style=\"color: #216b14\">University Tourist Guide_ENgl.pdf<\/span><\/a><\/td>\n<td><a href=\"https:\/\/www.uhu.es\/comunicacion\/sites\/comunicacion\/files\/2023-05\/Guia%20Turistica_ESpanol.pdf\" target=\"_blank\" rel=\"noopener noreferrer\"><span style=\"color: #216b14\">Guia Turistica_Espanol.pdf<\/span><\/a><\/td>\n<\/tr>\n<\/tbody>\n<\/table>\n<\/div>\n","protected":false},"excerpt":{"rendered":"<p>Informaci\u00f3n para Auxiliares de Conversaci\u00f3n Information for Language Assistants El pasado d\u00eda 2 de octubre recibimos en nuestro colegio a la auxiliar ling\u00fc\u00edstica, Camryn. Viene&hellip;<\/p>\n","protected":false},"author":5962,"featured_media":2299,"parent":0,"menu_order":0,"comment_status":"closed","ping_status":"closed","template":"","meta":{"_exactmetrics_skip_tracking":false,"_exactmetrics_sitenote_active":false,"_exactmetrics_sitenote_note":"","_exactmetrics_sitenote_category":0,"ngg_post_thumbnail":0,"footnotes":""},"aioseo_notices":[],"_links":{"self":[{"href":"https:\/\/blogsaverroes.juntadeandalucia.es\/colegiolosrosales\/wp-json\/wp\/v2\/pages\/2246"}],"collection":[{"href":"https:\/\/blogsaverroes.juntadeandalucia.es\/colegiolosrosales\/wp-json\/wp\/v2\/pages"}],"about":[{"href":"https:\/\/blogsaverroes.juntadeandalucia.es\/colegiolosrosales\/wp-json\/wp\/v2\/types\/page"}],"author":[{"embeddable":true,"href":"https:\/\/blogsaverroes.juntadeandalucia.es\/colegiolosrosales\/wp-json\/wp\/v2\/users\/5962"}],"replies":[{"embeddable":true,"href":"https:\/\/blogsaverroes.juntadeandalucia.es\/colegiolosrosales\/wp-json\/wp\/v2\/comments?post=2246"}],"version-history":[{"count":46,"href":"https:\/\/blogsaverroes.juntadeandalucia.es\/colegiolosrosales\/wp-json\/wp\/v2\/pages\/2246\/revisions"}],"predecessor-version":[{"id":4949,"href":"https:\/\/blogsaverroes.juntadeandalucia.es\/colegiolosrosales\/wp-json\/wp\/v2\/pages\/2246\/revisions\/4949"}],"wp:featuredmedia":[{"embeddable":true,"href":"https:\/\/blogsaverroes.juntadeandalucia.es\/colegiolosrosales\/wp-json\/wp\/v2\/media\/2299"}],"wp:attachment":[{"href":"https:\/\/blogsaverroes.juntadeandalucia.es\/colegiolosrosales\/wp-json\/wp\/v2\/media?parent=2246"}],"curies":[{"name":"wp","href":"https:\/\/api.w.org\/{rel}","templated":true}]}}