{"id":2742,"date":"2023-11-09T09:10:10","date_gmt":"2023-11-09T09:10:10","guid":{"rendered":"https:\/\/blogsaverroes.juntadeandalucia.es\/colegiolosrosales\/?page_id=2742"},"modified":"2023-11-09T09:17:43","modified_gmt":"2023-11-09T09:17:43","slug":"aula-djaque","status":"publish","type":"page","link":"https:\/\/blogsaverroes.juntadeandalucia.es\/colegiolosrosales\/aula-djaque\/","title":{"rendered":"Aula Djaque"},"content":{"rendered":"<p style=\"text-align: center\"><a href=\"https:\/\/blogsaverroes.juntadeandalucia.es\/colegiolosrosales\/files\/2023\/11\/AJEDREZ.jpg\"><img loading=\"lazy\" decoding=\"async\" class=\"aligncenter size-medium wp-image-2743\" src=\"https:\/\/blogsaverroes.juntadeandalucia.es\/colegiolosrosales\/files\/2023\/11\/AJEDREZ-300x200.jpg\" alt=\"\" width=\"300\" height=\"200\" srcset=\"https:\/\/blogsaverroes.juntadeandalucia.es\/colegiolosrosales\/files\/2023\/11\/AJEDREZ-300x200.jpg 300w, https:\/\/blogsaverroes.juntadeandalucia.es\/colegiolosrosales\/files\/2023\/11\/AJEDREZ-150x100.jpg 150w, https:\/\/blogsaverroes.juntadeandalucia.es\/colegiolosrosales\/files\/2023\/11\/AJEDREZ.jpg 626w\" sizes=\"(max-width: 300px) 100vw, 300px\" \/><\/a><\/p>\n<p>Este curso estamos comenzando un nuevo proyecto en el colegio de Ajedrez con nuestro alumnado. Se ha empezado a implementar con los alumnos y alumnas de 5\u00ba curso y poco a poco lo iremos ampliando al resto. En este enlace podr\u00e9is acceder a una web con v\u00eddeos explicativos, apps disponibles para descargarlas en el m\u00f3vil u ordenador, trucos, recursos, etc.<\/p>\n<p>Os animamos a echarla un vistazo y probar:<\/p>\n<p>https:sites.google.com\/g.educaand.es\/ceprlosrosales\/men%C3%BA<\/p>\n","protected":false},"excerpt":{"rendered":"<p>Este curso estamos comenzando un nuevo proyecto en el colegio de Ajedrez con nuestro alumnado. Se ha empezado a implementar con los alumnos y alumnas&hellip;<\/p>\n","protected":false},"author":5962,"featured_media":0,"parent":0,"menu_order":0,"comment_status":"closed","ping_status":"closed","template":"","meta":{"_exactmetrics_skip_tracking":false,"_exactmetrics_sitenote_active":false,"_exactmetrics_sitenote_note":"","_exactmetrics_sitenote_category":0,"ngg_post_thumbnail":0,"footnotes":""},"aioseo_notices":[],"_links":{"self":[{"href":"https:\/\/blogsaverroes.juntadeandalucia.es\/colegiolosrosales\/wp-json\/wp\/v2\/pages\/2742"}],"collection":[{"href":"https:\/\/blogsaverroes.juntadeandalucia.es\/colegiolosrosales\/wp-json\/wp\/v2\/pages"}],"about":[{"href":"https:\/\/blogsaverroes.juntadeandalucia.es\/colegiolosrosales\/wp-json\/wp\/v2\/types\/page"}],"author":[{"embeddable":true,"href":"https:\/\/blogsaverroes.juntadeandalucia.es\/colegiolosrosales\/wp-json\/wp\/v2\/users\/5962"}],"replies":[{"embeddable":true,"href":"https:\/\/blogsaverroes.juntadeandalucia.es\/colegiolosrosales\/wp-json\/wp\/v2\/comments?post=2742"}],"version-history":[{"count":1,"href":"https:\/\/blogsaverroes.juntadeandalucia.es\/colegiolosrosales\/wp-json\/wp\/v2\/pages\/2742\/revisions"}],"predecessor-version":[{"id":2744,"href":"https:\/\/blogsaverroes.juntadeandalucia.es\/colegiolosrosales\/wp-json\/wp\/v2\/pages\/2742\/revisions\/2744"}],"wp:attachment":[{"href":"https:\/\/blogsaverroes.juntadeandalucia.es\/colegiolosrosales\/wp-json\/wp\/v2\/media?parent=2742"}],"curies":[{"name":"wp","href":"https:\/\/api.w.org\/{rel}","templated":true}]}}