{"id":2757,"date":"2024-04-30T21:17:45","date_gmt":"2024-04-30T21:17:45","guid":{"rendered":"https:\/\/blogsaverroes.juntadeandalucia.es\/colegiolosrosales\/?page_id=2757"},"modified":"2025-10-01T11:17:41","modified_gmt":"2025-10-01T11:17:41","slug":"proyecto-retotech-endesa","status":"publish","type":"page","link":"https:\/\/blogsaverroes.juntadeandalucia.es\/colegiolosrosales\/proyecto-retotech-endesa\/","title":{"rendered":"Proyecto Retotech Endesa"},"content":{"rendered":"<p>El pasado 20 de mayo una representaci\u00f3n de nuestro colegio acudi\u00f3 al Festival Retotech celebrado en M\u00e1laga. Todos volvieron encantados con la experiencia, a pesar de que nuestra maqueta no gan\u00f3. Sin embargo, lo importante es participar y seguir aprendiendo.<br \/>\nOs dejamos el v\u00eddeo con la explicaci\u00f3n de la maqueta que presentamos:<\/p>\n<p><iframe loading=\"lazy\" title=\"COLEGIO LOS ROSALES\" width=\"843\" height=\"474\" src=\"https:\/\/www.youtube.com\/embed\/rHfaGBiZkbE?feature=oembed\" frameborder=\"0\" allow=\"accelerometer; autoplay; clipboard-write; encrypted-media; gyroscope; picture-in-picture; web-share\" referrerpolicy=\"strict-origin-when-cross-origin\" allowfullscreen><\/iframe><\/p>\n<p>Una vez terminada la formaci\u00f3n de la parte de rob\u00f3tica y programaci\u00f3n de bloques en Bitbloq, hemos realizado un v\u00eddeo para contar c\u00f3mo hemos trabajado hasta ahora con el kit y en qu\u00e9 va a consistir nuestra maqueta con la que participaremos en el pr\u00f3ximo festival de mayo en M\u00e1laga. Este es nuestro v\u00eddeo:<\/p>\n<p><iframe loading=\"lazy\" title=\"EMOCI\u00d3METRO O D S\" width=\"843\" height=\"474\" src=\"https:\/\/www.youtube.com\/embed\/4lw1fSIQnpY?feature=oembed\" frameborder=\"0\" allow=\"accelerometer; autoplay; clipboard-write; encrypted-media; gyroscope; picture-in-picture; web-share\" referrerpolicy=\"strict-origin-when-cross-origin\" allowfullscreen><\/iframe><\/p>\n<p>Por segundo a\u00f1o consecutivo la Fundaci\u00f3n Endesa, dentro de su Proyeto Retotech, ha concedido a nuestro colegio la posibilidad de poder participar en su X edici\u00f3n. Para conseguirlo, el alumnado de 5\u00ba curso grab\u00f3 un v\u00eddeo con nuestra candidatura:<\/p>\n<p><iframe loading=\"lazy\" title=\"Video Participaci\u00f3n Retotech\" width=\"843\" height=\"474\" src=\"https:\/\/www.youtube.com\/embed\/9I9BTf2IUW0?feature=oembed\" frameborder=\"0\" allow=\"accelerometer; autoplay; clipboard-write; encrypted-media; gyroscope; picture-in-picture; web-share\" referrerpolicy=\"strict-origin-when-cross-origin\" allowfullscreen><\/iframe><\/p>\n<p><a href=\"https:\/\/blogsaverroes.juntadeandalucia.es\/colegiolosrosales\/files\/2025\/02\/Retotech-2024_2025.pdf\">Retotech-2024_2025<\/a><\/p>\n<p><a href=\"https:\/\/blogsaverroes.juntadeandalucia.es\/colegiolosrosales\/files\/2024\/04\/ENDESA.png\"><img loading=\"lazy\" decoding=\"async\" class=\"aligncenter size-medium wp-image-2758\" src=\"https:\/\/blogsaverroes.juntadeandalucia.es\/colegiolosrosales\/files\/2024\/04\/ENDESA-300x27.png\" alt=\"\" width=\"300\" height=\"27\" srcset=\"https:\/\/blogsaverroes.juntadeandalucia.es\/colegiolosrosales\/files\/2024\/04\/ENDESA-300x27.png 300w, https:\/\/blogsaverroes.juntadeandalucia.es\/colegiolosrosales\/files\/2024\/04\/ENDESA-150x14.png 150w, https:\/\/blogsaverroes.juntadeandalucia.es\/colegiolosrosales\/files\/2024\/04\/ENDESA.png 764w\" sizes=\"(max-width: 300px) 100vw, 300px\" \/><\/a><\/p>\n<p style=\"text-align: justify\">Este curso 2023\/2024 nuestro colegio fue seleccionado para participar en el Proyecto Retotech que organiza Endesa. Gracias a ellos ahora tenemos kits de rob\u00f3tica y una impresora 3D.&nbsp;<\/p>\n<p style=\"text-align: justify\">La coordinadora del proyecto ha sido la maestra Noelia, tutora de 4\u00ba A. En una primera fase ha recibido formaci\u00f3n semipresencial tanto de Rob\u00f3tica, Programaci\u00f3n e Impresi\u00f3n 3D. Y despu\u00e9s se la ha trasladado al alumnado (primero a los de su tutor\u00eda y despu\u00e9s al alumnado del Tercer Ciclo que de forma voluntaria ha querido participar durante los recreos).<\/p>\n<p style=\"text-align: justify\">El pr\u00f3ximo 17 de junio se celebrar\u00e1 un festival en M\u00e1laga, donde todos los centros participantes iremos a presentar al resto nuestro proyecto.<\/p>\n","protected":false},"excerpt":{"rendered":"<p>El pasado 20 de mayo una representaci\u00f3n de nuestro colegio acudi\u00f3 al Festival Retotech celebrado en M\u00e1laga. Todos volvieron encantados con la experiencia, a pesar&hellip;<\/p>\n","protected":false},"author":5962,"featured_media":0,"parent":0,"menu_order":0,"comment_status":"closed","ping_status":"closed","template":"","meta":{"_exactmetrics_skip_tracking":false,"_exactmetrics_sitenote_active":false,"_exactmetrics_sitenote_note":"","_exactmetrics_sitenote_category":0,"ngg_post_thumbnail":0,"footnotes":""},"aioseo_notices":[],"_links":{"self":[{"href":"https:\/\/blogsaverroes.juntadeandalucia.es\/colegiolosrosales\/wp-json\/wp\/v2\/pages\/2757"}],"collection":[{"href":"https:\/\/blogsaverroes.juntadeandalucia.es\/colegiolosrosales\/wp-json\/wp\/v2\/pages"}],"about":[{"href":"https:\/\/blogsaverroes.juntadeandalucia.es\/colegiolosrosales\/wp-json\/wp\/v2\/types\/page"}],"author":[{"embeddable":true,"href":"https:\/\/blogsaverroes.juntadeandalucia.es\/colegiolosrosales\/wp-json\/wp\/v2\/users\/5962"}],"replies":[{"embeddable":true,"href":"https:\/\/blogsaverroes.juntadeandalucia.es\/colegiolosrosales\/wp-json\/wp\/v2\/comments?post=2757"}],"version-history":[{"count":13,"href":"https:\/\/blogsaverroes.juntadeandalucia.es\/colegiolosrosales\/wp-json\/wp\/v2\/pages\/2757\/revisions"}],"predecessor-version":[{"id":5356,"href":"https:\/\/blogsaverroes.juntadeandalucia.es\/colegiolosrosales\/wp-json\/wp\/v2\/pages\/2757\/revisions\/5356"}],"wp:attachment":[{"href":"https:\/\/blogsaverroes.juntadeandalucia.es\/colegiolosrosales\/wp-json\/wp\/v2\/media?parent=2757"}],"curies":[{"name":"wp","href":"https:\/\/api.w.org\/{rel}","templated":true}]}}