{"id":33,"date":"2018-02-23T12:34:59","date_gmt":"2018-02-23T12:34:59","guid":{"rendered":"https:\/\/blogsaverroes.juntadeandalucia.es\/colegiolosrosales\/?page_id=33"},"modified":"2025-06-01T13:53:41","modified_gmt":"2025-06-01T13:53:41","slug":"biblioteca","status":"publish","type":"page","link":"https:\/\/blogsaverroes.juntadeandalucia.es\/colegiolosrosales\/biblioteca\/","title":{"rendered":"Biblioteca"},"content":{"rendered":"<p style=\"text-align: center\"><span style=\"font-family: 'comic sans ms', sans-serif;font-size: 18pt\">El d\u00eda 24 de octubre se celebra en Espa\u00f1a el D\u00eda de La Biblioteca, as\u00ed que disfrutadlo con un buen libro.<\/span><\/p>\n<div style=\"width: 843px;\" class=\"wp-video\"><!--[if lt IE 9]><script>document.createElement('video');<\/script><![endif]-->\n<video class=\"wp-video-shortcode\" id=\"video-33-1\" width=\"843\" height=\"477\" preload=\"metadata\" controls=\"controls\"><source type=\"video\/mp4\" src=\"https:\/\/blogsaverroes.juntadeandalucia.es\/colegiolosrosales\/files\/2023\/10\/VID-20231023-WA0008.mp4?_=1\" \/><a href=\"https:\/\/blogsaverroes.juntadeandalucia.es\/colegiolosrosales\/files\/2023\/10\/VID-20231023-WA0008.mp4\">https:\/\/blogsaverroes.juntadeandalucia.es\/colegiolosrosales\/files\/2023\/10\/VID-20231023-WA0008.mp4<\/a><\/video><\/div>\n<div class=\"grid_200\">\n<div>\n<a title=\"Hoja informativa de la Biblioteca. Pulse para visualizar el documento, se abrir\u00e1 en una nueva ventana\" href=\"https:\/\/blogsaverroes.juntadeandalucia.es\/colegiolosrosales\/files\/2019\/10\/Hoja-informativa.pdf\" target=\"_blank\" rel=\"noopener noreferrer\"><img decoding=\"async\" class=\"imagen-centrada\" src=\"https:\/\/blogsaverroes.juntadeandalucia.es\/colegiolosrosales\/files\/2019\/10\/Hoja-informativa.jpg\" alt=\"Hoja informativa de la Biblioteca\" height=\"300\"><\/a>\n<\/div>\n<div>\n<a title=\"Gu\u00eda de uso de la Biblioteca Escolar. Pulse para visualizar el documento, se abrir\u00e1 en una nueva ventana\" href=\"https:\/\/blogsaverroes.juntadeandalucia.es\/colegiolosrosales\/files\/2019\/03\/Gu\u00eda-de-uso.pdf\" target=\"_blank\" rel=\"noopener noreferrer\"><img decoding=\"async\" class=\"imagen-centrada\" src=\"https:\/\/blogsaverroes.juntadeandalucia.es\/colegiolosrosales\/files\/2019\/10\/Gu\u00eda-de-uso.jpg\" alt=\"Gu\u00eda de uso de la Biblioteca Escolar\" height=\"300\"><\/a>\n<\/div>\n<\/div>\n","protected":false},"excerpt":{"rendered":"<p>El d\u00eda 24 de octubre se celebra en Espa\u00f1a el D\u00eda de La Biblioteca, as\u00ed que disfrutadlo con un buen libro.<\/p>\n","protected":false},"author":5962,"featured_media":0,"parent":0,"menu_order":0,"comment_status":"closed","ping_status":"closed","template":"","meta":{"_exactmetrics_skip_tracking":false,"_exactmetrics_sitenote_active":false,"_exactmetrics_sitenote_note":"","_exactmetrics_sitenote_category":0,"ngg_post_thumbnail":0,"footnotes":""},"aioseo_notices":[],"_links":{"self":[{"href":"https:\/\/blogsaverroes.juntadeandalucia.es\/colegiolosrosales\/wp-json\/wp\/v2\/pages\/33"}],"collection":[{"href":"https:\/\/blogsaverroes.juntadeandalucia.es\/colegiolosrosales\/wp-json\/wp\/v2\/pages"}],"about":[{"href":"https:\/\/blogsaverroes.juntadeandalucia.es\/colegiolosrosales\/wp-json\/wp\/v2\/types\/page"}],"author":[{"embeddable":true,"href":"https:\/\/blogsaverroes.juntadeandalucia.es\/colegiolosrosales\/wp-json\/wp\/v2\/users\/5962"}],"replies":[{"embeddable":true,"href":"https:\/\/blogsaverroes.juntadeandalucia.es\/colegiolosrosales\/wp-json\/wp\/v2\/comments?post=33"}],"version-history":[{"count":13,"href":"https:\/\/blogsaverroes.juntadeandalucia.es\/colegiolosrosales\/wp-json\/wp\/v2\/pages\/33\/revisions"}],"predecessor-version":[{"id":4971,"href":"https:\/\/blogsaverroes.juntadeandalucia.es\/colegiolosrosales\/wp-json\/wp\/v2\/pages\/33\/revisions\/4971"}],"wp:attachment":[{"href":"https:\/\/blogsaverroes.juntadeandalucia.es\/colegiolosrosales\/wp-json\/wp\/v2\/media?parent=33"}],"curies":[{"name":"wp","href":"https:\/\/api.w.org\/{rel}","templated":true}]}}