{"id":4138,"date":"2025-04-30T15:27:10","date_gmt":"2025-04-30T15:27:10","guid":{"rendered":"https:\/\/blogsaverroes.juntadeandalucia.es\/colegiolosrosales\/?page_id=4138"},"modified":"2025-05-22T11:35:30","modified_gmt":"2025-05-22T11:35:30","slug":"secretaria-virtual","status":"publish","type":"page","link":"https:\/\/blogsaverroes.juntadeandalucia.es\/colegiolosrosales\/secretaria-virtual\/","title":{"rendered":"Secretar\u00eda Virtual"},"content":{"rendered":"<h3 style=\"text-align: left;border-bottom: solid 1px #084184\">Secretar\u00eda Virtual<\/h3>\n<p><a title=\"Se abrir\u00e1 en una nueva ventana\" href=\"https:\/\/www.juntadeandalucia.es\/educacion\/secretariavirtual\/\" target=\"_blank\" rel=\"noopener noreferrer\">Acceso a la Secretar\u00eda Virtual de los centros docentes andaluces<\/a><\/p>\n<h3 style=\"text-align: left;border-bottom: solid 1px #084184\">Acceso a Tr\u00e1mites<\/h3>\n<p><a title=\"Se abrir\u00e1 en una nueva ventana\" href=\"https:\/\/www.juntadeandalucia.es\/educacion\/secretariavirtual\/accesoTramite\/462\/\" target=\"_blank\" rel=\"noopener noreferrer\">Acceso a Presentaci\u00f3n Electr\u00f3nica General en Centros Educativos<\/a><\/p>\n<h3 style=\"text-align: left;border-bottom: solid 1px #084184\">Admisi\u00f3n<\/h3>\n<p><a title=\"Se abrir\u00e1 en una nueva ventana\" href=\"https:\/\/www.juntadeandalucia.es\/educacion\/secretariavirtual\/accesoTramite\/543\/\" target=\"_blank\" rel=\"noopener noreferrer\">Solicitud de admisi\u00f3n (En los plazos establecidos)<\/a><\/p>\n<h3 style=\"text-align: left;border-bottom: solid 1px #084184\">Matr\u00edcula<\/h3>\n<p><a title=\"Se abrir\u00e1 en una nueva ventana\" href=\"https:\/\/www.juntadeandalucia.es\/educacion\/secretariavirtual\/accesoTramite\/365\/\" target=\"_blank\" rel=\"noopener noreferrer\">Matr\u00edcula (En los plazos establecidos)<\/a><\/p>\n<h3 style=\"text-align: left;border-bottom: solid 1px #084184\">Bonificaci\u00f3n<\/h3>\n<p><a title=\"Se abrir\u00e1 en una nueva ventana\" href=\"https:\/\/www.juntadeandalucia.es\/educacion\/secretariavirtual\/accesoConsultas\/1831\/\" target=\"_blank\" rel=\"noopener noreferrer\">Bonificaci\u00f3n en los Servicios (En los plazos establecidos)<\/a><\/p>\n","protected":false},"excerpt":{"rendered":"<p>Secretar\u00eda Virtual Acceso a la Secretar\u00eda Virtual de los centros docentes andaluces Acceso a Tr\u00e1mites Acceso a Presentaci\u00f3n Electr\u00f3nica General en Centros Educativos Admisi\u00f3n Solicitud&hellip;<\/p>\n","protected":false},"author":5962,"featured_media":0,"parent":0,"menu_order":0,"comment_status":"closed","ping_status":"closed","template":"","meta":{"_exactmetrics_skip_tracking":false,"_exactmetrics_sitenote_active":false,"_exactmetrics_sitenote_note":"","_exactmetrics_sitenote_category":0,"ngg_post_thumbnail":0,"footnotes":""},"aioseo_notices":[],"_links":{"self":[{"href":"https:\/\/blogsaverroes.juntadeandalucia.es\/colegiolosrosales\/wp-json\/wp\/v2\/pages\/4138"}],"collection":[{"href":"https:\/\/blogsaverroes.juntadeandalucia.es\/colegiolosrosales\/wp-json\/wp\/v2\/pages"}],"about":[{"href":"https:\/\/blogsaverroes.juntadeandalucia.es\/colegiolosrosales\/wp-json\/wp\/v2\/types\/page"}],"author":[{"embeddable":true,"href":"https:\/\/blogsaverroes.juntadeandalucia.es\/colegiolosrosales\/wp-json\/wp\/v2\/users\/5962"}],"replies":[{"embeddable":true,"href":"https:\/\/blogsaverroes.juntadeandalucia.es\/colegiolosrosales\/wp-json\/wp\/v2\/comments?post=4138"}],"version-history":[{"count":13,"href":"https:\/\/blogsaverroes.juntadeandalucia.es\/colegiolosrosales\/wp-json\/wp\/v2\/pages\/4138\/revisions"}],"predecessor-version":[{"id":4812,"href":"https:\/\/blogsaverroes.juntadeandalucia.es\/colegiolosrosales\/wp-json\/wp\/v2\/pages\/4138\/revisions\/4812"}],"wp:attachment":[{"href":"https:\/\/blogsaverroes.juntadeandalucia.es\/colegiolosrosales\/wp-json\/wp\/v2\/media?parent=4138"}],"curies":[{"name":"wp","href":"https:\/\/api.w.org\/{rel}","templated":true}]}}