{"id":664,"date":"2019-03-07T08:26:24","date_gmt":"2019-03-07T08:26:24","guid":{"rendered":"https:\/\/blogsaverroes.juntadeandalucia.es\/colegiolosrosales\/?page_id=664"},"modified":"2025-04-23T13:41:49","modified_gmt":"2025-04-23T13:41:49","slug":"historia","status":"publish","type":"page","link":"https:\/\/blogsaverroes.juntadeandalucia.es\/colegiolosrosales\/historia\/","title":{"rendered":"Historia"},"content":{"rendered":"<p>Nuestro Colegio, ubicado en la barriada de Huelva del mismo nombre, comienza su andadura en el curso 1980\/1981 en unos m\u00f3dulos prefabricados.<\/p>\n<p>Es en el curso 1982\/1983 cuando se inaugura el edificio actual.<\/p>\n<p>Posteriormente, al hacerse la barriada m\u00e1s grande y crecer su poblaci\u00f3n, se construye un nuevo edificio, que posteriormente se segregar\u00eda pasando a ser un colegio aut\u00f3nomo (Colegio Al-Andalus).<\/p>\n<p>Aqui se estudia Educaci\u00f3n Primaria, a menos de 50 metros est\u00e1 la Escuela de Educaci\u00f3n Infantil \u00abLas Salinas\u00bb, adscrita a nuestro centro, cuyos alumnos, al terminar, pasan a nuestro Centro sin necesidad de solicitar plaza.<\/p>\n<p>Estamos adscritos al <a title=\"I.E.S. Jose Caballero [nueva ventana]\" href=\"http:\/\/www.iesjosecaballero.es\/web\/\" target=\"_blank\" rel=\"noopener\"><span class=\"negrita\">I.E.S. Jose Caballero<\/span><\/a>, as\u00ed, los alumnos que deseen estudiar la E.S.O. en dicho Instituto no necesitan solicitar plaza.<\/p>\n<p>El edificio de nuestro centro tiene tres plantas. Adem\u00e1s tenemos tres pistas polideportivas.<\/p>\n","protected":false},"excerpt":{"rendered":"<p>Nuestro Colegio, ubicado en la barriada de Huelva del mismo nombre, comienza su andadura en el curso 1980\/1981 en unos m\u00f3dulos prefabricados. Es en el&hellip;<\/p>\n","protected":false},"author":5962,"featured_media":1153,"parent":0,"menu_order":0,"comment_status":"closed","ping_status":"closed","template":"","meta":{"_exactmetrics_skip_tracking":false,"_exactmetrics_sitenote_active":false,"_exactmetrics_sitenote_note":"","_exactmetrics_sitenote_category":0,"ngg_post_thumbnail":0,"footnotes":""},"aioseo_notices":[],"_links":{"self":[{"href":"https:\/\/blogsaverroes.juntadeandalucia.es\/colegiolosrosales\/wp-json\/wp\/v2\/pages\/664"}],"collection":[{"href":"https:\/\/blogsaverroes.juntadeandalucia.es\/colegiolosrosales\/wp-json\/wp\/v2\/pages"}],"about":[{"href":"https:\/\/blogsaverroes.juntadeandalucia.es\/colegiolosrosales\/wp-json\/wp\/v2\/types\/page"}],"author":[{"embeddable":true,"href":"https:\/\/blogsaverroes.juntadeandalucia.es\/colegiolosrosales\/wp-json\/wp\/v2\/users\/5962"}],"replies":[{"embeddable":true,"href":"https:\/\/blogsaverroes.juntadeandalucia.es\/colegiolosrosales\/wp-json\/wp\/v2\/comments?post=664"}],"version-history":[{"count":8,"href":"https:\/\/blogsaverroes.juntadeandalucia.es\/colegiolosrosales\/wp-json\/wp\/v2\/pages\/664\/revisions"}],"predecessor-version":[{"id":1158,"href":"https:\/\/blogsaverroes.juntadeandalucia.es\/colegiolosrosales\/wp-json\/wp\/v2\/pages\/664\/revisions\/1158"}],"wp:featuredmedia":[{"embeddable":true,"href":"https:\/\/blogsaverroes.juntadeandalucia.es\/colegiolosrosales\/wp-json\/wp\/v2\/media\/1153"}],"wp:attachment":[{"href":"https:\/\/blogsaverroes.juntadeandalucia.es\/colegiolosrosales\/wp-json\/wp\/v2\/media?parent=664"}],"curies":[{"name":"wp","href":"https:\/\/api.w.org\/{rel}","templated":true}]}}